{"id":98,"date":"2026-01-14T11:47:04","date_gmt":"2026-01-14T11:47:04","guid":{"rendered":"https:\/\/uusi.kompressorikeskus.fi\/?page_id=98"},"modified":"2026-03-29T17:26:39","modified_gmt":"2026-03-29T17:26:39","slug":"tarjoukset","status":"publish","type":"page","link":"https:\/\/kompressorikeskus.fi\/?page_id=98","title":{"rendered":"Tarjoukset"},"content":{"rendered":"\n<div class=\"wp-block-media-text is-stacked-on-mobile\" style=\"grid-template-columns:54% auto\"><figure class=\"wp-block-media-text__media\"><img loading=\"lazy\" decoding=\"async\" width=\"1000\" height=\"750\" src=\"https:\/\/kompressorikeskus.fi\/wp-content\/uploads\/2026\/03\/comet-cvp-130-pem-wet-and-dry-vacuum-cleaner-30-l-drum-professional-series-comet-cvp-130-pem-wet-and-dry-vacuum-cleaner-33088_0_1645113310_IMG_620e6fde14be2.jpg\" alt=\"\" class=\"wp-image-323 size-full\" srcset=\"https:\/\/kompressorikeskus.fi\/wp-content\/uploads\/2026\/03\/comet-cvp-130-pem-wet-and-dry-vacuum-cleaner-30-l-drum-professional-series-comet-cvp-130-pem-wet-and-dry-vacuum-cleaner-33088_0_1645113310_IMG_620e6fde14be2.jpg 1000w, https:\/\/kompressorikeskus.fi\/wp-content\/uploads\/2026\/03\/comet-cvp-130-pem-wet-and-dry-vacuum-cleaner-30-l-drum-professional-series-comet-cvp-130-pem-wet-and-dry-vacuum-cleaner-33088_0_1645113310_IMG_620e6fde14be2-300x225.jpg 300w, https:\/\/kompressorikeskus.fi\/wp-content\/uploads\/2026\/03\/comet-cvp-130-pem-wet-and-dry-vacuum-cleaner-30-l-drum-professional-series-comet-cvp-130-pem-wet-and-dry-vacuum-cleaner-33088_0_1645113310_IMG_620e6fde14be2-768x576.jpg 768w, https:\/\/kompressorikeskus.fi\/wp-content\/uploads\/2026\/03\/comet-cvp-130-pem-wet-and-dry-vacuum-cleaner-30-l-drum-professional-series-comet-cvp-130-pem-wet-and-dry-vacuum-cleaner-33088_0_1645113310_IMG_620e6fde14be2-600x450.jpg 600w\" sizes=\"auto, (max-width: 1000px) 100vw, 1000px\" \/><\/figure><div class=\"wp-block-media-text__content\">\n<p class=\"has-medium-font-size\"><strong>COMET CVP 130 IMURI KUIVA \/ M\u00c4RK\u00c4 P\u00d6LYLUOKKA M<\/strong><\/p>\n\n\n\n<p class=\"has-secondary-color has-text-color has-link-color has-large-font-size wp-elements-c67b56b3e1dee51573c033c5ace441bf\"><strong>235,00\u00a0\u20ac \/ KPL<\/strong><\/p>\n\n\n\n<p class=\"has-small-font-size\">SIS. ALV 25.5%<\/p>\n\n\n\n<p><strong>Tekniset tiedot<\/strong><\/p>\n\n\n\n<ul class=\"wp-block-list\">\n<li>Moottori 1400 W \/ 230 V<\/li>\n\n\n\n<li>Ohivirtausj\u00e4\u00e4hdytys<\/li>\n\n\n\n<li>Ilmam\u00e4\u00e4r\u00e4 70 l\/s<\/li>\n\n\n\n<li>Alipaine 2400 mm\/H2O<\/li>\n\n\n\n<li>30 l s\u00e4ili\u00f6 iskunkest\u00e4v\u00e4\u00e4 muovia (PP)<\/li>\n\n\n\n<li>Schuko -pistorasia ty\u00f6kaluja varten (max. 2200 W)<\/li>\n\n\n\n<li>Automaattinen suodattimen ravistustoiminto<\/li>\n\n\n\n<li>Puhallustoiminto<\/li>\n\n\n\n<li>HEPA-imusuodatin NANO TECH-pinnoitteella<\/li>\n\n\n\n<li>Soveltuu esim. kipsi-, kivi-, betoni-, kalkki-, maali, hionta- ja puup\u00f6lyn imemiseen<\/li>\n\n\n\n<li>Virtajohto 7,5 m<\/li>\n\n\n\n<li>Mitat 51 x 36 x 56 mm<\/li>\n\n\n\n<li>P\u00f6lyluokka M<\/li>\n\n\n\n<li>Paino varusteineen 11 kg<\/li>\n<\/ul>\n\n\n\n<p><strong>Vakiovarusteet: <\/strong><\/p>\n\n\n\n<ul class=\"wp-block-list\">\n<li>metalliset imuputket<\/li>\n\n\n\n<li>imuletku 4 m<\/li>\n\n\n\n<li>lattiasuulake<\/li>\n\n\n\n<li>m\u00e4rk\u00e4suulake<\/li>\n\n\n\n<li>monihalkaisija ty\u00f6kalusovitin<\/li>\n\n\n\n<li>rakosuulake<\/li>\n\n\n\n<li>Hepa -suodatin<\/li>\n<\/ul>\n\n\n\n<figure class=\"wp-block-image size-large is-resized\"><img loading=\"lazy\" decoding=\"async\" width=\"1024\" height=\"512\" src=\"https:\/\/kompressorikeskus.fi\/wp-content\/uploads\/2026\/03\/Varastossa-1024x512.png\" alt=\"\" class=\"wp-image-324\" style=\"width:165px;height:auto\" srcset=\"https:\/\/kompressorikeskus.fi\/wp-content\/uploads\/2026\/03\/Varastossa-1024x512.png 1024w, https:\/\/kompressorikeskus.fi\/wp-content\/uploads\/2026\/03\/Varastossa-300x150.png 300w, https:\/\/kompressorikeskus.fi\/wp-content\/uploads\/2026\/03\/Varastossa-768x384.png 768w, https:\/\/kompressorikeskus.fi\/wp-content\/uploads\/2026\/03\/Varastossa-600x300.png 600w, https:\/\/kompressorikeskus.fi\/wp-content\/uploads\/2026\/03\/Varastossa.png 1181w\" sizes=\"auto, (max-width: 1024px) 100vw, 1024px\" \/><\/figure>\n<\/div><\/div>\n","protected":false},"excerpt":{"rendered":"","protected":false},"author":2,"featured_media":0,"parent":0,"menu_order":0,"comment_status":"closed","ping_status":"closed","template":"","meta":{"footnotes":""},"class_list":["post-98","page","type-page","status-publish","hentry"],"yoast_head":"<!-- This site is optimized with the Yoast SEO plugin v27.5 - https:\/\/yoast.com\/product\/yoast-seo-wordpress\/ -->\n<title>Tarjoukset - Kompressorikeskus<\/title>\n<meta name=\"robots\" content=\"index, follow, max-snippet:-1, max-image-preview:large, max-video-preview:-1\" \/>\n<link rel=\"canonical\" href=\"https:\/\/kompressorikeskus.fi\/?page_id=98\" \/>\n<meta property=\"og:locale\" content=\"fi_FI\" \/>\n<meta property=\"og:type\" content=\"article\" \/>\n<meta property=\"og:title\" content=\"Tarjoukset - Kompressorikeskus\" \/>\n<meta property=\"og:url\" content=\"https:\/\/kompressorikeskus.fi\/?page_id=98\" \/>\n<meta property=\"og:site_name\" content=\"Kompressorikeskus\" \/>\n<meta property=\"article:modified_time\" content=\"2026-03-29T17:26:39+00:00\" \/>\n<meta property=\"og:image\" content=\"https:\/\/kompressorikeskus.fi\/wp-content\/uploads\/2026\/03\/comet-cvp-130-pem-wet-and-dry-vacuum-cleaner-30-l-drum-professional-series-comet-cvp-130-pem-wet-and-dry-vacuum-cleaner-33088_0_1645113310_IMG_620e6fde14be2.jpg\" \/>\n\t<meta property=\"og:image:width\" content=\"1000\" \/>\n\t<meta property=\"og:image:height\" content=\"750\" \/>\n\t<meta property=\"og:image:type\" content=\"image\/jpeg\" \/>\n<meta name=\"twitter:card\" content=\"summary_large_image\" \/>\n<meta name=\"twitter:label1\" content=\"Arvioitu lukuaika\" \/>\n\t<meta name=\"twitter:data1\" content=\"1 minuutti\" \/>\n<script type=\"application\/ld+json\" class=\"yoast-schema-graph\">{\"@context\":\"https:\\\/\\\/schema.org\",\"@graph\":[{\"@type\":\"WebPage\",\"@id\":\"https:\\\/\\\/kompressorikeskus.fi\\\/?page_id=98\",\"url\":\"https:\\\/\\\/kompressorikeskus.fi\\\/?page_id=98\",\"name\":\"Tarjoukset - Kompressorikeskus\",\"isPartOf\":{\"@id\":\"https:\\\/\\\/kompressorikeskus.fi\\\/#website\"},\"primaryImageOfPage\":{\"@id\":\"https:\\\/\\\/kompressorikeskus.fi\\\/?page_id=98#primaryimage\"},\"image\":{\"@id\":\"https:\\\/\\\/kompressorikeskus.fi\\\/?page_id=98#primaryimage\"},\"thumbnailUrl\":\"https:\\\/\\\/kompressorikeskus.fi\\\/wp-content\\\/uploads\\\/2026\\\/03\\\/comet-cvp-130-pem-wet-and-dry-vacuum-cleaner-30-l-drum-professional-series-comet-cvp-130-pem-wet-and-dry-vacuum-cleaner-33088_0_1645113310_IMG_620e6fde14be2.jpg\",\"datePublished\":\"2026-01-14T11:47:04+00:00\",\"dateModified\":\"2026-03-29T17:26:39+00:00\",\"breadcrumb\":{\"@id\":\"https:\\\/\\\/kompressorikeskus.fi\\\/?page_id=98#breadcrumb\"},\"inLanguage\":\"fi\",\"potentialAction\":[{\"@type\":\"ReadAction\",\"target\":[\"https:\\\/\\\/kompressorikeskus.fi\\\/?page_id=98\"]}]},{\"@type\":\"ImageObject\",\"inLanguage\":\"fi\",\"@id\":\"https:\\\/\\\/kompressorikeskus.fi\\\/?page_id=98#primaryimage\",\"url\":\"https:\\\/\\\/kompressorikeskus.fi\\\/wp-content\\\/uploads\\\/2026\\\/03\\\/comet-cvp-130-pem-wet-and-dry-vacuum-cleaner-30-l-drum-professional-series-comet-cvp-130-pem-wet-and-dry-vacuum-cleaner-33088_0_1645113310_IMG_620e6fde14be2.jpg\",\"contentUrl\":\"https:\\\/\\\/kompressorikeskus.fi\\\/wp-content\\\/uploads\\\/2026\\\/03\\\/comet-cvp-130-pem-wet-and-dry-vacuum-cleaner-30-l-drum-professional-series-comet-cvp-130-pem-wet-and-dry-vacuum-cleaner-33088_0_1645113310_IMG_620e6fde14be2.jpg\",\"width\":1000,\"height\":750},{\"@type\":\"BreadcrumbList\",\"@id\":\"https:\\\/\\\/kompressorikeskus.fi\\\/?page_id=98#breadcrumb\",\"itemListElement\":[{\"@type\":\"ListItem\",\"position\":1,\"name\":\"Etusivu\",\"item\":\"https:\\\/\\\/kompressorikeskus.fi\\\/\"},{\"@type\":\"ListItem\",\"position\":2,\"name\":\"Tarjoukset\"}]},{\"@type\":\"WebSite\",\"@id\":\"https:\\\/\\\/kompressorikeskus.fi\\\/#website\",\"url\":\"https:\\\/\\\/kompressorikeskus.fi\\\/\",\"name\":\"Kompressorikeskus\",\"description\":\"\",\"publisher\":{\"@id\":\"https:\\\/\\\/kompressorikeskus.fi\\\/#organization\"},\"potentialAction\":[{\"@type\":\"SearchAction\",\"target\":{\"@type\":\"EntryPoint\",\"urlTemplate\":\"https:\\\/\\\/kompressorikeskus.fi\\\/?s={search_term_string}\"},\"query-input\":{\"@type\":\"PropertyValueSpecification\",\"valueRequired\":true,\"valueName\":\"search_term_string\"}}],\"inLanguage\":\"fi\"},{\"@type\":\"Organization\",\"@id\":\"https:\\\/\\\/kompressorikeskus.fi\\\/#organization\",\"name\":\"Kompressorikeskus\",\"url\":\"https:\\\/\\\/kompressorikeskus.fi\\\/\",\"logo\":{\"@type\":\"ImageObject\",\"inLanguage\":\"fi\",\"@id\":\"https:\\\/\\\/kompressorikeskus.fi\\\/#\\\/schema\\\/logo\\\/image\\\/\",\"url\":\"https:\\\/\\\/kompressorikeskus.fi\\\/wp-content\\\/uploads\\\/2025\\\/12\\\/kompressorikeskus-scaled.jpg\",\"contentUrl\":\"https:\\\/\\\/kompressorikeskus.fi\\\/wp-content\\\/uploads\\\/2025\\\/12\\\/kompressorikeskus-scaled.jpg\",\"width\":2560,\"height\":1280,\"caption\":\"Kompressorikeskus\"},\"image\":{\"@id\":\"https:\\\/\\\/kompressorikeskus.fi\\\/#\\\/schema\\\/logo\\\/image\\\/\"}}]}<\/script>\n<!-- \/ Yoast SEO plugin. -->","yoast_head_json":{"title":"Tarjoukset - Kompressorikeskus","robots":{"index":"index","follow":"follow","max-snippet":"max-snippet:-1","max-image-preview":"max-image-preview:large","max-video-preview":"max-video-preview:-1"},"canonical":"https:\/\/kompressorikeskus.fi\/?page_id=98","og_locale":"fi_FI","og_type":"article","og_title":"Tarjoukset - Kompressorikeskus","og_url":"https:\/\/kompressorikeskus.fi\/?page_id=98","og_site_name":"Kompressorikeskus","article_modified_time":"2026-03-29T17:26:39+00:00","og_image":[{"width":1000,"height":750,"url":"https:\/\/kompressorikeskus.fi\/wp-content\/uploads\/2026\/03\/comet-cvp-130-pem-wet-and-dry-vacuum-cleaner-30-l-drum-professional-series-comet-cvp-130-pem-wet-and-dry-vacuum-cleaner-33088_0_1645113310_IMG_620e6fde14be2.jpg","type":"image\/jpeg"}],"twitter_card":"summary_large_image","twitter_misc":{"Arvioitu lukuaika":"1 minuutti"},"schema":{"@context":"https:\/\/schema.org","@graph":[{"@type":"WebPage","@id":"https:\/\/kompressorikeskus.fi\/?page_id=98","url":"https:\/\/kompressorikeskus.fi\/?page_id=98","name":"Tarjoukset - Kompressorikeskus","isPartOf":{"@id":"https:\/\/kompressorikeskus.fi\/#website"},"primaryImageOfPage":{"@id":"https:\/\/kompressorikeskus.fi\/?page_id=98#primaryimage"},"image":{"@id":"https:\/\/kompressorikeskus.fi\/?page_id=98#primaryimage"},"thumbnailUrl":"https:\/\/kompressorikeskus.fi\/wp-content\/uploads\/2026\/03\/comet-cvp-130-pem-wet-and-dry-vacuum-cleaner-30-l-drum-professional-series-comet-cvp-130-pem-wet-and-dry-vacuum-cleaner-33088_0_1645113310_IMG_620e6fde14be2.jpg","datePublished":"2026-01-14T11:47:04+00:00","dateModified":"2026-03-29T17:26:39+00:00","breadcrumb":{"@id":"https:\/\/kompressorikeskus.fi\/?page_id=98#breadcrumb"},"inLanguage":"fi","potentialAction":[{"@type":"ReadAction","target":["https:\/\/kompressorikeskus.fi\/?page_id=98"]}]},{"@type":"ImageObject","inLanguage":"fi","@id":"https:\/\/kompressorikeskus.fi\/?page_id=98#primaryimage","url":"https:\/\/kompressorikeskus.fi\/wp-content\/uploads\/2026\/03\/comet-cvp-130-pem-wet-and-dry-vacuum-cleaner-30-l-drum-professional-series-comet-cvp-130-pem-wet-and-dry-vacuum-cleaner-33088_0_1645113310_IMG_620e6fde14be2.jpg","contentUrl":"https:\/\/kompressorikeskus.fi\/wp-content\/uploads\/2026\/03\/comet-cvp-130-pem-wet-and-dry-vacuum-cleaner-30-l-drum-professional-series-comet-cvp-130-pem-wet-and-dry-vacuum-cleaner-33088_0_1645113310_IMG_620e6fde14be2.jpg","width":1000,"height":750},{"@type":"BreadcrumbList","@id":"https:\/\/kompressorikeskus.fi\/?page_id=98#breadcrumb","itemListElement":[{"@type":"ListItem","position":1,"name":"Etusivu","item":"https:\/\/kompressorikeskus.fi\/"},{"@type":"ListItem","position":2,"name":"Tarjoukset"}]},{"@type":"WebSite","@id":"https:\/\/kompressorikeskus.fi\/#website","url":"https:\/\/kompressorikeskus.fi\/","name":"Kompressorikeskus","description":"","publisher":{"@id":"https:\/\/kompressorikeskus.fi\/#organization"},"potentialAction":[{"@type":"SearchAction","target":{"@type":"EntryPoint","urlTemplate":"https:\/\/kompressorikeskus.fi\/?s={search_term_string}"},"query-input":{"@type":"PropertyValueSpecification","valueRequired":true,"valueName":"search_term_string"}}],"inLanguage":"fi"},{"@type":"Organization","@id":"https:\/\/kompressorikeskus.fi\/#organization","name":"Kompressorikeskus","url":"https:\/\/kompressorikeskus.fi\/","logo":{"@type":"ImageObject","inLanguage":"fi","@id":"https:\/\/kompressorikeskus.fi\/#\/schema\/logo\/image\/","url":"https:\/\/kompressorikeskus.fi\/wp-content\/uploads\/2025\/12\/kompressorikeskus-scaled.jpg","contentUrl":"https:\/\/kompressorikeskus.fi\/wp-content\/uploads\/2025\/12\/kompressorikeskus-scaled.jpg","width":2560,"height":1280,"caption":"Kompressorikeskus"},"image":{"@id":"https:\/\/kompressorikeskus.fi\/#\/schema\/logo\/image\/"}}]}},"_links":{"self":[{"href":"https:\/\/kompressorikeskus.fi\/index.php?rest_route=\/wp\/v2\/pages\/98","targetHints":{"allow":["GET"]}}],"collection":[{"href":"https:\/\/kompressorikeskus.fi\/index.php?rest_route=\/wp\/v2\/pages"}],"about":[{"href":"https:\/\/kompressorikeskus.fi\/index.php?rest_route=\/wp\/v2\/types\/page"}],"author":[{"embeddable":true,"href":"https:\/\/kompressorikeskus.fi\/index.php?rest_route=\/wp\/v2\/users\/2"}],"replies":[{"embeddable":true,"href":"https:\/\/kompressorikeskus.fi\/index.php?rest_route=%2Fwp%2Fv2%2Fcomments&post=98"}],"version-history":[{"count":4,"href":"https:\/\/kompressorikeskus.fi\/index.php?rest_route=\/wp\/v2\/pages\/98\/revisions"}],"predecessor-version":[{"id":327,"href":"https:\/\/kompressorikeskus.fi\/index.php?rest_route=\/wp\/v2\/pages\/98\/revisions\/327"}],"wp:attachment":[{"href":"https:\/\/kompressorikeskus.fi\/index.php?rest_route=%2Fwp%2Fv2%2Fmedia&parent=98"}],"curies":[{"name":"wp","href":"https:\/\/api.w.org\/{rel}","templated":true}]}}