{"id":87,"date":"2026-01-14T11:46:43","date_gmt":"2026-01-14T11:46:43","guid":{"rendered":"https:\/\/uusi.kompressorikeskus.fi\/?page_id=87"},"modified":"2026-01-14T11:46:43","modified_gmt":"2026-01-14T11:46:43","slug":"yritys","status":"publish","type":"page","link":"https:\/\/kompressorikeskus.fi\/?page_id=87","title":{"rendered":"Yritys"},"content":{"rendered":"\n<div class=\"wp-block-group has-global-padding is-layout-constrained wp-block-group-is-layout-constrained\" style=\"padding-top:var(--wp--preset--spacing--70);padding-bottom:var(--wp--preset--spacing--70)\">\n<div class=\"wp-block-group wb-banner-content has-global-padding is-layout-constrained wp-container-core-group-is-layout-3d7f9668 wp-block-group-is-layout-constrained\" style=\"padding-top:0;padding-right:var(--wp--preset--spacing--40);padding-bottom:0;padding-left:var(--wp--preset--spacing--40)\">\n<div class=\"wp-block-columns are-vertically-aligned-center is-layout-flex wp-container-core-columns-is-layout-69b1b98f wp-block-columns-is-layout-flex\">\n<div class=\"wp-block-column is-vertically-aligned-center is-layout-flow wp-block-column-is-layout-flow\" style=\"padding-right:0;padding-left:0\">\n<figure class=\"wp-block-image aligncenter size-large is-resized has-custom-border\" style=\"margin-right:0;margin-left:0\"><img loading=\"lazy\" decoding=\"async\" width=\"750\" height=\"1000\" src=\"https:\/\/kompressorikeskus.fi\/wp-content\/uploads\/2026\/01\/2148138466-edited.jpg\" alt=\"\" class=\"wp-image-89\" style=\"border-radius:12px;width:436px;height:auto\" srcset=\"https:\/\/kompressorikeskus.fi\/wp-content\/uploads\/2026\/01\/2148138466-edited.jpg 750w, https:\/\/kompressorikeskus.fi\/wp-content\/uploads\/2026\/01\/2148138466-edited-225x300.jpg 225w\" sizes=\"auto, (max-width: 750px) 100vw, 750px\" \/><\/figure>\n<\/div>\n\n\n\n<div class=\"wp-block-column is-vertically-aligned-center is-layout-flow wp-block-column-is-layout-flow\" style=\"padding-right:0;padding-left:0\">\n<h2 class=\"wp-block-heading\" style=\"font-size:clamp(24.034px, 1.502rem + ((1vw - 3.2px) * 1.629), 40px);line-height:1.2\">KompCent Oy<\/h2>\n\n\n\n<p class=\"has-black-color has-text-color has-link-color has-inter-font-family wp-elements-eaa672d8f97a602cd0367b46c1bb0167\" style=\"font-size:clamp(0.875rem, 0.875rem + ((1vw - 0.2rem) * 0.204), 1rem);line-height:1.5\">Tampereen Nekalassa toimiva <strong>KompCent Oy <\/strong>on t\u00e4yden palvelun paineilmatalo. Lis\u00e4ksi toimimme maahantuojana laadukkaille koneille ja laitteille. Valmistamme yli 40 vuoden kokemuksella laadustaan tunnettuja\u00a0<strong>Puhti\u00ae<\/strong>\u00a0kompressoreita ja pintak\u00e4sittelylaitteita. Oman tuotekehityksemme tuloksena olemme tuoneet markkinoille useita menestystuotteita. Asiantunteva henkil\u00f6st\u00f6mme takaa oikeat ratkaisut kaikkiin paineilmaa ja raepuhallusta koskeviin kysymyksiin. Varaosa- ja huoltopalvelu t\u00e4ydent\u00e4\u00e4 nopean ja joustavan asiakaspalvelumme.<\/p>\n\n\n\n<div class=\"wp-block-columns is-layout-flex wp-container-core-columns-is-layout-dc63b7a3 wp-block-columns-is-layout-flex\" style=\"margin-top:var(--wp--preset--spacing--60)\">\n<div class=\"wp-block-column is-layout-flow wp-container-core-column-is-layout-4ccfc4ab wp-block-column-is-layout-flow\" style=\"padding-top:var(--wp--preset--spacing--20);padding-right:var(--wp--preset--spacing--20);padding-bottom:var(--wp--preset--spacing--20);padding-left:var(--wp--preset--spacing--20)\">\n<figure class=\"wp-block-image size-full is-resized wp-duotone-rgb10148130-7f7f7f-1\"><img loading=\"lazy\" decoding=\"async\" width=\"512\" height=\"512\" src=\"https:\/\/kompressorikeskus.fi\/wp-content\/uploads\/2026\/01\/tool.png\" alt=\"\" class=\"wp-image-43\" style=\"width:61px;height:auto\" srcset=\"https:\/\/kompressorikeskus.fi\/wp-content\/uploads\/2026\/01\/tool.png 512w, https:\/\/kompressorikeskus.fi\/wp-content\/uploads\/2026\/01\/tool-300x300.png 300w, https:\/\/kompressorikeskus.fi\/wp-content\/uploads\/2026\/01\/tool-150x150.png 150w\" sizes=\"auto, (max-width: 512px) 100vw, 512px\" \/><\/figure>\n\n\n\n<h2 class=\"wp-block-heading has-text-color has-link-color wp-elements-a9c6395581435db7fbc0d7e467423341\" style=\"color:#003a36;margin-top:var(--wp--preset--spacing--40);font-size:clamp(14px, 0.875rem + ((1vw - 3.2px) * 0.51), 19px);\">Huolto ja varaosat<\/h2>\n\n\n\n<p class=\"has-text-color has-link-color has-inter-font-family wp-elements-f010067c161141c8f759aa250218c9a9\" style=\"color:#444d4d;margin-top:var(--wp--preset--spacing--20);font-size:clamp(0.875rem, 0.875rem + ((1vw - 0.2rem) * 0.204), 1rem);line-height:1.5\">Tarjoamme ammattitaitoista huoltoa ongelmatilanteissa ja rakennamme kompressorit asiakkaan tarpeiden mukaisesti. Meilt\u00e4 saa my\u00f6s Sencon naulain- sek\u00e4 kompressorihuoltoa.<\/p>\n<\/div>\n\n\n\n<div class=\"wp-block-column is-layout-flow wp-container-core-column-is-layout-4ccfc4ab wp-block-column-is-layout-flow\" style=\"padding-top:var(--wp--preset--spacing--20);padding-right:var(--wp--preset--spacing--20);padding-bottom:var(--wp--preset--spacing--20);padding-left:var(--wp--preset--spacing--20)\">\n<figure class=\"wp-block-image size-full is-resized wp-duotone-rgb10148130-7f7f7f-2\"><img loading=\"lazy\" decoding=\"async\" width=\"512\" height=\"512\" src=\"https:\/\/kompressorikeskus.fi\/wp-content\/uploads\/2026\/01\/air-compressor-1.png\" alt=\"\" class=\"wp-image-45\" style=\"width:61px;height:auto\" srcset=\"https:\/\/kompressorikeskus.fi\/wp-content\/uploads\/2026\/01\/air-compressor-1.png 512w, https:\/\/kompressorikeskus.fi\/wp-content\/uploads\/2026\/01\/air-compressor-1-300x300.png 300w, https:\/\/kompressorikeskus.fi\/wp-content\/uploads\/2026\/01\/air-compressor-1-150x150.png 150w\" sizes=\"auto, (max-width: 512px) 100vw, 512px\" \/><\/figure>\n\n\n\n<h2 class=\"wp-block-heading has-text-color has-link-color wp-elements-e091717c57fda2f6ddac4a33ced3085e\" style=\"color:#003a36;margin-top:var(--wp--preset--spacing--40);font-size:clamp(14px, 0.875rem + ((1vw - 3.2px) * 0.51), 19px);\">Tuotteet<\/h2>\n\n\n\n<p class=\"has-text-color has-link-color has-inter-font-family wp-elements-e195eb5bc1ae33e17c2743c00e74c051\" style=\"color:#444d4d;margin-top:var(--wp--preset--spacing--20);font-size:clamp(0.875rem, 0.875rem + ((1vw - 0.2rem) * 0.204), 1rem);line-height:1.5\">Meilt\u00e4 l\u00f6yd\u00e4t laajan ja laadukkaan tuotevalikoiman ja r\u00e4\u00e4t\u00e4l\u00f6it\u00e4v\u00e4t ratkaisut tarpeen mukaan. <\/p>\n<\/div>\n<\/div>\n<\/div>\n<\/div>\n<\/div>\n<\/div>\n","protected":false},"excerpt":{"rendered":"<p>KompCent Oy Tampereen Nekalassa toimiva KompCent Oy on t\u00e4yden palvelun paineilmatalo. Lis\u00e4ksi toimimme maahantuojana laadukkaille koneille ja laitteille. Valmistamme yli [&hellip;]<\/p>\n","protected":false},"author":2,"featured_media":0,"parent":0,"menu_order":0,"comment_status":"closed","ping_status":"closed","template":"","meta":{"footnotes":""},"class_list":["post-87","page","type-page","status-publish","hentry"],"yoast_head":"<!-- This site is optimized with the Yoast SEO plugin v27.5 - https:\/\/yoast.com\/product\/yoast-seo-wordpress\/ -->\n<title>Yritys - Kompressorikeskus<\/title>\n<meta name=\"robots\" content=\"index, follow, max-snippet:-1, max-image-preview:large, max-video-preview:-1\" \/>\n<link rel=\"canonical\" href=\"https:\/\/kompressorikeskus.fi\/?page_id=87\" \/>\n<meta property=\"og:locale\" content=\"fi_FI\" \/>\n<meta property=\"og:type\" content=\"article\" \/>\n<meta property=\"og:title\" content=\"Yritys - Kompressorikeskus\" \/>\n<meta property=\"og:description\" content=\"KompCent Oy Tampereen Nekalassa toimiva KompCent Oy on t\u00e4yden palvelun paineilmatalo. Lis\u00e4ksi toimimme maahantuojana laadukkaille koneille ja laitteille. Valmistamme yli [&hellip;]\" \/>\n<meta property=\"og:url\" content=\"https:\/\/kompressorikeskus.fi\/?page_id=87\" \/>\n<meta property=\"og:site_name\" content=\"Kompressorikeskus\" \/>\n<meta property=\"og:image\" content=\"https:\/\/kompressorikeskus.fi\/wp-content\/uploads\/2026\/01\/2148138466-edited.jpg\" \/>\n\t<meta property=\"og:image:width\" content=\"750\" \/>\n\t<meta property=\"og:image:height\" content=\"1000\" \/>\n\t<meta property=\"og:image:type\" content=\"image\/jpeg\" \/>\n<meta name=\"twitter:card\" content=\"summary_large_image\" \/>\n<meta name=\"twitter:label1\" content=\"Arvioitu lukuaika\" \/>\n\t<meta name=\"twitter:data1\" content=\"1 minuutti\" \/>\n<script type=\"application\/ld+json\" class=\"yoast-schema-graph\">{\"@context\":\"https:\\\/\\\/schema.org\",\"@graph\":[{\"@type\":\"WebPage\",\"@id\":\"https:\\\/\\\/kompressorikeskus.fi\\\/?page_id=87\",\"url\":\"https:\\\/\\\/kompressorikeskus.fi\\\/?page_id=87\",\"name\":\"Yritys - Kompressorikeskus\",\"isPartOf\":{\"@id\":\"https:\\\/\\\/kompressorikeskus.fi\\\/#website\"},\"primaryImageOfPage\":{\"@id\":\"https:\\\/\\\/kompressorikeskus.fi\\\/?page_id=87#primaryimage\"},\"image\":{\"@id\":\"https:\\\/\\\/kompressorikeskus.fi\\\/?page_id=87#primaryimage\"},\"thumbnailUrl\":\"https:\\\/\\\/kompressorikeskus.fi\\\/wp-content\\\/uploads\\\/2026\\\/01\\\/2148138466-edited.jpg\",\"datePublished\":\"2026-01-14T11:46:43+00:00\",\"breadcrumb\":{\"@id\":\"https:\\\/\\\/kompressorikeskus.fi\\\/?page_id=87#breadcrumb\"},\"inLanguage\":\"fi\",\"potentialAction\":[{\"@type\":\"ReadAction\",\"target\":[\"https:\\\/\\\/kompressorikeskus.fi\\\/?page_id=87\"]}]},{\"@type\":\"ImageObject\",\"inLanguage\":\"fi\",\"@id\":\"https:\\\/\\\/kompressorikeskus.fi\\\/?page_id=87#primaryimage\",\"url\":\"https:\\\/\\\/kompressorikeskus.fi\\\/wp-content\\\/uploads\\\/2026\\\/01\\\/2148138466-edited.jpg\",\"contentUrl\":\"https:\\\/\\\/kompressorikeskus.fi\\\/wp-content\\\/uploads\\\/2026\\\/01\\\/2148138466-edited.jpg\",\"width\":750,\"height\":1000},{\"@type\":\"BreadcrumbList\",\"@id\":\"https:\\\/\\\/kompressorikeskus.fi\\\/?page_id=87#breadcrumb\",\"itemListElement\":[{\"@type\":\"ListItem\",\"position\":1,\"name\":\"Etusivu\",\"item\":\"https:\\\/\\\/kompressorikeskus.fi\\\/\"},{\"@type\":\"ListItem\",\"position\":2,\"name\":\"Yritys\"}]},{\"@type\":\"WebSite\",\"@id\":\"https:\\\/\\\/kompressorikeskus.fi\\\/#website\",\"url\":\"https:\\\/\\\/kompressorikeskus.fi\\\/\",\"name\":\"Kompressorikeskus\",\"description\":\"\",\"publisher\":{\"@id\":\"https:\\\/\\\/kompressorikeskus.fi\\\/#organization\"},\"potentialAction\":[{\"@type\":\"SearchAction\",\"target\":{\"@type\":\"EntryPoint\",\"urlTemplate\":\"https:\\\/\\\/kompressorikeskus.fi\\\/?s={search_term_string}\"},\"query-input\":{\"@type\":\"PropertyValueSpecification\",\"valueRequired\":true,\"valueName\":\"search_term_string\"}}],\"inLanguage\":\"fi\"},{\"@type\":\"Organization\",\"@id\":\"https:\\\/\\\/kompressorikeskus.fi\\\/#organization\",\"name\":\"Kompressorikeskus\",\"url\":\"https:\\\/\\\/kompressorikeskus.fi\\\/\",\"logo\":{\"@type\":\"ImageObject\",\"inLanguage\":\"fi\",\"@id\":\"https:\\\/\\\/kompressorikeskus.fi\\\/#\\\/schema\\\/logo\\\/image\\\/\",\"url\":\"https:\\\/\\\/kompressorikeskus.fi\\\/wp-content\\\/uploads\\\/2025\\\/12\\\/kompressorikeskus-scaled.jpg\",\"contentUrl\":\"https:\\\/\\\/kompressorikeskus.fi\\\/wp-content\\\/uploads\\\/2025\\\/12\\\/kompressorikeskus-scaled.jpg\",\"width\":2560,\"height\":1280,\"caption\":\"Kompressorikeskus\"},\"image\":{\"@id\":\"https:\\\/\\\/kompressorikeskus.fi\\\/#\\\/schema\\\/logo\\\/image\\\/\"}}]}<\/script>\n<!-- \/ Yoast SEO plugin. -->","yoast_head_json":{"title":"Yritys - Kompressorikeskus","robots":{"index":"index","follow":"follow","max-snippet":"max-snippet:-1","max-image-preview":"max-image-preview:large","max-video-preview":"max-video-preview:-1"},"canonical":"https:\/\/kompressorikeskus.fi\/?page_id=87","og_locale":"fi_FI","og_type":"article","og_title":"Yritys - Kompressorikeskus","og_description":"KompCent Oy Tampereen Nekalassa toimiva KompCent Oy on t\u00e4yden palvelun paineilmatalo. Lis\u00e4ksi toimimme maahantuojana laadukkaille koneille ja laitteille. Valmistamme yli [&hellip;]","og_url":"https:\/\/kompressorikeskus.fi\/?page_id=87","og_site_name":"Kompressorikeskus","og_image":[{"width":750,"height":1000,"url":"https:\/\/kompressorikeskus.fi\/wp-content\/uploads\/2026\/01\/2148138466-edited.jpg","type":"image\/jpeg"}],"twitter_card":"summary_large_image","twitter_misc":{"Arvioitu lukuaika":"1 minuutti"},"schema":{"@context":"https:\/\/schema.org","@graph":[{"@type":"WebPage","@id":"https:\/\/kompressorikeskus.fi\/?page_id=87","url":"https:\/\/kompressorikeskus.fi\/?page_id=87","name":"Yritys - Kompressorikeskus","isPartOf":{"@id":"https:\/\/kompressorikeskus.fi\/#website"},"primaryImageOfPage":{"@id":"https:\/\/kompressorikeskus.fi\/?page_id=87#primaryimage"},"image":{"@id":"https:\/\/kompressorikeskus.fi\/?page_id=87#primaryimage"},"thumbnailUrl":"https:\/\/kompressorikeskus.fi\/wp-content\/uploads\/2026\/01\/2148138466-edited.jpg","datePublished":"2026-01-14T11:46:43+00:00","breadcrumb":{"@id":"https:\/\/kompressorikeskus.fi\/?page_id=87#breadcrumb"},"inLanguage":"fi","potentialAction":[{"@type":"ReadAction","target":["https:\/\/kompressorikeskus.fi\/?page_id=87"]}]},{"@type":"ImageObject","inLanguage":"fi","@id":"https:\/\/kompressorikeskus.fi\/?page_id=87#primaryimage","url":"https:\/\/kompressorikeskus.fi\/wp-content\/uploads\/2026\/01\/2148138466-edited.jpg","contentUrl":"https:\/\/kompressorikeskus.fi\/wp-content\/uploads\/2026\/01\/2148138466-edited.jpg","width":750,"height":1000},{"@type":"BreadcrumbList","@id":"https:\/\/kompressorikeskus.fi\/?page_id=87#breadcrumb","itemListElement":[{"@type":"ListItem","position":1,"name":"Etusivu","item":"https:\/\/kompressorikeskus.fi\/"},{"@type":"ListItem","position":2,"name":"Yritys"}]},{"@type":"WebSite","@id":"https:\/\/kompressorikeskus.fi\/#website","url":"https:\/\/kompressorikeskus.fi\/","name":"Kompressorikeskus","description":"","publisher":{"@id":"https:\/\/kompressorikeskus.fi\/#organization"},"potentialAction":[{"@type":"SearchAction","target":{"@type":"EntryPoint","urlTemplate":"https:\/\/kompressorikeskus.fi\/?s={search_term_string}"},"query-input":{"@type":"PropertyValueSpecification","valueRequired":true,"valueName":"search_term_string"}}],"inLanguage":"fi"},{"@type":"Organization","@id":"https:\/\/kompressorikeskus.fi\/#organization","name":"Kompressorikeskus","url":"https:\/\/kompressorikeskus.fi\/","logo":{"@type":"ImageObject","inLanguage":"fi","@id":"https:\/\/kompressorikeskus.fi\/#\/schema\/logo\/image\/","url":"https:\/\/kompressorikeskus.fi\/wp-content\/uploads\/2025\/12\/kompressorikeskus-scaled.jpg","contentUrl":"https:\/\/kompressorikeskus.fi\/wp-content\/uploads\/2025\/12\/kompressorikeskus-scaled.jpg","width":2560,"height":1280,"caption":"Kompressorikeskus"},"image":{"@id":"https:\/\/kompressorikeskus.fi\/#\/schema\/logo\/image\/"}}]}},"_links":{"self":[{"href":"https:\/\/kompressorikeskus.fi\/index.php?rest_route=\/wp\/v2\/pages\/87","targetHints":{"allow":["GET"]}}],"collection":[{"href":"https:\/\/kompressorikeskus.fi\/index.php?rest_route=\/wp\/v2\/pages"}],"about":[{"href":"https:\/\/kompressorikeskus.fi\/index.php?rest_route=\/wp\/v2\/types\/page"}],"author":[{"embeddable":true,"href":"https:\/\/kompressorikeskus.fi\/index.php?rest_route=\/wp\/v2\/users\/2"}],"replies":[{"embeddable":true,"href":"https:\/\/kompressorikeskus.fi\/index.php?rest_route=%2Fwp%2Fv2%2Fcomments&post=87"}],"version-history":[{"count":3,"href":"https:\/\/kompressorikeskus.fi\/index.php?rest_route=\/wp\/v2\/pages\/87\/revisions"}],"predecessor-version":[{"id":104,"href":"https:\/\/kompressorikeskus.fi\/index.php?rest_route=\/wp\/v2\/pages\/87\/revisions\/104"}],"wp:attachment":[{"href":"https:\/\/kompressorikeskus.fi\/index.php?rest_route=%2Fwp%2Fv2%2Fmedia&parent=87"}],"curies":[{"name":"wp","href":"https:\/\/api.w.org\/{rel}","templated":true}]}}