{"id":249,"date":"2026-01-16T12:11:25","date_gmt":"2026-01-16T12:11:25","guid":{"rendered":"https:\/\/uusi.kompressorikeskus.fi\/?page_id=249"},"modified":"2026-01-16T12:41:01","modified_gmt":"2026-01-16T12:41:01","slug":"suuttimet","status":"publish","type":"page","link":"https:\/\/kompressorikeskus.fi\/?page_id=249","title":{"rendered":"Suuttimet"},"content":{"rendered":"\n<p class=\"has-base-color has-text-color has-link-color wp-elements-062a6e6061398e2ea4091e444e921dd9\"><strong><a href=\"https:\/\/kompressorikeskus.fi\/?page_id=160\" data-type=\"page\" data-id=\"160\">&lt;\u2013 Takaisin<\/a><\/strong><\/p>\n\n\n\n<div class=\"wp-block-media-text is-stacked-on-mobile\" style=\"grid-template-columns:42% auto\"><figure class=\"wp-block-media-text__media\"><img loading=\"lazy\" decoding=\"async\" width=\"543\" height=\"376\" src=\"https:\/\/kompressorikeskus.fi\/wp-content\/uploads\/2026\/01\/Venturisuutin-34.jpg\" alt=\"\" class=\"wp-image-250 size-full\" srcset=\"https:\/\/kompressorikeskus.fi\/wp-content\/uploads\/2026\/01\/Venturisuutin-34.jpg 543w, https:\/\/kompressorikeskus.fi\/wp-content\/uploads\/2026\/01\/Venturisuutin-34-300x208.jpg 300w\" sizes=\"auto, (max-width: 543px) 100vw, 543px\" \/><\/figure><div class=\"wp-block-media-text__content\">\n<p class=\"has-medium-font-size\"><strong>Meilt\u00e4 l\u00f6yd\u00e4t laajan valikoiman erilaisia suuttimia<\/strong><\/p>\n\n\n\n<p>100HPLS3403 Hiekkapuhallussuutin \u00f83 3\/4\u2033<\/p>\n\n\n\n<p>100HPLS3404 Hiekkapuhallussuutin \u00f84 3\/4\u2033<\/p>\n<\/div><\/div>\n","protected":false},"excerpt":{"rendered":"<p>&lt;\u2013 Takaisin Meilt\u00e4 l\u00f6yd\u00e4t laajan valikoiman erilaisia suuttimia 100HPLS3403 Hiekkapuhallussuutin \u00f83 3\/4\u2033 100HPLS3404 Hiekkapuhallussuutin \u00f84 3\/4\u2033<\/p>\n","protected":false},"author":2,"featured_media":0,"parent":0,"menu_order":0,"comment_status":"closed","ping_status":"closed","template":"","meta":{"footnotes":""},"class_list":["post-249","page","type-page","status-publish","hentry"],"yoast_head":"<!-- This site is optimized with the Yoast SEO plugin v27.5 - https:\/\/yoast.com\/product\/yoast-seo-wordpress\/ -->\n<title>Suuttimet - Kompressorikeskus<\/title>\n<meta name=\"robots\" content=\"index, follow, max-snippet:-1, max-image-preview:large, max-video-preview:-1\" \/>\n<link rel=\"canonical\" href=\"https:\/\/kompressorikeskus.fi\/?page_id=249\" \/>\n<meta property=\"og:locale\" content=\"fi_FI\" \/>\n<meta property=\"og:type\" content=\"article\" \/>\n<meta property=\"og:title\" content=\"Suuttimet - Kompressorikeskus\" \/>\n<meta property=\"og:description\" content=\"&lt;\u2013 Takaisin Meilt\u00e4 l\u00f6yd\u00e4t laajan valikoiman erilaisia suuttimia 100HPLS3403 Hiekkapuhallussuutin \u00f83 3\/4\u2033 100HPLS3404 Hiekkapuhallussuutin \u00f84 3\/4\u2033\" \/>\n<meta property=\"og:url\" content=\"https:\/\/kompressorikeskus.fi\/?page_id=249\" \/>\n<meta property=\"og:site_name\" content=\"Kompressorikeskus\" \/>\n<meta property=\"article:modified_time\" content=\"2026-01-16T12:41:01+00:00\" \/>\n<meta property=\"og:image\" content=\"https:\/\/kompressorikeskus.fi\/wp-content\/uploads\/2026\/01\/Venturisuutin-34.jpg\" \/>\n\t<meta property=\"og:image:width\" content=\"543\" \/>\n\t<meta property=\"og:image:height\" content=\"376\" \/>\n\t<meta property=\"og:image:type\" content=\"image\/jpeg\" \/>\n<meta name=\"twitter:card\" content=\"summary_large_image\" \/>\n<script type=\"application\/ld+json\" class=\"yoast-schema-graph\">{\"@context\":\"https:\\\/\\\/schema.org\",\"@graph\":[{\"@type\":\"WebPage\",\"@id\":\"https:\\\/\\\/kompressorikeskus.fi\\\/?page_id=249\",\"url\":\"https:\\\/\\\/kompressorikeskus.fi\\\/?page_id=249\",\"name\":\"Suuttimet - Kompressorikeskus\",\"isPartOf\":{\"@id\":\"https:\\\/\\\/kompressorikeskus.fi\\\/#website\"},\"primaryImageOfPage\":{\"@id\":\"https:\\\/\\\/kompressorikeskus.fi\\\/?page_id=249#primaryimage\"},\"image\":{\"@id\":\"https:\\\/\\\/kompressorikeskus.fi\\\/?page_id=249#primaryimage\"},\"thumbnailUrl\":\"https:\\\/\\\/kompressorikeskus.fi\\\/wp-content\\\/uploads\\\/2026\\\/01\\\/Venturisuutin-34.jpg\",\"datePublished\":\"2026-01-16T12:11:25+00:00\",\"dateModified\":\"2026-01-16T12:41:01+00:00\",\"breadcrumb\":{\"@id\":\"https:\\\/\\\/kompressorikeskus.fi\\\/?page_id=249#breadcrumb\"},\"inLanguage\":\"fi\",\"potentialAction\":[{\"@type\":\"ReadAction\",\"target\":[\"https:\\\/\\\/kompressorikeskus.fi\\\/?page_id=249\"]}]},{\"@type\":\"ImageObject\",\"inLanguage\":\"fi\",\"@id\":\"https:\\\/\\\/kompressorikeskus.fi\\\/?page_id=249#primaryimage\",\"url\":\"https:\\\/\\\/kompressorikeskus.fi\\\/wp-content\\\/uploads\\\/2026\\\/01\\\/Venturisuutin-34.jpg\",\"contentUrl\":\"https:\\\/\\\/kompressorikeskus.fi\\\/wp-content\\\/uploads\\\/2026\\\/01\\\/Venturisuutin-34.jpg\",\"width\":543,\"height\":376},{\"@type\":\"BreadcrumbList\",\"@id\":\"https:\\\/\\\/kompressorikeskus.fi\\\/?page_id=249#breadcrumb\",\"itemListElement\":[{\"@type\":\"ListItem\",\"position\":1,\"name\":\"Etusivu\",\"item\":\"https:\\\/\\\/kompressorikeskus.fi\\\/\"},{\"@type\":\"ListItem\",\"position\":2,\"name\":\"Suuttimet\"}]},{\"@type\":\"WebSite\",\"@id\":\"https:\\\/\\\/kompressorikeskus.fi\\\/#website\",\"url\":\"https:\\\/\\\/kompressorikeskus.fi\\\/\",\"name\":\"Kompressorikeskus\",\"description\":\"\",\"publisher\":{\"@id\":\"https:\\\/\\\/kompressorikeskus.fi\\\/#organization\"},\"potentialAction\":[{\"@type\":\"SearchAction\",\"target\":{\"@type\":\"EntryPoint\",\"urlTemplate\":\"https:\\\/\\\/kompressorikeskus.fi\\\/?s={search_term_string}\"},\"query-input\":{\"@type\":\"PropertyValueSpecification\",\"valueRequired\":true,\"valueName\":\"search_term_string\"}}],\"inLanguage\":\"fi\"},{\"@type\":\"Organization\",\"@id\":\"https:\\\/\\\/kompressorikeskus.fi\\\/#organization\",\"name\":\"Kompressorikeskus\",\"url\":\"https:\\\/\\\/kompressorikeskus.fi\\\/\",\"logo\":{\"@type\":\"ImageObject\",\"inLanguage\":\"fi\",\"@id\":\"https:\\\/\\\/kompressorikeskus.fi\\\/#\\\/schema\\\/logo\\\/image\\\/\",\"url\":\"https:\\\/\\\/kompressorikeskus.fi\\\/wp-content\\\/uploads\\\/2025\\\/12\\\/kompressorikeskus-scaled.jpg\",\"contentUrl\":\"https:\\\/\\\/kompressorikeskus.fi\\\/wp-content\\\/uploads\\\/2025\\\/12\\\/kompressorikeskus-scaled.jpg\",\"width\":2560,\"height\":1280,\"caption\":\"Kompressorikeskus\"},\"image\":{\"@id\":\"https:\\\/\\\/kompressorikeskus.fi\\\/#\\\/schema\\\/logo\\\/image\\\/\"}}]}<\/script>\n<!-- \/ Yoast SEO plugin. -->","yoast_head_json":{"title":"Suuttimet - Kompressorikeskus","robots":{"index":"index","follow":"follow","max-snippet":"max-snippet:-1","max-image-preview":"max-image-preview:large","max-video-preview":"max-video-preview:-1"},"canonical":"https:\/\/kompressorikeskus.fi\/?page_id=249","og_locale":"fi_FI","og_type":"article","og_title":"Suuttimet - Kompressorikeskus","og_description":"&lt;\u2013 Takaisin Meilt\u00e4 l\u00f6yd\u00e4t laajan valikoiman erilaisia suuttimia 100HPLS3403 Hiekkapuhallussuutin \u00f83 3\/4\u2033 100HPLS3404 Hiekkapuhallussuutin \u00f84 3\/4\u2033","og_url":"https:\/\/kompressorikeskus.fi\/?page_id=249","og_site_name":"Kompressorikeskus","article_modified_time":"2026-01-16T12:41:01+00:00","og_image":[{"width":543,"height":376,"url":"https:\/\/kompressorikeskus.fi\/wp-content\/uploads\/2026\/01\/Venturisuutin-34.jpg","type":"image\/jpeg"}],"twitter_card":"summary_large_image","schema":{"@context":"https:\/\/schema.org","@graph":[{"@type":"WebPage","@id":"https:\/\/kompressorikeskus.fi\/?page_id=249","url":"https:\/\/kompressorikeskus.fi\/?page_id=249","name":"Suuttimet - Kompressorikeskus","isPartOf":{"@id":"https:\/\/kompressorikeskus.fi\/#website"},"primaryImageOfPage":{"@id":"https:\/\/kompressorikeskus.fi\/?page_id=249#primaryimage"},"image":{"@id":"https:\/\/kompressorikeskus.fi\/?page_id=249#primaryimage"},"thumbnailUrl":"https:\/\/kompressorikeskus.fi\/wp-content\/uploads\/2026\/01\/Venturisuutin-34.jpg","datePublished":"2026-01-16T12:11:25+00:00","dateModified":"2026-01-16T12:41:01+00:00","breadcrumb":{"@id":"https:\/\/kompressorikeskus.fi\/?page_id=249#breadcrumb"},"inLanguage":"fi","potentialAction":[{"@type":"ReadAction","target":["https:\/\/kompressorikeskus.fi\/?page_id=249"]}]},{"@type":"ImageObject","inLanguage":"fi","@id":"https:\/\/kompressorikeskus.fi\/?page_id=249#primaryimage","url":"https:\/\/kompressorikeskus.fi\/wp-content\/uploads\/2026\/01\/Venturisuutin-34.jpg","contentUrl":"https:\/\/kompressorikeskus.fi\/wp-content\/uploads\/2026\/01\/Venturisuutin-34.jpg","width":543,"height":376},{"@type":"BreadcrumbList","@id":"https:\/\/kompressorikeskus.fi\/?page_id=249#breadcrumb","itemListElement":[{"@type":"ListItem","position":1,"name":"Etusivu","item":"https:\/\/kompressorikeskus.fi\/"},{"@type":"ListItem","position":2,"name":"Suuttimet"}]},{"@type":"WebSite","@id":"https:\/\/kompressorikeskus.fi\/#website","url":"https:\/\/kompressorikeskus.fi\/","name":"Kompressorikeskus","description":"","publisher":{"@id":"https:\/\/kompressorikeskus.fi\/#organization"},"potentialAction":[{"@type":"SearchAction","target":{"@type":"EntryPoint","urlTemplate":"https:\/\/kompressorikeskus.fi\/?s={search_term_string}"},"query-input":{"@type":"PropertyValueSpecification","valueRequired":true,"valueName":"search_term_string"}}],"inLanguage":"fi"},{"@type":"Organization","@id":"https:\/\/kompressorikeskus.fi\/#organization","name":"Kompressorikeskus","url":"https:\/\/kompressorikeskus.fi\/","logo":{"@type":"ImageObject","inLanguage":"fi","@id":"https:\/\/kompressorikeskus.fi\/#\/schema\/logo\/image\/","url":"https:\/\/kompressorikeskus.fi\/wp-content\/uploads\/2025\/12\/kompressorikeskus-scaled.jpg","contentUrl":"https:\/\/kompressorikeskus.fi\/wp-content\/uploads\/2025\/12\/kompressorikeskus-scaled.jpg","width":2560,"height":1280,"caption":"Kompressorikeskus"},"image":{"@id":"https:\/\/kompressorikeskus.fi\/#\/schema\/logo\/image\/"}}]}},"_links":{"self":[{"href":"https:\/\/kompressorikeskus.fi\/index.php?rest_route=\/wp\/v2\/pages\/249","targetHints":{"allow":["GET"]}}],"collection":[{"href":"https:\/\/kompressorikeskus.fi\/index.php?rest_route=\/wp\/v2\/pages"}],"about":[{"href":"https:\/\/kompressorikeskus.fi\/index.php?rest_route=\/wp\/v2\/types\/page"}],"author":[{"embeddable":true,"href":"https:\/\/kompressorikeskus.fi\/index.php?rest_route=\/wp\/v2\/users\/2"}],"replies":[{"embeddable":true,"href":"https:\/\/kompressorikeskus.fi\/index.php?rest_route=%2Fwp%2Fv2%2Fcomments&post=249"}],"version-history":[{"count":2,"href":"https:\/\/kompressorikeskus.fi\/index.php?rest_route=\/wp\/v2\/pages\/249\/revisions"}],"predecessor-version":[{"id":276,"href":"https:\/\/kompressorikeskus.fi\/index.php?rest_route=\/wp\/v2\/pages\/249\/revisions\/276"}],"wp:attachment":[{"href":"https:\/\/kompressorikeskus.fi\/index.php?rest_route=%2Fwp%2Fv2%2Fmedia&parent=249"}],"curies":[{"name":"wp","href":"https:\/\/api.w.org\/{rel}","templated":true}]}}