{"id":241,"date":"2026-01-16T12:11:46","date_gmt":"2026-01-16T12:11:46","guid":{"rendered":"https:\/\/uusi.kompressorikeskus.fi\/?page_id=241"},"modified":"2026-01-16T12:40:40","modified_gmt":"2026-01-16T12:40:40","slug":"raepuhalluskaapit","status":"publish","type":"page","link":"https:\/\/kompressorikeskus.fi\/?page_id=241","title":{"rendered":"Raepuhalluskaapit"},"content":{"rendered":"\n<p class=\"has-base-color has-text-color has-link-color wp-elements-062a6e6061398e2ea4091e444e921dd9\"><strong><a href=\"https:\/\/kompressorikeskus.fi\/?page_id=160\" data-type=\"page\" data-id=\"160\">&lt;\u2013 Takaisin<\/a><\/strong><\/p>\n\n\n\n<p>Kotimaiset PUHTI\u00ae, kest\u00e4v\u00e4t ja turvalliset raepuhalluskaapit soveltuvat autokorjaamoille, konepajateollisuuteen ja metallialan moninaisiin kohteisiin. Jalkapolkimella toimiva painehiekkapuhaltimella varustetut PUHTI\u00ae kaapit ovat teholtaan ylivertaisia verrattuna perinteiseen ejektoriperiaatteella toimivaan j\u00e4rjestelm\u00e4\u00e4n.<\/p>\n\n\n\n<div class=\"wp-block-media-text is-stacked-on-mobile\" style=\"grid-template-columns:45% auto\"><figure class=\"wp-block-media-text__media\"><img loading=\"lazy\" decoding=\"async\" width=\"407\" height=\"561\" src=\"https:\/\/kompressorikeskus.fi\/wp-content\/uploads\/2026\/01\/MAXI.jpg\" alt=\"\" class=\"wp-image-242 size-full\" srcset=\"https:\/\/kompressorikeskus.fi\/wp-content\/uploads\/2026\/01\/MAXI.jpg 407w, https:\/\/kompressorikeskus.fi\/wp-content\/uploads\/2026\/01\/MAXI-218x300.jpg 218w\" sizes=\"auto, (max-width: 407px) 100vw, 407px\" \/><\/figure><div class=\"wp-block-media-text__content\">\n<p class=\"has-medium-font-size\"><strong>MAXI<\/strong><br>Kotimainen, siisti ja turvallinen raepuhalluskaappi<\/p>\n\n\n\n<p>Teollisuuden kunnossapitoon, konepajoille, autokorjaamoilla, ja muihin puhalluskaappia tarvitseviin t\u00f6ihin.<\/p>\n\n\n\n<ul class=\"wp-block-list\">\n<li>&nbsp;<strong>Ejektori pistoolilla toimiva<\/strong><br>puhallusj\u00e4rjestelm\u00e4.<\/li>\n\n\n\n<li>&nbsp;Puhalluskaappi on valmistettu 1,5 mm<br>vahvasta sinkityst\u00e4 ter\u00e4slevyst\u00e4.<\/li>\n\n\n\n<li>&nbsp;Puhalluksen turvallisuus ja siisteys ovat<br>kaapin erikoisominaisuuksia.<\/li>\n\n\n\n<li>&nbsp;Suositeltavia puhallusrakeita ovat<br>lasikuulat ja alumiinioksidi, mutta muutkin<br><strong>kierr\u00e4tett\u00e4v\u00e4ksi<\/strong>&nbsp;<strong>tarkoitetut<\/strong><br>puhallusrakeetkin soveltuvat.<\/li>\n\n\n\n<li>&nbsp;Puhallusrae on nopeasti vaihdettavissa ja<br>sen m\u00e4\u00e4r\u00e4 on s\u00e4\u00e4dett\u00e4viss\u00e4.<\/li>\n\n\n\n<li>&nbsp;Puhalluskaappi toimitetaan l\u00e4hes<br>k\u00e4ytt\u00f6valmiina.<\/li>\n<\/ul>\n\n\n\n<p><strong>T\u00e4ydellinen huolto- ja varaosapalvelu<\/strong><\/p>\n\n\n\n<p><strong>Toimitukseen kuuluvat mm.<\/strong><\/p>\n\n\n\n<ul class=\"wp-block-list\">\n<li>&nbsp;Paineens\u00e4\u00e4din<\/li>\n\n\n\n<li>&nbsp;Suodatin, imuri sek\u00e4 p\u00f6lypussi<\/li>\n\n\n\n<li>&nbsp;Suuri sivuluukku<\/li>\n\n\n\n<li>&nbsp;Valaistus 2x18W<\/li>\n\n\n\n<li>&nbsp;P\u00f6lytiiviit puhallusk\u00e4sineet<\/li>\n\n\n\n<li>&nbsp;Ejektoripistooli<\/li>\n<\/ul>\n\n\n\n<p><strong>Tekniset tiedot:<\/strong><\/p>\n\n\n\n<ul class=\"wp-block-list\">\n<li>&nbsp;Ilmantarve ( 6 bar )\u2026\u2026\u2026\u2026\u2026\u2026\u2026400 l\/min<\/li>\n\n\n\n<li>&nbsp;Puhallustilan sis\u00e4mitat mm\u2026.1000x1000x785<\/li>\n\n\n\n<li>&nbsp;Kaapin ulkomitat mm\u2026\u2026\u2026.1000x1350x1750<\/li>\n\n\n\n<li>&nbsp;Sivuluukku mm\u2026\u2026\u2026\u2026\u2026\u2026\u2026\u2026\u2026.1000\u00d7740<\/li>\n\n\n\n<li>&nbsp;S\u00e4hk\u00f6liit\u00e4nt\u00e4 V, 1-vaihe 50 Hz\u2026\u2026\u2026\u2026\u2026.230<\/li>\n\n\n\n<li>&nbsp;Imurin teho 10 m3\/min\u2026\u2026\u2026\u2026\u2026\u2026\u2026.140 W<\/li>\n\n\n\n<li>&nbsp;Py\u00f6riv\u00e4 p\u00f6yt\u00e4\u2026\u2026\u2026\u2026\u2026\u2026\u2026\u2026\u2026\u2026\u2026..\u00f8 930<\/li>\n\n\n\n<li>&nbsp;Led valaistus\u2026\u2026\u2026\u2026\u2026\u2026\u2026\u2026\u2026\u2026\u2026..10 W<\/li>\n\n\n\n<li>&nbsp;Paino kg\u2026\u2026\u2026\u2026\u2026\u2026\u2026\u2026\u2026\u2026\u2026\u2026\u2026\u2026.160<\/li>\n<\/ul>\n<\/div><\/div>\n\n\n\n<div class=\"wp-block-media-text is-stacked-on-mobile\"><figure class=\"wp-block-media-text__media\"><\/figure><div class=\"wp-block-media-text__content\">\n<p class=\"has-medium-font-size\"><strong>MAXI 1200<\/strong><br>Kotimainen, siisti ja turvallinen raepuhalluskaappi<\/p>\n\n\n\n<p>Teollisuuden kunnossapitoon, konepajoille, autokorjaamoilla, ja muihin puhalluskaappia tarvitseviin t\u00f6ihin.<\/p>\n\n\n\n<ul class=\"wp-block-list\">\n<li><strong>Ejektoripistoolilla toimiva<\/strong>&nbsp;puhallusj\u00e4rjestelm\u00e4.<\/li>\n\n\n\n<li>&nbsp;Puhalluskaappi on valmistettu 1,5 mm vahvasta sinkityst\u00e4 ter\u00e4slevyst\u00e4.<\/li>\n\n\n\n<li>&nbsp;Puhalluksen turvallisuus ja siisteys ovat kaapin erikoisominaisuuksia.<\/li>\n\n\n\n<li>&nbsp;Suositeltavia puhallusrakeita ovat lasikuulat ja alumiinioksidi, mutta muutkin kierr\u00e4tett\u00e4v\u00e4ksi tarkoitetut puhallusrakeetkin soveltuvat.<\/li>\n\n\n\n<li>&nbsp;Puhallusrae on nopeasti vaihdettavissa ja sen m\u00e4\u00e4r\u00e4 on s\u00e4\u00e4dett\u00e4viss\u00e4.<\/li>\n\n\n\n<li>&nbsp;Puhalluskaappi toimitetaan l\u00e4hes k\u00e4ytt\u00f6valmiina.<\/li>\n<\/ul>\n\n\n\n<p><strong>Tekniset tiedot:<\/strong><\/p>\n\n\n\n<ul class=\"wp-block-list\">\n<li>Ilmantarve ( 6 bar )\u2026\u2026\u2026\u2026\u2026\u2026\u2026400 l\/min<\/li>\n\n\n\n<li>Puhallustilan sis\u00e4mitat mm.1200x1200x1000<\/li>\n\n\n\n<li>Kaapin ulkomitat mm\u2026\u2026\u2026.1270x1550x2155<\/li>\n\n\n\n<li>Sivuluukku mm\u2026\u2026\u2026\u2026\u2026\u2026\u2026\u2026.1200\u00d71000<\/li>\n\n\n\n<li>S\u00e4hk\u00f6liit\u00e4nt\u00e4 V, 1-vaihe 50 Hz\u2026\u2026\u2026\u2026\u2026.230<\/li>\n\n\n\n<li>Imurin teho 10 m3\/min\u2026\u2026\u2026\u2026\u2026.\u2026\u2026.140 W<\/li>\n\n\n\n<li>Py\u00f6riv\u00e4 p\u00f6yt\u00e4\u2026\u2026\u2026\u2026\u2026\u2026\u2026\u2026\u2026\u2026\u2026..\u00f8 930<\/li>\n\n\n\n<li>Led valaistus\u2026\u2026\u2026\u2026\u2026\u2026\u2026\u2026\u2026\u2026\u2026\u202610 W<\/li>\n\n\n\n<li>Paino kg\u2026\u2026\u2026\u2026\u2026\u2026\u2026\u2026\u2026\u2026\u2026\u2026\u2026\u2026.200<\/li>\n<\/ul>\n<\/div><\/div>\n\n\n\n<div class=\"wp-block-media-text is-stacked-on-mobile\"><figure class=\"wp-block-media-text__media\"><\/figure><div class=\"wp-block-media-text__content\">\n<p class=\"has-medium-font-size\"><strong>MAXI 1200\/5<\/strong><br>Kotimainen, siisti ja turvallinen raepuhalluskaappi<\/p>\n\n\n\n<p>Teollisuuden kunnossapitoon, konepajoille, autokorjaamoilla, ja muihin puhalluskaappia tarvitseviin t\u00f6ihin.<\/p>\n\n\n\n<p><br>Jalkapolkimella toimiva painehiekkapuhallin on teholtaan moninkertainen verrattuna perinteiseen ejektoriperiaatteella toimivaan puhallusj\u00e4rjestelm\u00e4\u00e4n.<br>Kovametallinen venturisuutin lis\u00e4\u00e4 huomattavasti puhallusrakeen nopeutta ja siten puhalLuksen teho kasvaa merkitt\u00e4v\u00e4sti.<br>Puhalluskaappi on valmistettu 1,5 mm vahvasta sinkityst\u00e4 ter\u00e4slevyst\u00e4.<br>Puhalluksen turvallisuus ja siisteys ovat kaapin t\u00e4rkeit\u00e4 ominaisuuksia.<br>Suositeltavia puhallusrakeita ovat lasikuulat ja alumiinioksidi, mutta kaikki muutkin kierr\u00e4tett\u00e4v\u00e4t puhallusrakeet soveltuvat.<br>Puhallusrae on nopeasti vaihdettavissa ja sen m\u00e4\u00e4r\u00e4 on s\u00e4\u00e4dett\u00e4viss\u00e4.<br>Puhalluskaappi toimitetaan l\u00e4hes k\u00e4ytt\u00f6valmiina.<\/p>\n\n\n\n<p><strong>T\u00e4ydellinen huolto- ja varaosapalvelu<\/strong><\/p>\n\n\n\n<p><strong>Toimitukseen kuuluvat mm.<\/strong><\/p>\n\n\n\n<ul class=\"wp-block-list\">\n<li>Paineens\u00e4\u00e4din<\/li>\n\n\n\n<li>Suodatin, imuri sek\u00e4 p\u00f6lypussi<\/li>\n\n\n\n<li>Valaistus 2x18W<\/li>\n\n\n\n<li>P\u00f6lytiiviit puhallusk\u00e4sineet<\/li>\n\n\n\n<li>Painehiekkapuhallin<\/li>\n\n\n\n<li>Jalkapoljin<\/li>\n\n\n\n<li>Kovametallinen venturisuutin<\/li>\n<\/ul>\n\n\n\n<p><strong>Tekniset tiedot:<\/strong><\/p>\n\n\n\n<ul class=\"wp-block-list\">\n<li>Ilmantarve ( 6 bar \u00f84 suutin)\u2026\u2026..1000 l\/min<\/li>\n\n\n\n<li>Puhallustilan sis\u00e4mitat mm..1200x1200x1000<\/li>\n\n\n\n<li>Kaapin ulkomitat mm\u2026\u2026\u2026.1270x1550x2155<\/li>\n\n\n\n<li>Sivuluukku mm\u2026\u2026\u2026\u2026\u2026\u2026\u2026\u2026..1200\u00d71000<\/li>\n\n\n\n<li>S\u00e4hk\u00f6liit\u00e4nt\u00e4 V, 1-vaihe 50 Hz\u2026\u2026\u2026\u2026\u2026.230<\/li>\n\n\n\n<li>Imurin teho 10 m3\/min\u2026\u2026\u2026\u2026\u2026.\u2026\u2026.140 W<\/li>\n\n\n\n<li>Py\u00f6riv\u00e4 p\u00f6yt\u00e4\u2026\u2026\u2026\u2026\u2026\u2026\u2026\u2026\u2026\u2026\u2026..\u00f8 930<\/li>\n\n\n\n<li>Led valaistus\u2026\u2026\u2026\u2026\u2026\u2026\u2026\u2026\u2026\u2026\u2026\u202610 W<\/li>\n\n\n\n<li>Paino kg\u2026\u2026\u2026\u2026\u2026\u2026\u2026\u2026\u2026\u2026\u2026\u2026\u2026\u2026.200<\/li>\n\n\n\n<li>Ilmantarve ( 6 bar \u00f82 suutin)\u2026..\u2026..400 l\/min<\/li>\n\n\n\n<li>Ilmantarve ( 6 bar \u00f83 suutin)\u2026..\u2026..500 l\/min<\/li>\n<\/ul>\n<\/div><\/div>\n\n\n\n<div class=\"wp-block-media-text is-stacked-on-mobile\"><figure class=\"wp-block-media-text__media\"><img loading=\"lazy\" decoding=\"async\" width=\"285\" height=\"454\" src=\"https:\/\/kompressorikeskus.fi\/wp-content\/uploads\/2026\/01\/MAXI5.jpg\" alt=\"\" class=\"wp-image-243 size-full\" srcset=\"https:\/\/kompressorikeskus.fi\/wp-content\/uploads\/2026\/01\/MAXI5.jpg 285w, https:\/\/kompressorikeskus.fi\/wp-content\/uploads\/2026\/01\/MAXI5-188x300.jpg 188w\" sizes=\"auto, (max-width: 285px) 100vw, 285px\" \/><\/figure><div class=\"wp-block-media-text__content\">\n<p class=\"has-medium-font-size\"><strong>MAXI 5<\/strong><br>Kotimainen, siisti ja turvallinen raepuhalluskaappi<\/p>\n\n\n\n<p>Teollisuuden kunnossapitoon, konepajoille, autokorjaamoilla, ja muihin puhalluskaappia tarvitseviin t\u00f6ihin.<\/p>\n\n\n\n<p>Jalkapolkimella toimiva painehiekkapuhallin on teholtaan moninkertainen verrattuna perinteiseen ejektoriperiaatteella toimivaan puhallusj\u00e4rjestelm\u00e4\u00e4n.<br>Kovametallinen venturisuutin lis\u00e4\u00e4 huomattavasti puhallusrakeen nopeutta ja siten puhalluksen teho kasvaa merkitt\u00e4v\u00e4sti.<br>Puhalluskaappi on valmistettu 1,5 mm vahvasta sinkityst\u00e4 ter\u00e4slevyst\u00e4.<br>Puhalluksen turvallisuus ja siisteys ovat kaapin t\u00e4rkeit\u00e4 ominaisuuksia.<br>Suositeltavia puhallusrakeita ovat lasikuulat ja alumiinioksidi, mutta kaikki muutkin kierr\u00e4tett\u00e4v\u00e4t puhallusrakeet soveltuvat.<br>Puhallusrae on nopeasti vaihdettavissa ja sen m\u00e4\u00e4r\u00e4 on s\u00e4\u00e4dett\u00e4viss\u00e4.<br>Puhalluskaappi toimitetaan l\u00e4hes k\u00e4ytt\u00f6valmiina.<\/p>\n\n\n\n<p><strong>T\u00e4ydellinen huolto- ja varaosapalvelu<\/strong><\/p>\n\n\n\n<p><strong>Toimitukseen kuuluvat mm.<\/strong><\/p>\n\n\n\n<ul class=\"wp-block-list\">\n<li>Paineens\u00e4\u00e4din<\/li>\n\n\n\n<li>Suodatin, imuri sek\u00e4 p\u00f6lypussi<\/li>\n\n\n\n<li>Valaistus 2x18W<\/li>\n\n\n\n<li>P\u00f6lytiiviit puhallusk\u00e4sineet<\/li>\n\n\n\n<li>Painehiekkapuhallin<\/li>\n\n\n\n<li>Jalkapoljin<\/li>\n\n\n\n<li>Kovametallinen venturisuutin<\/li>\n<\/ul>\n\n\n\n<p><strong>Tekniset tiedot:<\/strong><\/p>\n\n\n\n<ul class=\"wp-block-list\">\n<li>Puhallustilan sis\u00e4mitat mm\u2026.1000x1000x785<\/li>\n\n\n\n<li>Kaapin ulkomitat mm\u2026\u2026\u2026.1000x1350x1900<\/li>\n\n\n\n<li>Sivuluukku mm\u2026\u2026\u2026\u2026\u2026\u2026\u2026\u2026\u2026.1000\u00d7740<\/li>\n\n\n\n<li>S\u00e4hk\u00f6liit\u00e4nt\u00e4 V, 1-vaihe 50 Hz\u2026\u2026\u2026\u2026\u2026.230<\/li>\n\n\n\n<li>Imurin teho 10 m3\/min\u2026\u2026\u2026\u2026\u2026.\u2026\u2026.140 W<\/li>\n\n\n\n<li>Py\u00f6riv\u00e4 p\u00f6yt\u00e4\u2026\u2026\u2026\u2026\u2026\u2026\u2026\u2026\u2026\u2026\u2026..\u00f8 930<\/li>\n\n\n\n<li>Led valaistus\u2026\u2026\u2026\u2026\u2026\u2026\u2026\u2026\u2026\u2026\u2026\u202610 W<\/li>\n\n\n\n<li>Paino kg\u2026\u2026\u2026\u2026\u2026\u2026\u2026\u2026\u2026\u2026\u2026\u2026\u2026\u2026.160<\/li>\n\n\n\n<li>Ilmantarve ( 6 bar \u00f83 suutin)\u2026..\u2026..500 l\/min<\/li>\n\n\n\n<li>Ilmantarve ( 6 bar \u00f84 suutin)\u2026\u2026..1000 l\/min<\/li>\n<\/ul>\n<\/div><\/div>\n\n\n\n<div class=\"wp-block-media-text is-stacked-on-mobile\"><figure class=\"wp-block-media-text__media\"><img loading=\"lazy\" decoding=\"async\" width=\"507\" height=\"780\" src=\"https:\/\/kompressorikeskus.fi\/wp-content\/uploads\/2026\/01\/Midi.jpg\" alt=\"\" class=\"wp-image-247 size-full\" srcset=\"https:\/\/kompressorikeskus.fi\/wp-content\/uploads\/2026\/01\/Midi.jpg 507w, https:\/\/kompressorikeskus.fi\/wp-content\/uploads\/2026\/01\/Midi-195x300.jpg 195w\" sizes=\"auto, (max-width: 507px) 100vw, 507px\" \/><\/figure><div class=\"wp-block-media-text__content\">\n<p class=\"has-medium-font-size\"><strong>MIDI <\/strong><br>Kotimainen, siisti ja turvallinen raepuhalluskaappi<\/p>\n\n\n\n<p>Teollisuuden kunnossapitoon, konepajoille, autokorjaamoilla, ja muihin puhalluskaappia tarvitseviin t\u00f6ihin.<\/p>\n\n\n\n<p>Ejektoripistoolilla toimiva j\u00e4rjestelm\u00e4. Puhalluskaappi on valmistettu 1,5 mm vahvasta sinkityst\u00e4 ter\u00e4slevyst\u00e4. Puhalluksen turvallisuus ja siisteys ovat kaapin erikoisominaisuuksia. Suositeltavia puhallusrakeita ovat lasikuulat ja alumiinioksidi, mutta muutkin kierr\u00e4tett\u00e4v\u00e4ksi tarkoitetut puhallusrakeetkin soveltuvat. Puhalluskaappi toimitetaan l\u00e4hes k\u00e4ytt\u00f6valmiina ja sen lopullinen kasaaminen vie vain noin yhden tunnin.<\/p>\n\n\n\n<p><strong>Tekniset tiedot:<\/strong><\/p>\n\n\n\n<ul class=\"wp-block-list\">\n<li>Puhallustilan sis\u00e4mitat mm: 785x600x785<\/li>\n\n\n\n<li>Kaapin ulkomitat mm: 1105x630x1750<\/li>\n\n\n\n<li>Etuluukku mm: 740\u00d7500<\/li>\n\n\n\n<li>S\u00e4hk\u00f6liit\u00e4nt\u00e4 V, 1-vaihe 50 Hz: 230<\/li>\n\n\n\n<li>Imurin teho 10 m3\/min: 140 W<\/li>\n\n\n\n<li>Led valaistus<\/li>\n\n\n\n<li>Paino kg: 80<\/li>\n\n\n\n<li>Ilmantarve (6 bar): 400 l\/min<\/li>\n<\/ul>\n<\/div><\/div>\n\n\n\n<div class=\"wp-block-media-text is-stacked-on-mobile\"><figure class=\"wp-block-media-text__media\"><img loading=\"lazy\" decoding=\"async\" width=\"507\" height=\"780\" src=\"https:\/\/kompressorikeskus.fi\/wp-content\/uploads\/2026\/01\/Midi5-1.jpg\" alt=\"\" class=\"wp-image-246 size-full\" srcset=\"https:\/\/kompressorikeskus.fi\/wp-content\/uploads\/2026\/01\/Midi5-1.jpg 507w, https:\/\/kompressorikeskus.fi\/wp-content\/uploads\/2026\/01\/Midi5-1-195x300.jpg 195w\" sizes=\"auto, (max-width: 507px) 100vw, 507px\" \/><\/figure><div class=\"wp-block-media-text__content\">\n<p class=\"has-medium-font-size\"><strong>MIDI 5<\/strong><br>Kotimainen, siisti ja turvallinen raepuhalluskaappi<\/p>\n\n\n\n<p>Teollisuuden kunnossapitoon, konepajoille, autokorjaamoilla, ja muihin puhalluskaappia tarvitseviin t\u00f6ihin.<\/p>\n\n\n\n<p>Jalkapolkimella toimiva painehiekkapuhallin on teholtaan moninkertainen verrattuna perinteiseen ejektoriperiaatteella toimivaan puhallusj\u00e4restelm\u00e4\u00e4n. Kovametallinen venturisuutin lis\u00e4\u00e4 huomattavasti puhallusrakeen nopeutta ja siten puhalluksen teho kasvaa merkitt\u00e4v\u00e4sti. Puhalluskaappi on valmistettu 1,5 mm vahvasta sinkityst\u00e4 ter\u00e4slevyst\u00e4. Puhalluksen turvallisuus ja siisteys ovat kaapin erikoisominaisuuksia. Suositeltavia puhallusrakeita ovat lasikuulat ja alumiinioksidi, mutta muutkin kierr\u00e4tett\u00e4v\u00e4t puhallusrakeet soveltuvat. Puhallusrae on nopeasti vaihdettavissa ja sen m\u00e4\u00e4r\u00e4 on s\u00e4\u00e4dett\u00e4viss\u00e4. Puhalluskaappi toimitetaan l\u00e4hes k\u00e4ytt\u00f6valmiina.<\/p>\n\n\n\n<p><strong>Tekniset tiedot:<\/strong><\/p>\n\n\n\n<ul class=\"wp-block-list\">\n<li>Ilmantarve (6 bar): 400 l\/min<\/li>\n\n\n\n<li>Puhallustilan sis\u00e4mitat mm: 785x600x785<\/li>\n\n\n\n<li>Kaapin ulkomitat mm: 1105x630x1750<\/li>\n\n\n\n<li>Etuluukku mm: 740\u00d7500<\/li>\n\n\n\n<li>S\u00e4hk\u00f6liit\u00e4nt\u00e4 V, 1-vaihe 50 Hz: 230<\/li>\n\n\n\n<li>Imurin teho 10 m3\/min: 140W<\/li>\n\n\n\n<li>Led valaistus<\/li>\n\n\n\n<li>Paino kg: 80<\/li>\n<\/ul>\n<\/div><\/div>\n","protected":false},"excerpt":{"rendered":"<p>&lt;\u2013 Takaisin Kotimaiset PUHTI\u00ae, kest\u00e4v\u00e4t ja turvalliset raepuhalluskaapit soveltuvat autokorjaamoille, konepajateollisuuteen ja metallialan moninaisiin kohteisiin. Jalkapolkimella toimiva painehiekkapuhaltimella varustetut PUHTI\u00ae [&hellip;]<\/p>\n","protected":false},"author":2,"featured_media":0,"parent":0,"menu_order":0,"comment_status":"closed","ping_status":"closed","template":"","meta":{"footnotes":""},"class_list":["post-241","page","type-page","status-publish","hentry"],"yoast_head":"<!-- This site is optimized with the Yoast SEO plugin v27.5 - https:\/\/yoast.com\/product\/yoast-seo-wordpress\/ -->\n<title>Raepuhalluskaapit - Kompressorikeskus<\/title>\n<meta name=\"robots\" content=\"index, follow, max-snippet:-1, max-image-preview:large, max-video-preview:-1\" \/>\n<link rel=\"canonical\" href=\"https:\/\/kompressorikeskus.fi\/?page_id=241\" \/>\n<meta property=\"og:locale\" content=\"fi_FI\" \/>\n<meta property=\"og:type\" content=\"article\" \/>\n<meta property=\"og:title\" content=\"Raepuhalluskaapit - Kompressorikeskus\" \/>\n<meta property=\"og:description\" content=\"&lt;\u2013 Takaisin Kotimaiset PUHTI\u00ae, kest\u00e4v\u00e4t ja turvalliset raepuhalluskaapit soveltuvat autokorjaamoille, konepajateollisuuteen ja metallialan moninaisiin kohteisiin. Jalkapolkimella toimiva painehiekkapuhaltimella varustetut PUHTI\u00ae [&hellip;]\" \/>\n<meta property=\"og:url\" content=\"https:\/\/kompressorikeskus.fi\/?page_id=241\" \/>\n<meta property=\"og:site_name\" content=\"Kompressorikeskus\" \/>\n<meta property=\"article:modified_time\" content=\"2026-01-16T12:40:40+00:00\" \/>\n<meta property=\"og:image\" content=\"https:\/\/kompressorikeskus.fi\/wp-content\/uploads\/2026\/01\/MAXI.jpg\" \/>\n\t<meta property=\"og:image:width\" content=\"407\" \/>\n\t<meta property=\"og:image:height\" content=\"561\" \/>\n\t<meta property=\"og:image:type\" content=\"image\/jpeg\" \/>\n<meta name=\"twitter:card\" content=\"summary_large_image\" \/>\n<meta name=\"twitter:label1\" content=\"Arvioitu lukuaika\" \/>\n\t<meta name=\"twitter:data1\" content=\"4 minuuttia\" \/>\n<script type=\"application\/ld+json\" class=\"yoast-schema-graph\">{\"@context\":\"https:\\\/\\\/schema.org\",\"@graph\":[{\"@type\":\"WebPage\",\"@id\":\"https:\\\/\\\/kompressorikeskus.fi\\\/?page_id=241\",\"url\":\"https:\\\/\\\/kompressorikeskus.fi\\\/?page_id=241\",\"name\":\"Raepuhalluskaapit - Kompressorikeskus\",\"isPartOf\":{\"@id\":\"https:\\\/\\\/kompressorikeskus.fi\\\/#website\"},\"primaryImageOfPage\":{\"@id\":\"https:\\\/\\\/kompressorikeskus.fi\\\/?page_id=241#primaryimage\"},\"image\":{\"@id\":\"https:\\\/\\\/kompressorikeskus.fi\\\/?page_id=241#primaryimage\"},\"thumbnailUrl\":\"https:\\\/\\\/kompressorikeskus.fi\\\/wp-content\\\/uploads\\\/2026\\\/01\\\/MAXI.jpg\",\"datePublished\":\"2026-01-16T12:11:46+00:00\",\"dateModified\":\"2026-01-16T12:40:40+00:00\",\"breadcrumb\":{\"@id\":\"https:\\\/\\\/kompressorikeskus.fi\\\/?page_id=241#breadcrumb\"},\"inLanguage\":\"fi\",\"potentialAction\":[{\"@type\":\"ReadAction\",\"target\":[\"https:\\\/\\\/kompressorikeskus.fi\\\/?page_id=241\"]}]},{\"@type\":\"ImageObject\",\"inLanguage\":\"fi\",\"@id\":\"https:\\\/\\\/kompressorikeskus.fi\\\/?page_id=241#primaryimage\",\"url\":\"https:\\\/\\\/kompressorikeskus.fi\\\/wp-content\\\/uploads\\\/2026\\\/01\\\/MAXI.jpg\",\"contentUrl\":\"https:\\\/\\\/kompressorikeskus.fi\\\/wp-content\\\/uploads\\\/2026\\\/01\\\/MAXI.jpg\",\"width\":407,\"height\":561},{\"@type\":\"BreadcrumbList\",\"@id\":\"https:\\\/\\\/kompressorikeskus.fi\\\/?page_id=241#breadcrumb\",\"itemListElement\":[{\"@type\":\"ListItem\",\"position\":1,\"name\":\"Etusivu\",\"item\":\"https:\\\/\\\/kompressorikeskus.fi\\\/\"},{\"@type\":\"ListItem\",\"position\":2,\"name\":\"Raepuhalluskaapit\"}]},{\"@type\":\"WebSite\",\"@id\":\"https:\\\/\\\/kompressorikeskus.fi\\\/#website\",\"url\":\"https:\\\/\\\/kompressorikeskus.fi\\\/\",\"name\":\"Kompressorikeskus\",\"description\":\"\",\"publisher\":{\"@id\":\"https:\\\/\\\/kompressorikeskus.fi\\\/#organization\"},\"potentialAction\":[{\"@type\":\"SearchAction\",\"target\":{\"@type\":\"EntryPoint\",\"urlTemplate\":\"https:\\\/\\\/kompressorikeskus.fi\\\/?s={search_term_string}\"},\"query-input\":{\"@type\":\"PropertyValueSpecification\",\"valueRequired\":true,\"valueName\":\"search_term_string\"}}],\"inLanguage\":\"fi\"},{\"@type\":\"Organization\",\"@id\":\"https:\\\/\\\/kompressorikeskus.fi\\\/#organization\",\"name\":\"Kompressorikeskus\",\"url\":\"https:\\\/\\\/kompressorikeskus.fi\\\/\",\"logo\":{\"@type\":\"ImageObject\",\"inLanguage\":\"fi\",\"@id\":\"https:\\\/\\\/kompressorikeskus.fi\\\/#\\\/schema\\\/logo\\\/image\\\/\",\"url\":\"https:\\\/\\\/kompressorikeskus.fi\\\/wp-content\\\/uploads\\\/2025\\\/12\\\/kompressorikeskus-scaled.jpg\",\"contentUrl\":\"https:\\\/\\\/kompressorikeskus.fi\\\/wp-content\\\/uploads\\\/2025\\\/12\\\/kompressorikeskus-scaled.jpg\",\"width\":2560,\"height\":1280,\"caption\":\"Kompressorikeskus\"},\"image\":{\"@id\":\"https:\\\/\\\/kompressorikeskus.fi\\\/#\\\/schema\\\/logo\\\/image\\\/\"}}]}<\/script>\n<!-- \/ Yoast SEO plugin. -->","yoast_head_json":{"title":"Raepuhalluskaapit - Kompressorikeskus","robots":{"index":"index","follow":"follow","max-snippet":"max-snippet:-1","max-image-preview":"max-image-preview:large","max-video-preview":"max-video-preview:-1"},"canonical":"https:\/\/kompressorikeskus.fi\/?page_id=241","og_locale":"fi_FI","og_type":"article","og_title":"Raepuhalluskaapit - Kompressorikeskus","og_description":"&lt;\u2013 Takaisin Kotimaiset PUHTI\u00ae, kest\u00e4v\u00e4t ja turvalliset raepuhalluskaapit soveltuvat autokorjaamoille, konepajateollisuuteen ja metallialan moninaisiin kohteisiin. Jalkapolkimella toimiva painehiekkapuhaltimella varustetut PUHTI\u00ae [&hellip;]","og_url":"https:\/\/kompressorikeskus.fi\/?page_id=241","og_site_name":"Kompressorikeskus","article_modified_time":"2026-01-16T12:40:40+00:00","og_image":[{"width":407,"height":561,"url":"https:\/\/kompressorikeskus.fi\/wp-content\/uploads\/2026\/01\/MAXI.jpg","type":"image\/jpeg"}],"twitter_card":"summary_large_image","twitter_misc":{"Arvioitu lukuaika":"4 minuuttia"},"schema":{"@context":"https:\/\/schema.org","@graph":[{"@type":"WebPage","@id":"https:\/\/kompressorikeskus.fi\/?page_id=241","url":"https:\/\/kompressorikeskus.fi\/?page_id=241","name":"Raepuhalluskaapit - Kompressorikeskus","isPartOf":{"@id":"https:\/\/kompressorikeskus.fi\/#website"},"primaryImageOfPage":{"@id":"https:\/\/kompressorikeskus.fi\/?page_id=241#primaryimage"},"image":{"@id":"https:\/\/kompressorikeskus.fi\/?page_id=241#primaryimage"},"thumbnailUrl":"https:\/\/kompressorikeskus.fi\/wp-content\/uploads\/2026\/01\/MAXI.jpg","datePublished":"2026-01-16T12:11:46+00:00","dateModified":"2026-01-16T12:40:40+00:00","breadcrumb":{"@id":"https:\/\/kompressorikeskus.fi\/?page_id=241#breadcrumb"},"inLanguage":"fi","potentialAction":[{"@type":"ReadAction","target":["https:\/\/kompressorikeskus.fi\/?page_id=241"]}]},{"@type":"ImageObject","inLanguage":"fi","@id":"https:\/\/kompressorikeskus.fi\/?page_id=241#primaryimage","url":"https:\/\/kompressorikeskus.fi\/wp-content\/uploads\/2026\/01\/MAXI.jpg","contentUrl":"https:\/\/kompressorikeskus.fi\/wp-content\/uploads\/2026\/01\/MAXI.jpg","width":407,"height":561},{"@type":"BreadcrumbList","@id":"https:\/\/kompressorikeskus.fi\/?page_id=241#breadcrumb","itemListElement":[{"@type":"ListItem","position":1,"name":"Etusivu","item":"https:\/\/kompressorikeskus.fi\/"},{"@type":"ListItem","position":2,"name":"Raepuhalluskaapit"}]},{"@type":"WebSite","@id":"https:\/\/kompressorikeskus.fi\/#website","url":"https:\/\/kompressorikeskus.fi\/","name":"Kompressorikeskus","description":"","publisher":{"@id":"https:\/\/kompressorikeskus.fi\/#organization"},"potentialAction":[{"@type":"SearchAction","target":{"@type":"EntryPoint","urlTemplate":"https:\/\/kompressorikeskus.fi\/?s={search_term_string}"},"query-input":{"@type":"PropertyValueSpecification","valueRequired":true,"valueName":"search_term_string"}}],"inLanguage":"fi"},{"@type":"Organization","@id":"https:\/\/kompressorikeskus.fi\/#organization","name":"Kompressorikeskus","url":"https:\/\/kompressorikeskus.fi\/","logo":{"@type":"ImageObject","inLanguage":"fi","@id":"https:\/\/kompressorikeskus.fi\/#\/schema\/logo\/image\/","url":"https:\/\/kompressorikeskus.fi\/wp-content\/uploads\/2025\/12\/kompressorikeskus-scaled.jpg","contentUrl":"https:\/\/kompressorikeskus.fi\/wp-content\/uploads\/2025\/12\/kompressorikeskus-scaled.jpg","width":2560,"height":1280,"caption":"Kompressorikeskus"},"image":{"@id":"https:\/\/kompressorikeskus.fi\/#\/schema\/logo\/image\/"}}]}},"_links":{"self":[{"href":"https:\/\/kompressorikeskus.fi\/index.php?rest_route=\/wp\/v2\/pages\/241","targetHints":{"allow":["GET"]}}],"collection":[{"href":"https:\/\/kompressorikeskus.fi\/index.php?rest_route=\/wp\/v2\/pages"}],"about":[{"href":"https:\/\/kompressorikeskus.fi\/index.php?rest_route=\/wp\/v2\/types\/page"}],"author":[{"embeddable":true,"href":"https:\/\/kompressorikeskus.fi\/index.php?rest_route=\/wp\/v2\/users\/2"}],"replies":[{"embeddable":true,"href":"https:\/\/kompressorikeskus.fi\/index.php?rest_route=%2Fwp%2Fv2%2Fcomments&post=241"}],"version-history":[{"count":2,"href":"https:\/\/kompressorikeskus.fi\/index.php?rest_route=\/wp\/v2\/pages\/241\/revisions"}],"predecessor-version":[{"id":275,"href":"https:\/\/kompressorikeskus.fi\/index.php?rest_route=\/wp\/v2\/pages\/241\/revisions\/275"}],"wp:attachment":[{"href":"https:\/\/kompressorikeskus.fi\/index.php?rest_route=%2Fwp%2Fv2%2Fmedia&parent=241"}],"curies":[{"name":"wp","href":"https:\/\/api.w.org\/{rel}","templated":true}]}}