{"id":218,"date":"2026-01-16T10:11:03","date_gmt":"2026-01-16T10:11:03","guid":{"rendered":"https:\/\/uusi.kompressorikeskus.fi\/?page_id=218"},"modified":"2026-01-16T12:34:42","modified_gmt":"2026-01-16T12:34:42","slug":"polttomoottorit","status":"publish","type":"page","link":"https:\/\/kompressorikeskus.fi\/?page_id=218","title":{"rendered":"Polttomoottorit"},"content":{"rendered":"\n<p class=\"has-base-color has-text-color has-link-color wp-elements-3462989a9b1bb3f90dcc64486d8e8be7\"><strong><a href=\"https:\/\/kompressorikeskus.fi\/?page_id=171\" data-type=\"page\" data-id=\"171\"> &lt;\u2013 Takaisin<\/a><\/strong><\/p>\n\n\n\n<div class=\"wp-block-media-text is-stacked-on-mobile\"><figure class=\"wp-block-media-text__media\"><img loading=\"lazy\" decoding=\"async\" width=\"768\" height=\"493\" src=\"https:\/\/kompressorikeskus.fi\/wp-content\/uploads\/2026\/01\/Punainen.1300PM-768x493-1.jpg\" alt=\"\" class=\"wp-image-219 size-full\" srcset=\"https:\/\/kompressorikeskus.fi\/wp-content\/uploads\/2026\/01\/Punainen.1300PM-768x493-1.jpg 768w, https:\/\/kompressorikeskus.fi\/wp-content\/uploads\/2026\/01\/Punainen.1300PM-768x493-1-300x193.jpg 300w\" sizes=\"auto, (max-width: 768px) 100vw, 768px\" \/><\/figure><div class=\"wp-block-media-text__content\">\n<p class=\"has-medium-font-size\"><strong>Kotimainen PUHTI 1300 PM Polttomoottorikompressori<\/strong><\/p>\n\n\n\n<p>Korkealuokkaisen Puhti polttomoottorin viet sinne mihin s\u00e4hk\u00f6virta ei yll\u00e4. Vaikeissakin<br>olosuhteissa Hondan 13 HP koneella varustettu varmak\u00e4yntinen ja helppohoitoinen<br>kompressori soveltuu mit\u00e4 moninaisimpiin huolto- ja ty\u00f6suorituksiin.<\/p>\n\n\n\n<h3 class=\"wp-block-heading\">Vakiovarusteet:<\/h3>\n\n\n\n<p>\u2022 Painemittari<br>\u2022 Varoventtiili<br>\u2022 Takaiskuventtiili<br>\u2022 Vedenpoistoruuvi<\/p>\n\n\n\n<h3 class=\"wp-block-heading\">Teknisi\u00e4 tietoja:<\/h3>\n\n\n\n<ul class=\"wp-block-list\">\n<li>Maksimipaine bar\u2026\u2026\u2026\u2026\u2026\u2026\u2026\u2026 8<\/li>\n\n\n\n<li>Pituus mm\u2026\u2026\u2026\u2026\u2026\u2026\u2026\u2026\u2026\u2026..1200<\/li>\n\n\n\n<li>Leveys mm\u2026\u2026\u2026\u2026\u2026\u2026\u2026\u2026\u2026..\u2026.700<\/li>\n\n\n\n<li>Korkeus mm\u2026\u2026\u2026\u2026\u2026\u2026\u2026\u2026.\u2026\u2026740<\/li>\n\n\n\n<li>Moottori Honda HP\u2026\u2026\u2026\u2026\u2026\u2026.\u2026\u202613<\/li>\n\n\n\n<li>S\u00e4ili\u00f6 L\u2026\u2026\u2026\u2026\u2026\u2026\u2026\u2026\u2026\u2026\u2026\u2026\u2026.10<\/li>\n\n\n\n<li>Paino kg\u2026\u2026\u2026\u2026\u2026\u2026\u2026\u2026\u2026\u2026\u2026\u2026.130<\/li>\n\n\n\n<li>Imuteho l\/min\u2026\u2026\u2026\u2026\u2026\u2026\u2026\u2026\u2026.1300<\/li>\n\n\n\n<li>Tuotto l\/min ( 6 bar )\u2026\u2026\u2026\u2026\u2026\u2026..1000<\/li>\n<\/ul>\n<\/div><\/div>\n\n\n\n<div class=\"wp-block-media-text is-stacked-on-mobile\"><figure class=\"wp-block-media-text__media\"><img loading=\"lazy\" decoding=\"async\" width=\"935\" height=\"1024\" src=\"https:\/\/kompressorikeskus.fi\/wp-content\/uploads\/2026\/01\/Punainen.PM660-150-935x1024.gif\" alt=\"\" class=\"wp-image-220 size-full\" srcset=\"https:\/\/kompressorikeskus.fi\/wp-content\/uploads\/2026\/01\/Punainen.PM660-150-935x1024.gif 935w, https:\/\/kompressorikeskus.fi\/wp-content\/uploads\/2026\/01\/Punainen.PM660-150-274x300.gif 274w, https:\/\/kompressorikeskus.fi\/wp-content\/uploads\/2026\/01\/Punainen.PM660-150-768x841.gif 768w\" sizes=\"auto, (max-width: 935px) 100vw, 935px\" \/><\/figure><div class=\"wp-block-media-text__content\">\n<p class=\"has-medium-font-size\"><strong>Kotimainen Puhti 550 PM Polttomoottorikompressor<\/strong>i<\/p>\n\n\n\n<h3 class=\"wp-block-heading\">Vakiovarusteet:<\/h3>\n\n\n\n<p>\u2022 Painemittari<br>\u2022 Varoventtiili<br>\u2022 Takaiskuventtiili<br>\u2022 Paineens\u00e4\u00e4din<br>\u2022 Vedenpoistoruuvi<\/p>\n\n\n\n<h3 class=\"wp-block-heading\">Teknisi\u00e4 tietoja:<\/h3>\n\n\n\n<ul class=\"wp-block-list\">\n<li>Maksimipaine bar\u2026\u2026\u2026\u2026\u2026\u2026\u2026\u2026..10<\/li>\n\n\n\n<li>Pituus mm\u2026\u2026\u2026\u2026\u2026\u2026\u2026\u2026\u2026\u2026\u2026.1000<\/li>\n\n\n\n<li>Leveys mm\u2026\u2026\u2026\u2026\u2026\u2026\u2026\u2026\u2026\u2026\u2026.440<\/li>\n\n\n\n<li>Korkeus mm\u2026\u2026\u2026\u2026\u2026\u2026\u2026\u2026\u2026\u2026..740<\/li>\n\n\n\n<li>Moottori Vanguard HP\u2026\u2026\u2026\u2026\u2026..\u2026\u20266<\/li>\n\n\n\n<li>S\u00e4ili\u00f6 L\u2026\u2026\u2026\u2026\u2026\u2026\u2026\u2026\u2026\u2026\u2026\u2026\u2026..50<\/li>\n\n\n\n<li>Paino kg\u2026\u2026\u2026\u2026\u2026\u2026\u2026\u2026\u2026\u2026\u2026\u2026\u202660<\/li>\n\n\n\n<li>Imuteho l\/min\u2026\u2026\u2026\u2026\u2026\u2026\u2026\u2026\u2026\u2026550<\/li>\n\n\n\n<li>Tuotto l\/min ( 6 bar )\u2026\u2026\u2026\u2026\u2026\u2026\u2026400<\/li>\n<\/ul>\n<\/div><\/div>\n\n\n\n<div class=\"wp-block-media-text is-stacked-on-mobile\"><figure class=\"wp-block-media-text__media\"><img loading=\"lazy\" decoding=\"async\" width=\"935\" height=\"1024\" src=\"https:\/\/kompressorikeskus.fi\/wp-content\/uploads\/2026\/01\/Punainen.PM660-150-935x1024.gif\" alt=\"\" class=\"wp-image-220 size-full\" srcset=\"https:\/\/kompressorikeskus.fi\/wp-content\/uploads\/2026\/01\/Punainen.PM660-150-935x1024.gif 935w, https:\/\/kompressorikeskus.fi\/wp-content\/uploads\/2026\/01\/Punainen.PM660-150-274x300.gif 274w, https:\/\/kompressorikeskus.fi\/wp-content\/uploads\/2026\/01\/Punainen.PM660-150-768x841.gif 768w\" sizes=\"auto, (max-width: 935px) 100vw, 935px\" \/><\/figure><div class=\"wp-block-media-text__content\">\n<p class=\"has-medium-font-size\"><strong>Kotimainen PUHTI 660 PM Polttomoottorikompressori<\/strong><\/p>\n\n\n\n<h3 class=\"wp-block-heading\">Vakiovarusteet:<\/h3>\n\n\n\n<p>\u2022 Painemittari<br>\u2022 Varoventtiili<br>\u2022 Takaiskuventtiili<br>\u2022 Paineens\u00e4\u00e4din<br>\u2022 Vedenpoistoruuvi<\/p>\n\n\n\n<h3 class=\"wp-block-heading\">Teknisi\u00e4 tietoja:<\/h3>\n\n\n\n<ul class=\"wp-block-list\">\n<li>Maksimipaine bar\u2026\u2026\u2026\u2026\u2026\u2026\u2026\u2026..10<\/li>\n\n\n\n<li>Pituus mm\u2026\u2026\u2026\u2026\u2026\u2026\u2026\u2026\u2026\u2026\u20261320<\/li>\n\n\n\n<li>Leveys mm\u2026\u2026\u2026\u2026\u2026\u2026\u2026\u2026\u2026\u2026\u2026.530<\/li>\n\n\n\n<li>Korkeus mm\u2026\u2026\u2026\u2026\u2026\u2026\u2026\u2026\u2026\u20261150<\/li>\n\n\n\n<li>Moottori Honda HP\u2026\u2026\u2026\u2026\u2026\u2026\u2026\u2026\u20269<\/li>\n\n\n\n<li>S\u00e4ili\u00f6 L\u2026\u2026\u2026\u2026\u2026\u2026\u2026\u2026\u2026\u2026\u2026\u2026\u2026150<\/li>\n\n\n\n<li>Paino kg\u2026\u2026\u2026\u2026\u2026\u2026\u2026\u2026\u2026\u2026\u2026\u2026.130<\/li>\n\n\n\n<li>Imuteho l\/min\u2026\u2026\u2026\u2026\u2026\u2026\u2026\u2026\u2026\u2026660<\/li>\n\n\n\n<li>Tuotto l\/min ( 6 bar )\u2026\u2026\u2026\u2026\u2026\u2026\u2026500<\/li>\n<\/ul>\n<\/div><\/div>\n\n\n\n<div class=\"wp-block-media-text is-stacked-on-mobile\"><figure class=\"wp-block-media-text__media\"><\/figure><div class=\"wp-block-media-text__content\">\n<p class=\"has-medium-font-size\"><strong>Super Fox 5 G <\/strong><br><strong>Polttomoottorikompressori<\/strong><\/p>\n\n\n\n<p>Korkealuokkaisen Puhti polttomoottorin viet sinne mihin s\u00e4hk\u00f6virta ei yll\u00e4. Vaikeissakin<br>olosuhteissa Robinin 3 HP koneella varustettu varmak\u00e4yntinen ja helppohoitoinen<br>kompressori soveltuu mit\u00e4 moninaisimpiin huolto- ja ty\u00f6suorituksiin.<\/p>\n\n\n\n<h3 class=\"wp-block-heading\">Vakiovarusteet:<\/h3>\n\n\n\n<ul class=\"wp-block-list\">\n<li>Painemittari<\/li>\n\n\n\n<li>Varoventtiili<\/li>\n\n\n\n<li>Takaiskuventtiili<\/li>\n\n\n\n<li>Vedenpoistoruuvi<\/li>\n<\/ul>\n\n\n\n<h3 class=\"wp-block-heading\">Teknisi\u00e4 tietoja:<\/h3>\n\n\n\n<ul class=\"wp-block-list\">\n<li>Maksimipaine bar\u2026\u2026\u2026\u2026\u2026\u2026\u2026\u202610<\/li>\n\n\n\n<li>Pituus mm\u2026\u2026\u2026\u2026\u2026\u2026\u2026\u2026\u2026\u2026..430<\/li>\n\n\n\n<li>Leveys mm\u2026\u2026\u2026\u2026\u2026\u2026\u2026\u2026\u2026\u2026.450<\/li>\n\n\n\n<li>Korkeus mm\u2026\u2026\u2026\u2026\u2026\u2026\u2026\u2026..\u2026430<\/li>\n\n\n\n<li>Moottori Robin HP\u2026\u2026\u2026\u2026\u2026\u2026\u2026\u20263<\/li>\n\n\n\n<li>S\u00e4ili\u00f6 L\u2026\u2026\u2026\u2026\u2026\u2026\u2026\u2026\u2026\u2026\u2026\u2026\u2026.7<\/li>\n\n\n\n<li>Paino kg\u2026\u2026\u2026\u2026\u2026\u2026\u2026\u2026\u2026\u2026..\u2026.25<\/li>\n\n\n\n<li>Imuteho l\/min\u2026\u2026\u2026\u2026\u2026\u2026\u2026..\u2026.380<\/li>\n\n\n\n<li>Tuotto l\/min ( 6 bar )\u2026\u2026\u2026\u2026\u2026\u2026.250<\/li>\n<\/ul>\n<\/div><\/div>\n","protected":false},"excerpt":{"rendered":"<p>&lt;\u2013 Takaisin<\/p>\n","protected":false},"author":2,"featured_media":0,"parent":0,"menu_order":0,"comment_status":"closed","ping_status":"closed","template":"","meta":{"footnotes":""},"class_list":["post-218","page","type-page","status-publish","hentry"],"yoast_head":"<!-- This site is optimized with the Yoast SEO plugin v27.5 - https:\/\/yoast.com\/product\/yoast-seo-wordpress\/ -->\n<title>Polttomoottorit - Kompressorikeskus<\/title>\n<meta name=\"robots\" content=\"index, follow, max-snippet:-1, max-image-preview:large, max-video-preview:-1\" \/>\n<link rel=\"canonical\" href=\"https:\/\/kompressorikeskus.fi\/?page_id=218\" \/>\n<meta property=\"og:locale\" content=\"fi_FI\" \/>\n<meta property=\"og:type\" content=\"article\" \/>\n<meta property=\"og:title\" content=\"Polttomoottorit - Kompressorikeskus\" \/>\n<meta property=\"og:description\" content=\"&lt;\u2013 Takaisin\" \/>\n<meta property=\"og:url\" content=\"https:\/\/kompressorikeskus.fi\/?page_id=218\" \/>\n<meta property=\"og:site_name\" content=\"Kompressorikeskus\" \/>\n<meta property=\"article:modified_time\" content=\"2026-01-16T12:34:42+00:00\" \/>\n<meta property=\"og:image\" content=\"https:\/\/kompressorikeskus.fi\/wp-content\/uploads\/2026\/01\/Punainen.1300PM-768x493-1.jpg\" \/>\n\t<meta property=\"og:image:width\" content=\"768\" \/>\n\t<meta property=\"og:image:height\" content=\"493\" \/>\n\t<meta property=\"og:image:type\" content=\"image\/jpeg\" \/>\n<meta name=\"twitter:card\" content=\"summary_large_image\" \/>\n<meta name=\"twitter:label1\" content=\"Arvioitu lukuaika\" \/>\n\t<meta name=\"twitter:data1\" content=\"1 minuutti\" \/>\n<script type=\"application\/ld+json\" class=\"yoast-schema-graph\">{\"@context\":\"https:\\\/\\\/schema.org\",\"@graph\":[{\"@type\":\"WebPage\",\"@id\":\"https:\\\/\\\/kompressorikeskus.fi\\\/?page_id=218\",\"url\":\"https:\\\/\\\/kompressorikeskus.fi\\\/?page_id=218\",\"name\":\"Polttomoottorit - Kompressorikeskus\",\"isPartOf\":{\"@id\":\"https:\\\/\\\/kompressorikeskus.fi\\\/#website\"},\"primaryImageOfPage\":{\"@id\":\"https:\\\/\\\/kompressorikeskus.fi\\\/?page_id=218#primaryimage\"},\"image\":{\"@id\":\"https:\\\/\\\/kompressorikeskus.fi\\\/?page_id=218#primaryimage\"},\"thumbnailUrl\":\"https:\\\/\\\/kompressorikeskus.fi\\\/wp-content\\\/uploads\\\/2026\\\/01\\\/Punainen.1300PM-768x493-1.jpg\",\"datePublished\":\"2026-01-16T10:11:03+00:00\",\"dateModified\":\"2026-01-16T12:34:42+00:00\",\"breadcrumb\":{\"@id\":\"https:\\\/\\\/kompressorikeskus.fi\\\/?page_id=218#breadcrumb\"},\"inLanguage\":\"fi\",\"potentialAction\":[{\"@type\":\"ReadAction\",\"target\":[\"https:\\\/\\\/kompressorikeskus.fi\\\/?page_id=218\"]}]},{\"@type\":\"ImageObject\",\"inLanguage\":\"fi\",\"@id\":\"https:\\\/\\\/kompressorikeskus.fi\\\/?page_id=218#primaryimage\",\"url\":\"https:\\\/\\\/kompressorikeskus.fi\\\/wp-content\\\/uploads\\\/2026\\\/01\\\/Punainen.1300PM-768x493-1.jpg\",\"contentUrl\":\"https:\\\/\\\/kompressorikeskus.fi\\\/wp-content\\\/uploads\\\/2026\\\/01\\\/Punainen.1300PM-768x493-1.jpg\",\"width\":768,\"height\":493},{\"@type\":\"BreadcrumbList\",\"@id\":\"https:\\\/\\\/kompressorikeskus.fi\\\/?page_id=218#breadcrumb\",\"itemListElement\":[{\"@type\":\"ListItem\",\"position\":1,\"name\":\"Etusivu\",\"item\":\"https:\\\/\\\/kompressorikeskus.fi\\\/\"},{\"@type\":\"ListItem\",\"position\":2,\"name\":\"Polttomoottorit\"}]},{\"@type\":\"WebSite\",\"@id\":\"https:\\\/\\\/kompressorikeskus.fi\\\/#website\",\"url\":\"https:\\\/\\\/kompressorikeskus.fi\\\/\",\"name\":\"Kompressorikeskus\",\"description\":\"\",\"publisher\":{\"@id\":\"https:\\\/\\\/kompressorikeskus.fi\\\/#organization\"},\"potentialAction\":[{\"@type\":\"SearchAction\",\"target\":{\"@type\":\"EntryPoint\",\"urlTemplate\":\"https:\\\/\\\/kompressorikeskus.fi\\\/?s={search_term_string}\"},\"query-input\":{\"@type\":\"PropertyValueSpecification\",\"valueRequired\":true,\"valueName\":\"search_term_string\"}}],\"inLanguage\":\"fi\"},{\"@type\":\"Organization\",\"@id\":\"https:\\\/\\\/kompressorikeskus.fi\\\/#organization\",\"name\":\"Kompressorikeskus\",\"url\":\"https:\\\/\\\/kompressorikeskus.fi\\\/\",\"logo\":{\"@type\":\"ImageObject\",\"inLanguage\":\"fi\",\"@id\":\"https:\\\/\\\/kompressorikeskus.fi\\\/#\\\/schema\\\/logo\\\/image\\\/\",\"url\":\"https:\\\/\\\/kompressorikeskus.fi\\\/wp-content\\\/uploads\\\/2025\\\/12\\\/kompressorikeskus-scaled.jpg\",\"contentUrl\":\"https:\\\/\\\/kompressorikeskus.fi\\\/wp-content\\\/uploads\\\/2025\\\/12\\\/kompressorikeskus-scaled.jpg\",\"width\":2560,\"height\":1280,\"caption\":\"Kompressorikeskus\"},\"image\":{\"@id\":\"https:\\\/\\\/kompressorikeskus.fi\\\/#\\\/schema\\\/logo\\\/image\\\/\"}}]}<\/script>\n<!-- \/ Yoast SEO plugin. -->","yoast_head_json":{"title":"Polttomoottorit - Kompressorikeskus","robots":{"index":"index","follow":"follow","max-snippet":"max-snippet:-1","max-image-preview":"max-image-preview:large","max-video-preview":"max-video-preview:-1"},"canonical":"https:\/\/kompressorikeskus.fi\/?page_id=218","og_locale":"fi_FI","og_type":"article","og_title":"Polttomoottorit - Kompressorikeskus","og_description":"&lt;\u2013 Takaisin","og_url":"https:\/\/kompressorikeskus.fi\/?page_id=218","og_site_name":"Kompressorikeskus","article_modified_time":"2026-01-16T12:34:42+00:00","og_image":[{"width":768,"height":493,"url":"https:\/\/kompressorikeskus.fi\/wp-content\/uploads\/2026\/01\/Punainen.1300PM-768x493-1.jpg","type":"image\/jpeg"}],"twitter_card":"summary_large_image","twitter_misc":{"Arvioitu lukuaika":"1 minuutti"},"schema":{"@context":"https:\/\/schema.org","@graph":[{"@type":"WebPage","@id":"https:\/\/kompressorikeskus.fi\/?page_id=218","url":"https:\/\/kompressorikeskus.fi\/?page_id=218","name":"Polttomoottorit - Kompressorikeskus","isPartOf":{"@id":"https:\/\/kompressorikeskus.fi\/#website"},"primaryImageOfPage":{"@id":"https:\/\/kompressorikeskus.fi\/?page_id=218#primaryimage"},"image":{"@id":"https:\/\/kompressorikeskus.fi\/?page_id=218#primaryimage"},"thumbnailUrl":"https:\/\/kompressorikeskus.fi\/wp-content\/uploads\/2026\/01\/Punainen.1300PM-768x493-1.jpg","datePublished":"2026-01-16T10:11:03+00:00","dateModified":"2026-01-16T12:34:42+00:00","breadcrumb":{"@id":"https:\/\/kompressorikeskus.fi\/?page_id=218#breadcrumb"},"inLanguage":"fi","potentialAction":[{"@type":"ReadAction","target":["https:\/\/kompressorikeskus.fi\/?page_id=218"]}]},{"@type":"ImageObject","inLanguage":"fi","@id":"https:\/\/kompressorikeskus.fi\/?page_id=218#primaryimage","url":"https:\/\/kompressorikeskus.fi\/wp-content\/uploads\/2026\/01\/Punainen.1300PM-768x493-1.jpg","contentUrl":"https:\/\/kompressorikeskus.fi\/wp-content\/uploads\/2026\/01\/Punainen.1300PM-768x493-1.jpg","width":768,"height":493},{"@type":"BreadcrumbList","@id":"https:\/\/kompressorikeskus.fi\/?page_id=218#breadcrumb","itemListElement":[{"@type":"ListItem","position":1,"name":"Etusivu","item":"https:\/\/kompressorikeskus.fi\/"},{"@type":"ListItem","position":2,"name":"Polttomoottorit"}]},{"@type":"WebSite","@id":"https:\/\/kompressorikeskus.fi\/#website","url":"https:\/\/kompressorikeskus.fi\/","name":"Kompressorikeskus","description":"","publisher":{"@id":"https:\/\/kompressorikeskus.fi\/#organization"},"potentialAction":[{"@type":"SearchAction","target":{"@type":"EntryPoint","urlTemplate":"https:\/\/kompressorikeskus.fi\/?s={search_term_string}"},"query-input":{"@type":"PropertyValueSpecification","valueRequired":true,"valueName":"search_term_string"}}],"inLanguage":"fi"},{"@type":"Organization","@id":"https:\/\/kompressorikeskus.fi\/#organization","name":"Kompressorikeskus","url":"https:\/\/kompressorikeskus.fi\/","logo":{"@type":"ImageObject","inLanguage":"fi","@id":"https:\/\/kompressorikeskus.fi\/#\/schema\/logo\/image\/","url":"https:\/\/kompressorikeskus.fi\/wp-content\/uploads\/2025\/12\/kompressorikeskus-scaled.jpg","contentUrl":"https:\/\/kompressorikeskus.fi\/wp-content\/uploads\/2025\/12\/kompressorikeskus-scaled.jpg","width":2560,"height":1280,"caption":"Kompressorikeskus"},"image":{"@id":"https:\/\/kompressorikeskus.fi\/#\/schema\/logo\/image\/"}}]}},"_links":{"self":[{"href":"https:\/\/kompressorikeskus.fi\/index.php?rest_route=\/wp\/v2\/pages\/218","targetHints":{"allow":["GET"]}}],"collection":[{"href":"https:\/\/kompressorikeskus.fi\/index.php?rest_route=\/wp\/v2\/pages"}],"about":[{"href":"https:\/\/kompressorikeskus.fi\/index.php?rest_route=\/wp\/v2\/types\/page"}],"author":[{"embeddable":true,"href":"https:\/\/kompressorikeskus.fi\/index.php?rest_route=\/wp\/v2\/users\/2"}],"replies":[{"embeddable":true,"href":"https:\/\/kompressorikeskus.fi\/index.php?rest_route=%2Fwp%2Fv2%2Fcomments&post=218"}],"version-history":[{"count":2,"href":"https:\/\/kompressorikeskus.fi\/index.php?rest_route=\/wp\/v2\/pages\/218\/revisions"}],"predecessor-version":[{"id":264,"href":"https:\/\/kompressorikeskus.fi\/index.php?rest_route=\/wp\/v2\/pages\/218\/revisions\/264"}],"wp:attachment":[{"href":"https:\/\/kompressorikeskus.fi\/index.php?rest_route=%2Fwp%2Fv2%2Fmedia&parent=218"}],"curies":[{"name":"wp","href":"https:\/\/api.w.org\/{rel}","templated":true}]}}