{"id":212,"date":"2026-01-16T10:05:23","date_gmt":"2026-01-16T10:05:23","guid":{"rendered":"https:\/\/uusi.kompressorikeskus.fi\/?page_id=212"},"modified":"2026-01-16T13:06:18","modified_gmt":"2026-01-16T13:06:18","slug":"oljyttomat","status":"publish","type":"page","link":"https:\/\/kompressorikeskus.fi\/?page_id=212","title":{"rendered":"\u00d6ljytt\u00f6m\u00e4t"},"content":{"rendered":"\n<p class=\"has-base-color has-text-color has-link-color wp-elements-3462989a9b1bb3f90dcc64486d8e8be7\"><strong><a href=\"https:\/\/kompressorikeskus.fi\/?page_id=171\" data-type=\"page\" data-id=\"171\"> &lt;\u2013 Takaisin<\/a><\/strong><\/p>\n\n\n\n<div class=\"wp-block-columns is-layout-flex wp-container-core-columns-is-layout-28f84493 wp-block-columns-is-layout-flex\">\n<div class=\"wp-block-column is-layout-flow wp-block-column-is-layout-flow\" style=\"flex-basis:10px\">\n<p><\/p>\n<\/div>\n\n\n\n<div class=\"wp-block-column has-tertiary-background-color has-background is-layout-flow wp-block-column-is-layout-flow\">\n<p class=\"has-large-font-size\"><strong>Puhti 240\/30\/I Super Fox 3<\/strong><\/p>\n\n\n\n<p><strong>PUHTI 240\/30\/I<\/strong>&nbsp;-malli on \u00f6ljyt\u00f6n kompressori, joka on tehokas ty\u00f6kaveri harrastukseen.<br>Kompressori soveltuu erinomaisesti v\u00e4ripistooleihin, retussit\u00f6ihin, pallojen <br>ja renkaiden<br>sek\u00e4 kumiveneiden t\u00e4ytt\u00f6\u00f6n.<\/p>\n\n\n\n<h3 class=\"wp-block-heading\">Vakiovarusteet:<\/h3>\n\n\n\n<ul class=\"wp-block-list\">\n<li>&nbsp;Painemittari<\/li>\n\n\n\n<li>&nbsp;Varoventtiili<\/li>\n\n\n\n<li>&nbsp;Takaiskuventtiili<\/li>\n\n\n\n<li>&nbsp;Paineens\u00e4\u00e4din<\/li>\n\n\n\n<li>&nbsp;Moottorin ylikuormitussuoja<\/li>\n\n\n\n<li>&nbsp;Painekytkin kevennysventtiilill\u00e4<\/li>\n\n\n\n<li>&nbsp;Vedenpoistoruuvi<\/li>\n<\/ul>\n\n\n\n<h3 class=\"wp-block-heading\">Tekniset tiedot:<\/h3>\n\n\n\n<ul class=\"wp-block-list\">\n<li>&nbsp;\u00c4\u00e4nitaso dB (A)\u2026\u2026\u2026\u2026\u2026\u2026.6<\/li>\n\n\n\n<li>&nbsp;Pituus mm\u2026\u2026\u2026\u2026\u2026\u2026\u2026. 710<\/li>\n\n\n\n<li>&nbsp;Leveys mm\u2026\u2026\u2026\u2026\u2026\u2026\u2026 300<\/li>\n\n\n\n<li>&nbsp;Korkeus mm\u2026\u2026\u2026\u2026\u2026\u2026..690<\/li>\n\n\n\n<li>&nbsp;Moottorin teho kW\u2026\u2026\u2026\u2026..1.1<\/li>\n\n\n\n<li>&nbsp;S\u00e4ili\u00f6 L\u2026\u2026\u2026\u2026\u2026\u2026\u2026\u2026\u2026..30<\/li>\n\n\n\n<li>&nbsp;Paino kg\u2026\u2026\u2026\u2026\u2026\u2026\u2026\u2026.27.5<\/li>\n\n\n\n<li>&nbsp;Imuteho l\/min\u2026\u2026\u2026\u2026\u2026.\u2026.240<\/li>\n\n\n\n<li>&nbsp;Tuotto l\/min\u2026\u2026\u2026\u2026\u2026\u2026\u2026.150<\/li>\n\n\n\n<li>&nbsp;Maksimipaine bar\u2026\u2026\u2026.\u2026\u202610<\/li>\n<\/ul>\n<\/div>\n\n\n\n<div class=\"wp-block-column has-tertiary-background-color has-background is-layout-flow wp-block-column-is-layout-flow\">\n<h1 class=\"wp-block-heading has-large-font-size\">Puhti 240\/5\/I Super Fox 3T<\/h1>\n\n\n\n<p><strong>PUHTI 240\/5\/I<\/strong>&nbsp;-malli on \u00f6ljyt\u00f6n kompressori, joka on tehokas ty\u00f6kaveri harrastukseen.<br>Kompressori soveltuu erinomaisesti v\u00e4ripistooleihin, retussit\u00f6ihin, pallojen <br>ja renkaiden<br>sek\u00e4 kumiveneiden t\u00e4ytt\u00f6\u00f6n.<\/p>\n\n\n\n<h3 class=\"wp-block-heading\">Vakiovarusteet:<\/h3>\n\n\n\n<ul class=\"wp-block-list\">\n<li>&nbsp;Painemittari<\/li>\n\n\n\n<li>&nbsp;Varoventtiili<\/li>\n\n\n\n<li>&nbsp;Takaiskuventtiili<\/li>\n\n\n\n<li>&nbsp;Paineens\u00e4\u00e4din<\/li>\n\n\n\n<li>&nbsp;Moottorin ylikuormitussuoja<\/li>\n\n\n\n<li>&nbsp;Painekytkin kevennysventtiilill\u00e4<\/li>\n\n\n\n<li>&nbsp;Vedenpoistoruuvi<\/li>\n<\/ul>\n\n\n\n<h3 class=\"wp-block-heading\">Tekniset tiedot:<\/h3>\n\n\n\n<ul class=\"wp-block-list\">\n<li>&nbsp;Pituus mm\u2026\u2026\u2026\u2026\u2026\u2026\u2026. 560<\/li>\n\n\n\n<li>&nbsp;Leveys mm\u2026\u2026\u2026\u2026\u2026\u2026\u2026 350<\/li>\n\n\n\n<li>&nbsp;Korkeus mm\u2026\u2026\u2026\u2026\u2026\u2026..410<\/li>\n\n\n\n<li>&nbsp;Moottorin teho kW\u2026\u2026\u2026\u2026..1.1<\/li>\n\n\n\n<li>&nbsp;S\u00e4ili\u00f6 L\u2026\u2026\u2026\u2026\u2026\u2026\u2026\u2026\u2026..5<\/li>\n\n\n\n<li>&nbsp;Paino kg\u2026\u2026\u2026\u2026\u2026\u2026\u2026\u2026.19.5<\/li>\n\n\n\n<li>&nbsp;Imuteho l\/min\u2026\u2026\u2026\u2026\u2026.\u2026.240<\/li>\n\n\n\n<li>&nbsp;Tuotto l\/min\u2026\u2026\u2026\u2026\u2026\u2026\u2026.150<\/li>\n\n\n\n<li>&nbsp;Maksimipaine bar\u2026\u2026\u2026\u2026\u2026\u202610<\/li>\n\n\n\n<li>&nbsp;\u00c4\u00e4nitaso dB (A)\u2026\u2026\u2026\u2026\u2026\u2026.61<\/li>\n<\/ul>\n\n\n\n<p><\/p>\n<\/div>\n<\/div>\n\n\n\n<div class=\"wp-block-columns is-layout-flex wp-container-core-columns-is-layout-28f84493 wp-block-columns-is-layout-flex\">\n<div class=\"wp-block-column is-layout-flow wp-block-column-is-layout-flow\" style=\"flex-basis:10px\">\n<p><\/p>\n<\/div>\n\n\n\n<div class=\"wp-block-column has-tertiary-background-color has-background is-layout-flow wp-block-column-is-layout-flow\">\n<h1 class=\"wp-block-heading has-large-font-size\">Puhti 400\/30\/I Super Fox 3<\/h1>\n\n\n\n<p><strong>PUHTI 400\/30\/I<\/strong>&nbsp;-malli on \u00f6ljyvapaa kompressori, joka on erinomainen ty\u00f6v\u00e4line niin<br>harrastajalle kuin ammattilaisellekin. Kompressori soveltuu hyvin naulain <br>ja nitoja k\u00e4ytt\u00f6\u00f6n,<br>sek\u00e4 moniin \u00f6ljyt\u00f6nt\u00e4 ilmaa tarvitseviin kohteisiin.<\/p>\n\n\n\n<h3 class=\"wp-block-heading\">Vakiovarusteet:<\/h3>\n\n\n\n<ul class=\"wp-block-list\">\n<li>&nbsp;Painemittari<\/li>\n\n\n\n<li>&nbsp;Varoventtiili<\/li>\n\n\n\n<li>&nbsp;Takaiskuventtiili<\/li>\n\n\n\n<li>&nbsp;Paineens\u00e4\u00e4din\/vedenerotin<\/li>\n\n\n\n<li>&nbsp;Moottorin ylikuormitussuoja<\/li>\n\n\n\n<li>&nbsp;Painekytkin kevennysventtiilill\u00e4<\/li>\n\n\n\n<li>&nbsp;Vedenpoistoruuvi<\/li>\n<\/ul>\n\n\n\n<h3 class=\"wp-block-heading\">Tekniset tiedot:<\/h3>\n\n\n\n<ul class=\"wp-block-list\">\n<li>&nbsp;Pituus mm\u2026\u2026\u2026\u2026\u2026\u2026\u2026. 710<\/li>\n\n\n\n<li>&nbsp;Leveys mm\u2026\u2026\u2026\u2026\u2026\u2026\u2026 300<\/li>\n\n\n\n<li>&nbsp;Korkeus mm\u2026\u2026\u2026\u2026\u2026\u2026..690<\/li>\n\n\n\n<li>&nbsp;Moottorin teho kW\u2026\u2026\u2026\u2026..2.2<\/li>\n\n\n\n<li>&nbsp;S\u00e4ili\u00f6 L\u2026\u2026\u2026\u2026\u2026\u2026\u2026\u2026\u2026..30<\/li>\n\n\n\n<li>&nbsp;Paino kg\u2026\u2026\u2026\u2026\u2026\u2026\u2026\u2026.31.5<\/li>\n\n\n\n<li>&nbsp;Imuteho l\/min\u2026\u2026\u2026\u2026\u2026.\u2026.400<\/li>\n\n\n\n<li>&nbsp;Tuotto l\/min\u2026\u2026\u2026\u2026\u2026\u2026\u2026.250<\/li>\n\n\n\n<li>&nbsp;Maksimipaine bar\u2026\u2026\u2026\u2026\u2026.10<\/li>\n\n\n\n<li>&nbsp;\u00c4\u00e4nitaso dB (A) \u2026\u2026\u2026\u2026\u2026\u202669<\/li>\n<\/ul>\n<\/div>\n\n\n\n<div class=\"wp-block-column has-tertiary-background-color has-background is-layout-flow wp-block-column-is-layout-flow\">\n<h1 class=\"wp-block-heading has-large-font-size\">Esprit Silenced 60\/2<\/h1>\n\n\n\n<p><strong>ESPRIT SILENCED<\/strong>&nbsp;on monipuolinen pieni, helposti siirrett\u00e4v\u00e4 \u00f6ljyt\u00f6n kompressori.<br>Hiljaisen k\u00e4ynti\u00e4\u00e4nens\u00e4 ansiosta se ei vaadi \u00e4\u00e4nieristetty\u00e4 tilaa vaan voidaan sijoittaa<br>suoraan mihin tahansa ty\u00f6paikkaan.<\/p>\n\n\n\n<h3 class=\"wp-block-heading\">Vakiovarusteet:<\/h3>\n\n\n\n<ul class=\"wp-block-list\">\n<li>&nbsp;Painemittari<\/li>\n\n\n\n<li>&nbsp;Varoventtiili<\/li>\n\n\n\n<li>&nbsp;Takaiskuventtiili<\/li>\n\n\n\n<li>&nbsp;Paineens\u00e4\u00e4din<\/li>\n\n\n\n<li>&nbsp;Painekytkin kevennysventtiilill\u00e4<\/li>\n\n\n\n<li>&nbsp;Vedenpoistoruuvi<\/li>\n<\/ul>\n\n\n\n<h3 class=\"wp-block-heading\">Tekniset tiedot:<\/h3>\n\n\n\n<ul class=\"wp-block-list\">\n<li>&nbsp;Pituus mm\u2026\u2026\u2026\u2026\u2026\u2026.. 410<\/li>\n\n\n\n<li>&nbsp;Leveys mm\u2026\u2026\u2026\u2026\u2026\u2026. 250<\/li>\n\n\n\n<li>&nbsp;Korkeus mm\u2026\u2026\u2026\u2026\u2026\u2026 390<\/li>\n\n\n\n<li>&nbsp;Moottorin teho kW\u2026\u2026\u2026. 0.5<\/li>\n\n\n\n<li>&nbsp;S\u00e4ili\u00f6 L\u2026\u2026\u2026\u2026\u2026\u2026\u2026.\u2026 5<\/li>\n\n\n\n<li>&nbsp;Paino kg\u2026\u2026\u2026\u2026\u2026\u2026\u2026\u2026. 20<\/li>\n\n\n\n<li>&nbsp;Imuteho l\/min\u2026\u2026\u2026\u2026\u2026. 210<\/li>\n\n\n\n<li>&nbsp;Tuotto l\/min\u2026\u2026\u2026\u2026..\u2026. 130<\/li>\n\n\n\n<li>&nbsp;Maksimipaine bar\u2026\u2026\u2026\u2026 10<\/li>\n\n\n\n<li>&nbsp;\u00c4\u00e4nitaso dB(A)\u2026\u2026\u2026\u2026\u2026\u2026.55<\/li>\n<\/ul>\n<\/div>\n<\/div>\n\n\n\n<div class=\"wp-block-columns is-layout-flex wp-container-core-columns-is-layout-28f84493 wp-block-columns-is-layout-flex\">\n<div class=\"wp-block-column is-layout-flow wp-block-column-is-layout-flow\" style=\"flex-basis:10px\">\n<p><\/p>\n<\/div>\n\n\n\n<div class=\"wp-block-column has-tertiary-background-color has-background is-layout-flow wp-block-column-is-layout-flow\">\n<h1 class=\"wp-block-heading has-medium-font-size\">Koala Silent<br>Pieni, siisti, hiljainen ja t\u00e4ysin \u00f6ljyvapaa<\/h1>\n\n\n\n<p><strong>KOALA SILENT<\/strong>&nbsp;on monipuolinen pieni, helposti siirrett\u00e4v\u00e4 \u00f6ljyt\u00f6n kompressori. Hiljaisen<br>k\u00e4ynti\u00e4\u00e4nens\u00e4 ansiosta se ei vaadi \u00e4\u00e4nieristetty\u00e4 tilaa vaan voidaan sijoittaa suoraan mihin<br>tahansa ty\u00f6paikkaan.<br>\u00d6ljyt\u00f6n Koala Silent-kompressori ei tahraa, vaan puhaltaa ilman \u00f6ljy\u00e4. Se mahtuu<br>kuljetettaessa pieneen tilaan, on vakaa ja huoltovapaa.<\/p>\n\n\n\n<h3 class=\"wp-block-heading\">Vakiovarusteet:<\/h3>\n\n\n\n<ul class=\"wp-block-list\">\n<li>&nbsp;Painemittari<\/li>\n\n\n\n<li>&nbsp;Varoventtiili<\/li>\n\n\n\n<li>&nbsp;Takaiskuventtiili<\/li>\n\n\n\n<li>&nbsp;Paineens\u00e4\u00e4din<\/li>\n\n\n\n<li>&nbsp;Painekytkin kevennysventtiilill\u00e4<\/li>\n\n\n\n<li>&nbsp;Vedenpoistoruuvi<\/li>\n<\/ul>\n\n\n\n<h3 class=\"wp-block-heading\">Tekniset tiedot:<\/h3>\n\n\n\n<ul class=\"wp-block-list\">\n<li>&nbsp;Pituus mm\u2026\u2026\u2026\u2026\u2026\u2026.. 530<\/li>\n\n\n\n<li>&nbsp;Leveys mm\u2026\u2026\u2026\u2026\u2026\u2026. 310<\/li>\n\n\n\n<li>&nbsp;Korkeus mm\u2026\u2026\u2026\u2026\u2026\u2026 350<\/li>\n\n\n\n<li>&nbsp;Moottorin teho kW\u2026\u2026\u2026. 0.37<\/li>\n\n\n\n<li>&nbsp;S\u00e4ili\u00f6 L\u2026\u2026\u2026\u2026\u2026\u2026\u2026.\u2026 4<\/li>\n\n\n\n<li>&nbsp;Paino kg\u2026\u2026\u2026\u2026\u2026\u2026\u2026.. 18,5<\/li>\n\n\n\n<li>&nbsp;Imuteho l\/min\u2026\u2026\u2026\u2026\u2026. 100<\/li>\n\n\n\n<li>&nbsp;Tuotto l\/min\u2026\u2026\u2026\u2026\u2026\u2026. 60<\/li>\n\n\n\n<li>&nbsp;Maksimipaine bar\u2026\u2026\u2026\u2026 8<\/li>\n<\/ul>\n<\/div>\n<\/div>\n","protected":false},"excerpt":{"rendered":"<p>&lt;\u2013 Takaisin Puhti 240\/30\/I Super Fox 3 PUHTI 240\/30\/I&nbsp;-malli on \u00f6ljyt\u00f6n kompressori, joka on tehokas ty\u00f6kaveri harrastukseen.Kompressori soveltuu erinomaisesti v\u00e4ripistooleihin, [&hellip;]<\/p>\n","protected":false},"author":2,"featured_media":0,"parent":0,"menu_order":0,"comment_status":"closed","ping_status":"closed","template":"","meta":{"footnotes":""},"class_list":["post-212","page","type-page","status-publish","hentry"],"yoast_head":"<!-- This site is optimized with the Yoast SEO plugin v27.5 - https:\/\/yoast.com\/product\/yoast-seo-wordpress\/ -->\n<title>\u00d6ljytt\u00f6m\u00e4t - Kompressorikeskus<\/title>\n<meta name=\"robots\" content=\"index, follow, max-snippet:-1, max-image-preview:large, max-video-preview:-1\" \/>\n<link rel=\"canonical\" href=\"https:\/\/kompressorikeskus.fi\/?page_id=212\" \/>\n<meta property=\"og:locale\" content=\"fi_FI\" \/>\n<meta property=\"og:type\" content=\"article\" \/>\n<meta property=\"og:title\" content=\"\u00d6ljytt\u00f6m\u00e4t - Kompressorikeskus\" \/>\n<meta property=\"og:description\" content=\"&lt;\u2013 Takaisin Puhti 240\/30\/I Super Fox 3 PUHTI 240\/30\/I&nbsp;-malli on \u00f6ljyt\u00f6n kompressori, joka on tehokas ty\u00f6kaveri harrastukseen.Kompressori soveltuu erinomaisesti v\u00e4ripistooleihin, [&hellip;]\" \/>\n<meta property=\"og:url\" content=\"https:\/\/kompressorikeskus.fi\/?page_id=212\" \/>\n<meta property=\"og:site_name\" content=\"Kompressorikeskus\" \/>\n<meta property=\"article:modified_time\" content=\"2026-01-16T13:06:18+00:00\" \/>\n<meta name=\"twitter:card\" content=\"summary_large_image\" \/>\n<meta name=\"twitter:label1\" content=\"Arvioitu lukuaika\" \/>\n\t<meta name=\"twitter:data1\" content=\"2 minuuttia\" \/>\n<script type=\"application\/ld+json\" class=\"yoast-schema-graph\">{\"@context\":\"https:\\\/\\\/schema.org\",\"@graph\":[{\"@type\":\"WebPage\",\"@id\":\"https:\\\/\\\/kompressorikeskus.fi\\\/?page_id=212\",\"url\":\"https:\\\/\\\/kompressorikeskus.fi\\\/?page_id=212\",\"name\":\"\u00d6ljytt\u00f6m\u00e4t - Kompressorikeskus\",\"isPartOf\":{\"@id\":\"https:\\\/\\\/kompressorikeskus.fi\\\/#website\"},\"datePublished\":\"2026-01-16T10:05:23+00:00\",\"dateModified\":\"2026-01-16T13:06:18+00:00\",\"breadcrumb\":{\"@id\":\"https:\\\/\\\/kompressorikeskus.fi\\\/?page_id=212#breadcrumb\"},\"inLanguage\":\"fi\",\"potentialAction\":[{\"@type\":\"ReadAction\",\"target\":[\"https:\\\/\\\/kompressorikeskus.fi\\\/?page_id=212\"]}]},{\"@type\":\"BreadcrumbList\",\"@id\":\"https:\\\/\\\/kompressorikeskus.fi\\\/?page_id=212#breadcrumb\",\"itemListElement\":[{\"@type\":\"ListItem\",\"position\":1,\"name\":\"Etusivu\",\"item\":\"https:\\\/\\\/kompressorikeskus.fi\\\/\"},{\"@type\":\"ListItem\",\"position\":2,\"name\":\"\u00d6ljytt\u00f6m\u00e4t\"}]},{\"@type\":\"WebSite\",\"@id\":\"https:\\\/\\\/kompressorikeskus.fi\\\/#website\",\"url\":\"https:\\\/\\\/kompressorikeskus.fi\\\/\",\"name\":\"Kompressorikeskus\",\"description\":\"\",\"publisher\":{\"@id\":\"https:\\\/\\\/kompressorikeskus.fi\\\/#organization\"},\"potentialAction\":[{\"@type\":\"SearchAction\",\"target\":{\"@type\":\"EntryPoint\",\"urlTemplate\":\"https:\\\/\\\/kompressorikeskus.fi\\\/?s={search_term_string}\"},\"query-input\":{\"@type\":\"PropertyValueSpecification\",\"valueRequired\":true,\"valueName\":\"search_term_string\"}}],\"inLanguage\":\"fi\"},{\"@type\":\"Organization\",\"@id\":\"https:\\\/\\\/kompressorikeskus.fi\\\/#organization\",\"name\":\"Kompressorikeskus\",\"url\":\"https:\\\/\\\/kompressorikeskus.fi\\\/\",\"logo\":{\"@type\":\"ImageObject\",\"inLanguage\":\"fi\",\"@id\":\"https:\\\/\\\/kompressorikeskus.fi\\\/#\\\/schema\\\/logo\\\/image\\\/\",\"url\":\"https:\\\/\\\/kompressorikeskus.fi\\\/wp-content\\\/uploads\\\/2025\\\/12\\\/kompressorikeskus-scaled.jpg\",\"contentUrl\":\"https:\\\/\\\/kompressorikeskus.fi\\\/wp-content\\\/uploads\\\/2025\\\/12\\\/kompressorikeskus-scaled.jpg\",\"width\":2560,\"height\":1280,\"caption\":\"Kompressorikeskus\"},\"image\":{\"@id\":\"https:\\\/\\\/kompressorikeskus.fi\\\/#\\\/schema\\\/logo\\\/image\\\/\"}}]}<\/script>\n<!-- \/ Yoast SEO plugin. -->","yoast_head_json":{"title":"\u00d6ljytt\u00f6m\u00e4t - Kompressorikeskus","robots":{"index":"index","follow":"follow","max-snippet":"max-snippet:-1","max-image-preview":"max-image-preview:large","max-video-preview":"max-video-preview:-1"},"canonical":"https:\/\/kompressorikeskus.fi\/?page_id=212","og_locale":"fi_FI","og_type":"article","og_title":"\u00d6ljytt\u00f6m\u00e4t - Kompressorikeskus","og_description":"&lt;\u2013 Takaisin Puhti 240\/30\/I Super Fox 3 PUHTI 240\/30\/I&nbsp;-malli on \u00f6ljyt\u00f6n kompressori, joka on tehokas ty\u00f6kaveri harrastukseen.Kompressori soveltuu erinomaisesti v\u00e4ripistooleihin, [&hellip;]","og_url":"https:\/\/kompressorikeskus.fi\/?page_id=212","og_site_name":"Kompressorikeskus","article_modified_time":"2026-01-16T13:06:18+00:00","twitter_card":"summary_large_image","twitter_misc":{"Arvioitu lukuaika":"2 minuuttia"},"schema":{"@context":"https:\/\/schema.org","@graph":[{"@type":"WebPage","@id":"https:\/\/kompressorikeskus.fi\/?page_id=212","url":"https:\/\/kompressorikeskus.fi\/?page_id=212","name":"\u00d6ljytt\u00f6m\u00e4t - Kompressorikeskus","isPartOf":{"@id":"https:\/\/kompressorikeskus.fi\/#website"},"datePublished":"2026-01-16T10:05:23+00:00","dateModified":"2026-01-16T13:06:18+00:00","breadcrumb":{"@id":"https:\/\/kompressorikeskus.fi\/?page_id=212#breadcrumb"},"inLanguage":"fi","potentialAction":[{"@type":"ReadAction","target":["https:\/\/kompressorikeskus.fi\/?page_id=212"]}]},{"@type":"BreadcrumbList","@id":"https:\/\/kompressorikeskus.fi\/?page_id=212#breadcrumb","itemListElement":[{"@type":"ListItem","position":1,"name":"Etusivu","item":"https:\/\/kompressorikeskus.fi\/"},{"@type":"ListItem","position":2,"name":"\u00d6ljytt\u00f6m\u00e4t"}]},{"@type":"WebSite","@id":"https:\/\/kompressorikeskus.fi\/#website","url":"https:\/\/kompressorikeskus.fi\/","name":"Kompressorikeskus","description":"","publisher":{"@id":"https:\/\/kompressorikeskus.fi\/#organization"},"potentialAction":[{"@type":"SearchAction","target":{"@type":"EntryPoint","urlTemplate":"https:\/\/kompressorikeskus.fi\/?s={search_term_string}"},"query-input":{"@type":"PropertyValueSpecification","valueRequired":true,"valueName":"search_term_string"}}],"inLanguage":"fi"},{"@type":"Organization","@id":"https:\/\/kompressorikeskus.fi\/#organization","name":"Kompressorikeskus","url":"https:\/\/kompressorikeskus.fi\/","logo":{"@type":"ImageObject","inLanguage":"fi","@id":"https:\/\/kompressorikeskus.fi\/#\/schema\/logo\/image\/","url":"https:\/\/kompressorikeskus.fi\/wp-content\/uploads\/2025\/12\/kompressorikeskus-scaled.jpg","contentUrl":"https:\/\/kompressorikeskus.fi\/wp-content\/uploads\/2025\/12\/kompressorikeskus-scaled.jpg","width":2560,"height":1280,"caption":"Kompressorikeskus"},"image":{"@id":"https:\/\/kompressorikeskus.fi\/#\/schema\/logo\/image\/"}}]}},"_links":{"self":[{"href":"https:\/\/kompressorikeskus.fi\/index.php?rest_route=\/wp\/v2\/pages\/212","targetHints":{"allow":["GET"]}}],"collection":[{"href":"https:\/\/kompressorikeskus.fi\/index.php?rest_route=\/wp\/v2\/pages"}],"about":[{"href":"https:\/\/kompressorikeskus.fi\/index.php?rest_route=\/wp\/v2\/types\/page"}],"author":[{"embeddable":true,"href":"https:\/\/kompressorikeskus.fi\/index.php?rest_route=\/wp\/v2\/users\/2"}],"replies":[{"embeddable":true,"href":"https:\/\/kompressorikeskus.fi\/index.php?rest_route=%2Fwp%2Fv2%2Fcomments&post=212"}],"version-history":[{"count":8,"href":"https:\/\/kompressorikeskus.fi\/index.php?rest_route=\/wp\/v2\/pages\/212\/revisions"}],"predecessor-version":[{"id":297,"href":"https:\/\/kompressorikeskus.fi\/index.php?rest_route=\/wp\/v2\/pages\/212\/revisions\/297"}],"wp:attachment":[{"href":"https:\/\/kompressorikeskus.fi\/index.php?rest_route=%2Fwp%2Fv2%2Fmedia&parent=212"}],"curies":[{"name":"wp","href":"https:\/\/api.w.org\/{rel}","templated":true}]}}