{"id":207,"date":"2026-01-16T09:52:25","date_gmt":"2026-01-16T09:52:25","guid":{"rendered":"https:\/\/uusi.kompressorikeskus.fi\/?page_id=207"},"modified":"2026-01-16T12:33:38","modified_gmt":"2026-01-16T12:33:38","slug":"hiljaiset","status":"publish","type":"page","link":"https:\/\/kompressorikeskus.fi\/?page_id=207","title":{"rendered":"Hiljaiset"},"content":{"rendered":"\n<p class=\"has-base-color has-text-color has-link-color wp-elements-3462989a9b1bb3f90dcc64486d8e8be7\"><strong><a href=\"https:\/\/kompressorikeskus.fi\/?page_id=171\" data-type=\"page\" data-id=\"171\"> &lt;\u2013 Takaisin<\/a><\/strong><\/p>\n\n\n\n<div class=\"wp-block-media-text is-stacked-on-mobile\"><figure class=\"wp-block-media-text__media\"><img loading=\"lazy\" decoding=\"async\" width=\"834\" height=\"887\" src=\"https:\/\/kompressorikeskus.fi\/wp-content\/uploads\/2026\/01\/Hiljainen.A29B-LN-M2.jpg\" alt=\"\" class=\"wp-image-208 size-full\" srcset=\"https:\/\/kompressorikeskus.fi\/wp-content\/uploads\/2026\/01\/Hiljainen.A29B-LN-M2.jpg 834w, https:\/\/kompressorikeskus.fi\/wp-content\/uploads\/2026\/01\/Hiljainen.A29B-LN-M2-282x300.jpg 282w, https:\/\/kompressorikeskus.fi\/wp-content\/uploads\/2026\/01\/Hiljainen.A29B-LN-M2-768x817.jpg 768w\" sizes=\"auto, (max-width: 834px) 100vw, 834px\" \/><\/figure><div class=\"wp-block-media-text__content\">\n<p class=\"has-large-font-size\"><strong>Puhti<\/strong><br><strong>A29B\/LN\/M3 Silent<\/strong><\/p>\n\n\n\n<p><strong>Puhti A29B\/LN\/M3<\/strong>&nbsp;m\u00e4nt\u00e4kompressori on varustettu tehokkaalla \u00e4\u00e4nieristyskotelolla,<br>joten se soveltuu hyvin niille, joiden t\u00e4ytyy asentaa kompressori ty\u00f6skentelytilaan.<\/p>\n\n\n\n<h3 class=\"wp-block-heading\">Vakiovarusteet:<\/h3>\n\n\n\n<ul class=\"wp-block-list\">\n<li>Painemittari<\/li>\n\n\n\n<li>Varoventtiili<\/li>\n\n\n\n<li>Takaiskuventtiili<\/li>\n\n\n\n<li>Itsen\u00e4inen termostaattiohjattu kotelon tuuletin<\/li>\n\n\n\n<li>\u00c4\u00e4nieristyskotelo<\/li>\n\n\n\n<li>Valurautasylinteri lohko<\/li>\n<\/ul>\n\n\n\n<h3 class=\"wp-block-heading\">Tekniset tiedot:<\/h3>\n\n\n\n<ul class=\"wp-block-list\">\n<li>\u00c4\u00e4nitaso dB(A)\u2026\u2026\u2026\u2026\u2026\u2026\u2026\u202665<\/li>\n\n\n\n<li>Syvyys mm\u2026\u2026\u2026\u2026.\u2026\u2026.\u2026.. 470<\/li>\n\n\n\n<li>Leveys mm\u2026\u2026\u2026\u2026\u2026\u2026.\u2026\u2026 780<\/li>\n\n\n\n<li>Korkeus mm\u2026\u2026\u2026\u2026\u2026\u2026\u2026\u2026.960<\/li>\n\n\n\n<li>Moottorin (1-vaihe) teho kW\u2026..2.2<\/li>\n\n\n\n<li>S\u00e4ili\u00f6 L\u2026\u2026\u2026\u2026\u2026\u2026\u2026\u2026\u2026\u2026\u202627<\/li>\n\n\n\n<li>Paino kg\u2026\u2026\u2026\u2026\u2026\u2026\u2026\u2026\u2026.\u202684<\/li>\n\n\n\n<li>Imuteho l\/min\u2026\u2026\u2026\u2026\u2026\u2026.\u2026..320<\/li>\n\n\n\n<li>Tuotto l\/min ( 6 bar )\u2026\u2026\u2026\u2026\u2026.240<\/li>\n\n\n\n<li>Maksimipaine bar\u2026\u2026\u2026\u2026\u2026.\u2026.10<\/li>\n<\/ul>\n<\/div><\/div>\n\n\n\n<div class=\"wp-block-media-text is-stacked-on-mobile\"><figure class=\"wp-block-media-text__media\"><img loading=\"lazy\" decoding=\"async\" width=\"834\" height=\"887\" src=\"https:\/\/kompressorikeskus.fi\/wp-content\/uploads\/2026\/01\/Hiljainen.A29B-LN-M2-1.jpg\" alt=\"\" class=\"wp-image-209 size-full\" srcset=\"https:\/\/kompressorikeskus.fi\/wp-content\/uploads\/2026\/01\/Hiljainen.A29B-LN-M2-1.jpg 834w, https:\/\/kompressorikeskus.fi\/wp-content\/uploads\/2026\/01\/Hiljainen.A29B-LN-M2-1-282x300.jpg 282w, https:\/\/kompressorikeskus.fi\/wp-content\/uploads\/2026\/01\/Hiljainen.A29B-LN-M2-1-768x817.jpg 768w\" sizes=\"auto, (max-width: 834px) 100vw, 834px\" \/><\/figure><div class=\"wp-block-media-text__content\">\n<p class=\"has-large-font-size\"><strong>Puhti<\/strong><br><strong>A29B\/LN\/T3 Silent<\/strong><\/p>\n\n\n\n<p>PUHTI A29B\/LN\/T3 m\u00e4nt\u00e4kompressori on varustettu tehokkaalla \u00e4\u00e4nieristyskotelolla,<br>joten se soveltuu hyvin niille, joiden t\u00e4ytyy asentaa kompressori ty\u00f6skentelytilaan.<\/p>\n\n\n\n<h3 class=\"wp-block-heading\">Vakiovarusteet:<\/h3>\n\n\n\n<ul class=\"wp-block-list\">\n<li>Painemittari<\/li>\n\n\n\n<li>Varoventtiili<\/li>\n\n\n\n<li>Takaiskuventtiili<\/li>\n\n\n\n<li>Itsen\u00e4inen termostaattiohjattu kotelon tuuletin<\/li>\n\n\n\n<li>\u00c4\u00e4nieristyskotelo<\/li>\n\n\n\n<li>Valurautasylinteri lohko<\/li>\n<\/ul>\n\n\n\n<h3 class=\"wp-block-heading\">Tekniset tiedot:<\/h3>\n\n\n\n<ul class=\"wp-block-list\">\n<li>\u00c4\u00e4nitaso dB(A)\u2026\u2026\u2026\u2026\u2026\u2026\u2026\u202665<\/li>\n\n\n\n<li>Syvyys mm\u2026\u2026\u2026\u2026.\u2026\u2026.\u2026.. 470<\/li>\n\n\n\n<li>Leveys mm\u2026\u2026\u2026\u2026\u2026\u2026.\u2026\u2026 780<\/li>\n\n\n\n<li>Korkeus mm\u2026\u2026\u2026\u2026\u2026\u2026\u2026\u2026.960<\/li>\n\n\n\n<li>Moottorin (3-vaihe) teho kW\u2026..2.2<\/li>\n\n\n\n<li>S\u00e4ili\u00f6 L\u2026\u2026\u2026\u2026\u2026\u2026\u2026\u2026\u2026\u2026\u202627<\/li>\n\n\n\n<li>Paino kg\u2026\u2026\u2026\u2026\u2026\u2026\u2026\u2026\u2026.\u202687<\/li>\n\n\n\n<li>Imuteho l\/min\u2026\u2026\u2026\u2026\u2026\u2026.\u2026..320<\/li>\n\n\n\n<li>Tuotto l\/min ( 6 bar )\u2026\u2026\u2026\u2026\u2026.240<\/li>\n\n\n\n<li>Maksimipaine bar\u2026\u2026\u2026\u2026\u2026.\u2026.10<\/li>\n<\/ul>\n<\/div><\/div>\n\n\n\n<div class=\"wp-block-media-text is-stacked-on-mobile\"><figure class=\"wp-block-media-text__media\"><img loading=\"lazy\" decoding=\"async\" width=\"362\" height=\"367\" src=\"https:\/\/kompressorikeskus.fi\/wp-content\/uploads\/2026\/01\/LN1-A49B-4.Kw-270L-SILENT.jpg\" alt=\"\" class=\"wp-image-210 size-full\" srcset=\"https:\/\/kompressorikeskus.fi\/wp-content\/uploads\/2026\/01\/LN1-A49B-4.Kw-270L-SILENT.jpg 362w, https:\/\/kompressorikeskus.fi\/wp-content\/uploads\/2026\/01\/LN1-A49B-4.Kw-270L-SILENT-296x300.jpg 296w\" sizes=\"auto, (max-width: 362px) 100vw, 362px\" \/><\/figure><div class=\"wp-block-media-text__content\">\n<p class=\"has-large-font-size\"><strong>LN1 B5900 4kW 270 l Silent<\/strong><\/p>\n\n\n\n<p>Kaksisylinterinen B5900 on autokorjaamoiden ja keskikokoisten metallipajojen varma valinta.<br>Kompressoriyksikk\u00f6 on asennettu 270 litran s\u00e4ili\u00f6n p\u00e4\u00e4lle \u00e4\u00e4nieristetyss\u00e4 kotelossa. \u00c4\u00e4nitaso onkin vain 67dB(A). V\u00e4lij\u00e4\u00e4hdytin pit\u00e4\u00e4 paineilman viile\u00e4n\u00e4 ja v\u00e4hent\u00e4\u00e4 kondenssiongelmia.<br>Huolto on tehty helpoksi ja varaosat ovat saatavilla nopeasti.<\/p>\n\n\n\n<h3 class=\"wp-block-heading\">Vakiovarusteet:<\/h3>\n\n\n\n<ul class=\"wp-block-list\">\n<li>Painemittari<\/li>\n\n\n\n<li>Varoventtiili<\/li>\n\n\n\n<li>Takaiskuventtiili<\/li>\n\n\n\n<li>\u00c4\u00e4nieristyskotelo<\/li>\n\n\n\n<li>Valurautasylinteri lohko<\/li>\n<\/ul>\n\n\n\n<h3 class=\"wp-block-heading\">Tekniset tiedot:<\/h3>\n\n\n\n<ul class=\"wp-block-list\">\n<li>\u00c4\u00e4nitaso dB(A)\u2026\u2026\u2026\u2026\u2026\u2026\u2026\u202667<\/li>\n\n\n\n<li>Pituus mm\u2026\u2026\u2026\u2026.\u2026\u2026.\u2026.. 1575<\/li>\n\n\n\n<li>Leveys mm\u2026\u2026\u2026\u2026\u2026\u2026.\u2026\u2026 680<\/li>\n\n\n\n<li>Korkeus mm\u2026\u2026\u2026\u2026\u2026\u2026\u2026\u2026.1150<\/li>\n\n\n\n<li>Moottorin (3-vaihe) teho kW\u2026..4.0<\/li>\n\n\n\n<li>S\u00e4ili\u00f6 L\u2026\u2026\u2026\u2026\u2026\u2026\u2026\u2026\u2026\u2026\u2026270<\/li>\n\n\n\n<li>Paino kg\u2026\u2026\u2026\u2026\u2026\u2026\u2026\u2026\u2026.\u2026248<\/li>\n\n\n\n<li>Imuteho l\/min\u2026\u2026\u2026\u2026\u2026\u2026.\u2026..570<\/li>\n\n\n\n<li>Maksimipaine bar\u2026\u2026\u2026\u2026\u2026.\u2026.11<\/li>\n<\/ul>\n<\/div><\/div>\n","protected":false},"excerpt":{"rendered":"<p>&lt;\u2013 Takaisin<\/p>\n","protected":false},"author":2,"featured_media":0,"parent":0,"menu_order":0,"comment_status":"closed","ping_status":"closed","template":"","meta":{"footnotes":""},"class_list":["post-207","page","type-page","status-publish","hentry"],"yoast_head":"<!-- This site is optimized with the Yoast SEO plugin v27.5 - https:\/\/yoast.com\/product\/yoast-seo-wordpress\/ -->\n<title>Hiljaiset - Kompressorikeskus<\/title>\n<meta name=\"robots\" content=\"index, follow, max-snippet:-1, max-image-preview:large, max-video-preview:-1\" \/>\n<link rel=\"canonical\" href=\"https:\/\/kompressorikeskus.fi\/?page_id=207\" \/>\n<meta property=\"og:locale\" content=\"fi_FI\" \/>\n<meta property=\"og:type\" content=\"article\" \/>\n<meta property=\"og:title\" content=\"Hiljaiset - Kompressorikeskus\" \/>\n<meta property=\"og:description\" content=\"&lt;\u2013 Takaisin\" \/>\n<meta property=\"og:url\" content=\"https:\/\/kompressorikeskus.fi\/?page_id=207\" \/>\n<meta property=\"og:site_name\" content=\"Kompressorikeskus\" \/>\n<meta property=\"article:modified_time\" content=\"2026-01-16T12:33:38+00:00\" \/>\n<meta property=\"og:image\" content=\"https:\/\/kompressorikeskus.fi\/wp-content\/uploads\/2026\/01\/Hiljainen.A29B-LN-M2.jpg\" \/>\n\t<meta property=\"og:image:width\" content=\"834\" \/>\n\t<meta property=\"og:image:height\" content=\"887\" \/>\n\t<meta property=\"og:image:type\" content=\"image\/jpeg\" \/>\n<meta name=\"twitter:card\" content=\"summary_large_image\" \/>\n<meta name=\"twitter:label1\" content=\"Arvioitu lukuaika\" \/>\n\t<meta name=\"twitter:data1\" content=\"1 minuutti\" \/>\n<script type=\"application\/ld+json\" class=\"yoast-schema-graph\">{\"@context\":\"https:\\\/\\\/schema.org\",\"@graph\":[{\"@type\":\"WebPage\",\"@id\":\"https:\\\/\\\/kompressorikeskus.fi\\\/?page_id=207\",\"url\":\"https:\\\/\\\/kompressorikeskus.fi\\\/?page_id=207\",\"name\":\"Hiljaiset - Kompressorikeskus\",\"isPartOf\":{\"@id\":\"https:\\\/\\\/kompressorikeskus.fi\\\/#website\"},\"primaryImageOfPage\":{\"@id\":\"https:\\\/\\\/kompressorikeskus.fi\\\/?page_id=207#primaryimage\"},\"image\":{\"@id\":\"https:\\\/\\\/kompressorikeskus.fi\\\/?page_id=207#primaryimage\"},\"thumbnailUrl\":\"https:\\\/\\\/kompressorikeskus.fi\\\/wp-content\\\/uploads\\\/2026\\\/01\\\/Hiljainen.A29B-LN-M2.jpg\",\"datePublished\":\"2026-01-16T09:52:25+00:00\",\"dateModified\":\"2026-01-16T12:33:38+00:00\",\"breadcrumb\":{\"@id\":\"https:\\\/\\\/kompressorikeskus.fi\\\/?page_id=207#breadcrumb\"},\"inLanguage\":\"fi\",\"potentialAction\":[{\"@type\":\"ReadAction\",\"target\":[\"https:\\\/\\\/kompressorikeskus.fi\\\/?page_id=207\"]}]},{\"@type\":\"ImageObject\",\"inLanguage\":\"fi\",\"@id\":\"https:\\\/\\\/kompressorikeskus.fi\\\/?page_id=207#primaryimage\",\"url\":\"https:\\\/\\\/kompressorikeskus.fi\\\/wp-content\\\/uploads\\\/2026\\\/01\\\/Hiljainen.A29B-LN-M2.jpg\",\"contentUrl\":\"https:\\\/\\\/kompressorikeskus.fi\\\/wp-content\\\/uploads\\\/2026\\\/01\\\/Hiljainen.A29B-LN-M2.jpg\",\"width\":834,\"height\":887},{\"@type\":\"BreadcrumbList\",\"@id\":\"https:\\\/\\\/kompressorikeskus.fi\\\/?page_id=207#breadcrumb\",\"itemListElement\":[{\"@type\":\"ListItem\",\"position\":1,\"name\":\"Etusivu\",\"item\":\"https:\\\/\\\/kompressorikeskus.fi\\\/\"},{\"@type\":\"ListItem\",\"position\":2,\"name\":\"Hiljaiset\"}]},{\"@type\":\"WebSite\",\"@id\":\"https:\\\/\\\/kompressorikeskus.fi\\\/#website\",\"url\":\"https:\\\/\\\/kompressorikeskus.fi\\\/\",\"name\":\"Kompressorikeskus\",\"description\":\"\",\"publisher\":{\"@id\":\"https:\\\/\\\/kompressorikeskus.fi\\\/#organization\"},\"potentialAction\":[{\"@type\":\"SearchAction\",\"target\":{\"@type\":\"EntryPoint\",\"urlTemplate\":\"https:\\\/\\\/kompressorikeskus.fi\\\/?s={search_term_string}\"},\"query-input\":{\"@type\":\"PropertyValueSpecification\",\"valueRequired\":true,\"valueName\":\"search_term_string\"}}],\"inLanguage\":\"fi\"},{\"@type\":\"Organization\",\"@id\":\"https:\\\/\\\/kompressorikeskus.fi\\\/#organization\",\"name\":\"Kompressorikeskus\",\"url\":\"https:\\\/\\\/kompressorikeskus.fi\\\/\",\"logo\":{\"@type\":\"ImageObject\",\"inLanguage\":\"fi\",\"@id\":\"https:\\\/\\\/kompressorikeskus.fi\\\/#\\\/schema\\\/logo\\\/image\\\/\",\"url\":\"https:\\\/\\\/kompressorikeskus.fi\\\/wp-content\\\/uploads\\\/2025\\\/12\\\/kompressorikeskus-scaled.jpg\",\"contentUrl\":\"https:\\\/\\\/kompressorikeskus.fi\\\/wp-content\\\/uploads\\\/2025\\\/12\\\/kompressorikeskus-scaled.jpg\",\"width\":2560,\"height\":1280,\"caption\":\"Kompressorikeskus\"},\"image\":{\"@id\":\"https:\\\/\\\/kompressorikeskus.fi\\\/#\\\/schema\\\/logo\\\/image\\\/\"}}]}<\/script>\n<!-- \/ Yoast SEO plugin. -->","yoast_head_json":{"title":"Hiljaiset - Kompressorikeskus","robots":{"index":"index","follow":"follow","max-snippet":"max-snippet:-1","max-image-preview":"max-image-preview:large","max-video-preview":"max-video-preview:-1"},"canonical":"https:\/\/kompressorikeskus.fi\/?page_id=207","og_locale":"fi_FI","og_type":"article","og_title":"Hiljaiset - Kompressorikeskus","og_description":"&lt;\u2013 Takaisin","og_url":"https:\/\/kompressorikeskus.fi\/?page_id=207","og_site_name":"Kompressorikeskus","article_modified_time":"2026-01-16T12:33:38+00:00","og_image":[{"width":834,"height":887,"url":"https:\/\/kompressorikeskus.fi\/wp-content\/uploads\/2026\/01\/Hiljainen.A29B-LN-M2.jpg","type":"image\/jpeg"}],"twitter_card":"summary_large_image","twitter_misc":{"Arvioitu lukuaika":"1 minuutti"},"schema":{"@context":"https:\/\/schema.org","@graph":[{"@type":"WebPage","@id":"https:\/\/kompressorikeskus.fi\/?page_id=207","url":"https:\/\/kompressorikeskus.fi\/?page_id=207","name":"Hiljaiset - Kompressorikeskus","isPartOf":{"@id":"https:\/\/kompressorikeskus.fi\/#website"},"primaryImageOfPage":{"@id":"https:\/\/kompressorikeskus.fi\/?page_id=207#primaryimage"},"image":{"@id":"https:\/\/kompressorikeskus.fi\/?page_id=207#primaryimage"},"thumbnailUrl":"https:\/\/kompressorikeskus.fi\/wp-content\/uploads\/2026\/01\/Hiljainen.A29B-LN-M2.jpg","datePublished":"2026-01-16T09:52:25+00:00","dateModified":"2026-01-16T12:33:38+00:00","breadcrumb":{"@id":"https:\/\/kompressorikeskus.fi\/?page_id=207#breadcrumb"},"inLanguage":"fi","potentialAction":[{"@type":"ReadAction","target":["https:\/\/kompressorikeskus.fi\/?page_id=207"]}]},{"@type":"ImageObject","inLanguage":"fi","@id":"https:\/\/kompressorikeskus.fi\/?page_id=207#primaryimage","url":"https:\/\/kompressorikeskus.fi\/wp-content\/uploads\/2026\/01\/Hiljainen.A29B-LN-M2.jpg","contentUrl":"https:\/\/kompressorikeskus.fi\/wp-content\/uploads\/2026\/01\/Hiljainen.A29B-LN-M2.jpg","width":834,"height":887},{"@type":"BreadcrumbList","@id":"https:\/\/kompressorikeskus.fi\/?page_id=207#breadcrumb","itemListElement":[{"@type":"ListItem","position":1,"name":"Etusivu","item":"https:\/\/kompressorikeskus.fi\/"},{"@type":"ListItem","position":2,"name":"Hiljaiset"}]},{"@type":"WebSite","@id":"https:\/\/kompressorikeskus.fi\/#website","url":"https:\/\/kompressorikeskus.fi\/","name":"Kompressorikeskus","description":"","publisher":{"@id":"https:\/\/kompressorikeskus.fi\/#organization"},"potentialAction":[{"@type":"SearchAction","target":{"@type":"EntryPoint","urlTemplate":"https:\/\/kompressorikeskus.fi\/?s={search_term_string}"},"query-input":{"@type":"PropertyValueSpecification","valueRequired":true,"valueName":"search_term_string"}}],"inLanguage":"fi"},{"@type":"Organization","@id":"https:\/\/kompressorikeskus.fi\/#organization","name":"Kompressorikeskus","url":"https:\/\/kompressorikeskus.fi\/","logo":{"@type":"ImageObject","inLanguage":"fi","@id":"https:\/\/kompressorikeskus.fi\/#\/schema\/logo\/image\/","url":"https:\/\/kompressorikeskus.fi\/wp-content\/uploads\/2025\/12\/kompressorikeskus-scaled.jpg","contentUrl":"https:\/\/kompressorikeskus.fi\/wp-content\/uploads\/2025\/12\/kompressorikeskus-scaled.jpg","width":2560,"height":1280,"caption":"Kompressorikeskus"},"image":{"@id":"https:\/\/kompressorikeskus.fi\/#\/schema\/logo\/image\/"}}]}},"_links":{"self":[{"href":"https:\/\/kompressorikeskus.fi\/index.php?rest_route=\/wp\/v2\/pages\/207","targetHints":{"allow":["GET"]}}],"collection":[{"href":"https:\/\/kompressorikeskus.fi\/index.php?rest_route=\/wp\/v2\/pages"}],"about":[{"href":"https:\/\/kompressorikeskus.fi\/index.php?rest_route=\/wp\/v2\/types\/page"}],"author":[{"embeddable":true,"href":"https:\/\/kompressorikeskus.fi\/index.php?rest_route=\/wp\/v2\/users\/2"}],"replies":[{"embeddable":true,"href":"https:\/\/kompressorikeskus.fi\/index.php?rest_route=%2Fwp%2Fv2%2Fcomments&post=207"}],"version-history":[{"count":2,"href":"https:\/\/kompressorikeskus.fi\/index.php?rest_route=\/wp\/v2\/pages\/207\/revisions"}],"predecessor-version":[{"id":262,"href":"https:\/\/kompressorikeskus.fi\/index.php?rest_route=\/wp\/v2\/pages\/207\/revisions\/262"}],"wp:attachment":[{"href":"https:\/\/kompressorikeskus.fi\/index.php?rest_route=%2Fwp%2Fv2%2Fmedia&parent=207"}],"curies":[{"name":"wp","href":"https:\/\/api.w.org\/{rel}","templated":true}]}}