{"id":196,"date":"2026-01-16T09:43:04","date_gmt":"2026-01-16T09:43:04","guid":{"rendered":"https:\/\/uusi.kompressorikeskus.fi\/?page_id=196"},"modified":"2026-01-16T12:33:13","modified_gmt":"2026-01-16T12:33:13","slug":"hihnavetoiset","status":"publish","type":"page","link":"https:\/\/kompressorikeskus.fi\/?page_id=196","title":{"rendered":"Hihnavetoiset"},"content":{"rendered":"\n<p class=\"has-base-color has-text-color has-link-color wp-elements-3462989a9b1bb3f90dcc64486d8e8be7\"><strong><a href=\"https:\/\/kompressorikeskus.fi\/?page_id=171\" data-type=\"page\" data-id=\"171\"> &lt;\u2013 Takaisin<\/a><\/strong><\/p>\n\n\n\n<div class=\"wp-block-media-text is-stacked-on-mobile\"><figure class=\"wp-block-media-text__media\"><img loading=\"lazy\" decoding=\"async\" width=\"352\" height=\"287\" src=\"https:\/\/kompressorikeskus.fi\/wp-content\/uploads\/2026\/01\/Punainen.280-50-I.jpg\" alt=\"\" class=\"wp-image-197 size-full\" srcset=\"https:\/\/kompressorikeskus.fi\/wp-content\/uploads\/2026\/01\/Punainen.280-50-I.jpg 352w, https:\/\/kompressorikeskus.fi\/wp-content\/uploads\/2026\/01\/Punainen.280-50-I-300x245.jpg 300w\" sizes=\"auto, (max-width: 352px) 100vw, 352px\" \/><\/figure><div class=\"wp-block-media-text__content\">\n<p class=\"has-large-font-size\"><strong>Puhti<\/strong><br><strong>280\/50\/I<\/strong><\/p>\n\n\n\n<p>PUHTI 280\/50\/I m\u00e4nt\u00e4kompressoria suositellaan rakennuskonevuokraamoille, harrastajille<br>ja pienille maatiloille. Keveytens\u00e4 ansiosta se soveltuu hyvin liikuteltavaan ty\u00f6maak\u00e4ytt\u00f6\u00f6n.<strong>&nbsp; &nbsp; &nbsp;<\/strong><\/p>\n\n\n\n<h3 class=\"wp-block-heading\">Vakiovarusteet:<\/h3>\n\n\n\n<p>\u2022 Painemittari<br>\u2022 Varoventtiili<br>\u2022 Takaiskuventtiili<br>\u2022 Paineens\u00e4\u00e4din\/vedenerotin<br>\u2022 Moottorin ylikuormitussuoja<br>\u2022 Painekytkin kevennysventtiilill\u00e4<br>\u2022 Vedenpoistoruuvi<\/p>\n\n\n\n<h3 class=\"wp-block-heading\">Tekniset tiedot:<\/h3>\n\n\n\n<ul class=\"wp-block-list\">\n<li>Pituus mm\u2026\u2026\u2026\u2026\u2026\u2026.. 1000<\/li>\n\n\n\n<li>Leveys mm\u2026\u2026\u2026\u2026\u2026\u2026\u2026 440<\/li>\n\n\n\n<li>Korkeus mm\u2026\u2026\u2026\u2026\u2026.\u2026.740<\/li>\n\n\n\n<li>Moottorin teho kW\u2026\u2026\u2026\u2026.1.5<\/li>\n\n\n\n<li>S\u00e4ili\u00f6 L\u2026\u2026\u2026\u2026\u2026\u2026\u2026\u2026\u2026..50<\/li>\n\n\n\n<li>Paino kg\u2026\u2026\u2026\u2026\u2026\u2026\u2026..\u2026.50<\/li>\n\n\n\n<li>Imuteho l\/min\u2026\u2026\u2026\u2026\u2026.\u2026.280<\/li>\n\n\n\n<li>Tuotto l\/min\u2026\u2026\u2026\u2026\u2026\u2026\u2026.200<\/li>\n\n\n\n<li>Maksimipaine bar\u2026\u2026\u2026\u2026\u202610<\/li>\n<\/ul>\n<\/div><\/div>\n\n\n\n<div class=\"wp-block-media-text is-stacked-on-mobile\"><figure class=\"wp-block-media-text__media\"><img loading=\"lazy\" decoding=\"async\" width=\"396\" height=\"402\" src=\"https:\/\/kompressorikeskus.fi\/wp-content\/uploads\/2026\/01\/Sininen.320-50-I.jpg\" alt=\"\" class=\"wp-image-198 size-full\" srcset=\"https:\/\/kompressorikeskus.fi\/wp-content\/uploads\/2026\/01\/Sininen.320-50-I.jpg 396w, https:\/\/kompressorikeskus.fi\/wp-content\/uploads\/2026\/01\/Sininen.320-50-I-296x300.jpg 296w\" sizes=\"auto, (max-width: 396px) 100vw, 396px\" \/><\/figure><div class=\"wp-block-media-text__content\">\n<p class=\"has-large-font-size\"><strong>Puhti<\/strong><br><strong>320\/50\/I<\/strong><\/p>\n\n\n\n<p>PUHTI 320\/50\/I m\u00e4nt\u00e4kompressoria suositellaan rakennuskonevuokraamoille, harrastajille ja pienille maatiloille.<br>Keveytens\u00e4 ansiosta se soveltuu hyvin liikuteltavaan ty\u00f6maak\u00e4ytt\u00f6\u00f6n.<\/p>\n\n\n\n<p class=\"has-medium-font-size\"><strong>Vakiovarusteet:<\/strong><\/p>\n\n\n\n<p>\u2022 Painemittari<br>\u2022 Varoventtiili<br>\u2022 Takaiskuventtiili<br>\u2022 Paineens\u00e4\u00e4din<br>\u2022 Moottorin ylikuormitussuoja<br>\u2022 Painekytkin kevennysventtiilill\u00e4<br>\u2022 Vedenpoistoruuvi<\/p>\n\n\n\n<p class=\"has-medium-font-size\"><strong>Tekniset tiedot:<\/strong><\/p>\n\n\n\n<ul class=\"wp-block-list\">\n<li>Pituus mm\u2026\u2026\u2026\u2026\u2026..\u2026.. 870<\/li>\n\n\n\n<li>Leveys mm\u2026\u2026\u2026\u2026\u2026\u2026\u2026 370<\/li>\n\n\n\n<li>Korkeus mm\u2026\u2026\u2026\u2026\u2026.\u2026.780<\/li>\n\n\n\n<li>Moottorin teho kW\u2026\u2026\u2026\u2026.2.2<\/li>\n\n\n\n<li>S\u00e4ili\u00f6 L\u2026\u2026\u2026\u2026\u2026\u2026\u2026\u2026\u2026..50<\/li>\n\n\n\n<li>Paino kg\u2026\u2026\u2026\u2026\u2026\u2026\u2026..\u2026.48<\/li>\n\n\n\n<li>Imuteho l\/min\u2026\u2026\u2026\u2026\u2026\u2026..320<\/li>\n\n\n\n<li>Tuotto l\/min\u2026\u2026\u2026\u2026\u2026\u2026\u2026.250<\/li>\n\n\n\n<li>Maksimipaine bar\u2026\u2026\u2026\u2026\u2026.10<\/li>\n<\/ul>\n<\/div><\/div>\n\n\n\n<div class=\"wp-block-media-text is-stacked-on-mobile\"><figure class=\"wp-block-media-text__media\"><img loading=\"lazy\" decoding=\"async\" width=\"357\" height=\"293\" src=\"https:\/\/kompressorikeskus.fi\/wp-content\/uploads\/2026\/01\/Punainen.330-50-I.jpg\" alt=\"\" class=\"wp-image-199 size-full\" srcset=\"https:\/\/kompressorikeskus.fi\/wp-content\/uploads\/2026\/01\/Punainen.330-50-I.jpg 357w, https:\/\/kompressorikeskus.fi\/wp-content\/uploads\/2026\/01\/Punainen.330-50-I-300x246.jpg 300w\" sizes=\"auto, (max-width: 357px) 100vw, 357px\" \/><\/figure><div class=\"wp-block-media-text__content\">\n<p class=\"has-large-font-size\"><strong>Puhti<\/strong><br><strong>330\/50\/I<\/strong><\/p>\n\n\n\n<p>PUHTI 330\/50\/I m\u00e4nt\u00e4kompressoria suositellaan esim. rakennuskonevuokraamoille,<br>ammattilaisille ja pienille maatiloille. Keveytens\u00e4 ansiosta se soveltuu hyvin liikuteltavaan<br>ty\u00f6maak\u00e4ytt\u00f6\u00f6n<\/p>\n\n\n\n<h3 class=\"wp-block-heading\">Vakiovarusteet:<\/h3>\n\n\n\n<p>\u2022 Painemittari<br>\u2022 Varoventtiili<br>\u2022 Takaiskuventtiili<br>\u2022 Paineens\u00e4\u00e4din\/vedenerotin<br>\u2022 Moottorin ylikuormitussuoja<br>\u2022 Painekytkin kevennysventtiilill\u00e4<br>\u2022 Vedenpoistoruuvi<\/p>\n\n\n\n<p class=\"has-medium-font-size\"><strong>Tekniset tiedot:<\/strong><\/p>\n\n\n\n<ul class=\"wp-block-list\">\n<li>Pituus mm\u2026\u2026\u2026\u2026\u2026\u2026.. 1000<\/li>\n\n\n\n<li>Leveys mm\u2026\u2026\u2026\u2026\u2026\u2026\u2026 440<\/li>\n\n\n\n<li>Korkeus mm\u2026\u2026\u2026\u2026\u2026\u2026..740<\/li>\n\n\n\n<li>Moottorin teho kW\u2026\u2026\u2026\u2026..2.2<\/li>\n\n\n\n<li>S\u00e4ili\u00f6 L\u2026\u2026\u2026\u2026\u2026\u2026\u2026\u2026\u2026..50<\/li>\n\n\n\n<li>Paino kg\u2026\u2026\u2026\u2026\u2026\u2026\u2026\u2026\u2026.50<\/li>\n\n\n\n<li>Imuteho l\/min\u2026\u2026\u2026\u2026\u2026.\u2026.330<\/li>\n\n\n\n<li>Tuotto l\/min\u2026\u2026\u2026\u2026\u2026\u2026\u2026.250<\/li>\n\n\n\n<li>Maksimipaine bar\u2026\u2026\u2026\u2026\u202610<\/li>\n<\/ul>\n<\/div><\/div>\n\n\n\n<div class=\"wp-block-media-text is-stacked-on-mobile\"><figure class=\"wp-block-media-text__media\"><img loading=\"lazy\" decoding=\"async\" width=\"357\" height=\"293\" src=\"https:\/\/kompressorikeskus.fi\/wp-content\/uploads\/2026\/01\/Punainen.330-50-I-1.jpg\" alt=\"\" class=\"wp-image-200 size-full\" srcset=\"https:\/\/kompressorikeskus.fi\/wp-content\/uploads\/2026\/01\/Punainen.330-50-I-1.jpg 357w, https:\/\/kompressorikeskus.fi\/wp-content\/uploads\/2026\/01\/Punainen.330-50-I-1-300x246.jpg 300w\" sizes=\"auto, (max-width: 357px) 100vw, 357px\" \/><\/figure><div class=\"wp-block-media-text__content\">\n<p class=\"has-large-font-size\"><strong>Puhti<\/strong><br><strong>330\/50\/III<\/strong><\/p>\n\n\n\n<p>PUHTI 330\/50\/III m\u00e4nt\u00e4kompressoria suositellaan esim. rakennuskonevuokraamoille, ammattilaisille<br>ja pienille maatiloille. Keveytens\u00e4 ansiosta se soveltuu hyvin liikuteltavaan ty\u00f6maak\u00e4ytt\u00f6\u00f6n.<\/p>\n\n\n\n<h3 class=\"wp-block-heading\">Vakiovarusteet:<\/h3>\n\n\n\n<p>\u2022 Painemittari<br>\u2022 Varoventtiili<br>\u2022 Takaiskuventtiili<br>\u2022 Paineens\u00e4\u00e4din\/vedenerotin<br>\u2022 Moottorin ylikuormitussuoja<br>\u2022 Painekytkin kevennysventtiilill\u00e4<br>\u2022 Vedenpoistoruuvi<\/p>\n\n\n\n<p class=\"has-medium-font-size\"><strong>Tekniset tiedot:<\/strong><\/p>\n\n\n\n<ul class=\"wp-block-list\">\n<li>Pituus mm\u2026\u2026\u2026\u2026\u2026\u2026.. 1000<\/li>\n\n\n\n<li>Leveys mm\u2026\u2026\u2026\u2026\u2026\u2026\u2026 440<\/li>\n\n\n\n<li>Korkeus mm\u2026\u2026\u2026\u2026\u2026\u2026..740<\/li>\n\n\n\n<li>Moottorin teho kW.(3-vaihe)..2.2<\/li>\n\n\n\n<li>S\u00e4ili\u00f6 L\u2026\u2026\u2026\u2026\u2026\u2026\u2026\u2026\u2026..50<\/li>\n\n\n\n<li>Paino kg\u2026\u2026\u2026\u2026\u2026\u2026\u2026..\u2026.50<\/li>\n\n\n\n<li>Imuteho l\/min\u2026\u2026\u2026\u2026\u2026\u2026.330<\/li>\n\n\n\n<li>Tuotto l\/min\u2026\u2026\u2026\u2026\u2026\u2026\u2026.250<\/li>\n\n\n\n<li>Maksimipaine bar\u2026\u2026\u2026\u2026\u202610<\/li>\n<\/ul>\n<\/div><\/div>\n\n\n\n<div class=\"wp-block-media-text is-stacked-on-mobile\"><figure class=\"wp-block-media-text__media\"><img loading=\"lazy\" decoding=\"async\" width=\"401\" height=\"320\" src=\"https:\/\/kompressorikeskus.fi\/wp-content\/uploads\/2026\/01\/Punainen.550-150-III.jpg\" alt=\"\" class=\"wp-image-202 size-full\" srcset=\"https:\/\/kompressorikeskus.fi\/wp-content\/uploads\/2026\/01\/Punainen.550-150-III.jpg 401w, https:\/\/kompressorikeskus.fi\/wp-content\/uploads\/2026\/01\/Punainen.550-150-III-300x239.jpg 300w\" sizes=\"auto, (max-width: 401px) 100vw, 401px\" \/><\/figure><div class=\"wp-block-media-text__content\">\n<p class=\"has-large-font-size\"><strong>Puhti<\/strong><br><strong>550\/150\/III<\/strong><\/p>\n\n\n\n<p><strong>Puhti 550\/150\/III<\/strong>&nbsp;m\u00e4nt\u00e4kompressori tuo voimaa ammattik\u00e4ytt\u00f6\u00f6n silloin kun jatkuvan<br>ilmantuoton tarve on suuri. Koneurakoitsijat ja liikenn\u00f6itsij\u00e4t hoitavat kalustonsa huollon<br>k\u00e4tev\u00e4sti t\u00e4ll\u00e4 kompressorilla.<\/p>\n\n\n\n<h3 class=\"wp-block-heading\">Vakiovarusteet:<\/h3>\n\n\n\n<p>\u2022 Painemittari<br>\u2022 Varoventtiili<br>\u2022 Takaiskuventtiili<br>\u2022 Paineens\u00e4\u00e4din\/vedenerotin<br>\u2022 Moottorin ylikuormitussuoja<br>\u2022 Painekytkin kevennysventtiilill\u00e4<br>\u2022 Vedenpoistoruuvi<\/p>\n\n\n\n<p class=\"has-medium-font-size\"><strong>Tekniset tiedot:<\/strong><\/p>\n\n\n\n<ul class=\"wp-block-list\">\n<li>Pituus mm\u2026\u2026\u2026\u2026\u2026\u2026.. 1320<\/li>\n\n\n\n<li>Leveys mm\u2026\u2026\u2026\u2026\u2026\u2026\u2026 530<\/li>\n\n\n\n<li>Korkeus mm\u2026\u2026\u2026\u2026\u2026.\u2026.930<\/li>\n\n\n\n<li>Moottorin teho kW\u2026\u2026\u2026\u2026.3.0<\/li>\n\n\n\n<li>S\u00e4ili\u00f6 L\u2026\u2026\u2026\u2026\u2026\u2026\u2026\u2026\u2026150<\/li>\n\n\n\n<li>Paino kg\u2026\u2026\u2026\u2026\u2026\u2026\u2026..\u2026110<\/li>\n\n\n\n<li>Imuteho l\/min\u2026\u2026\u2026\u2026\u2026\u2026..550<\/li>\n\n\n\n<li>Tuotto l\/min\u2026\u2026\u2026\u2026\u2026\u2026\u2026.400<\/li>\n\n\n\n<li>Maksimipaine bar\u2026\u2026\u2026\u2026\u202610<\/li>\n<\/ul>\n<\/div><\/div>\n\n\n\n<div class=\"wp-block-media-text is-stacked-on-mobile\"><figure class=\"wp-block-media-text__media\"><img loading=\"lazy\" decoding=\"async\" width=\"891\" height=\"909\" src=\"https:\/\/kompressorikeskus.fi\/wp-content\/uploads\/2026\/01\/Punainen.660-150-III.jpg\" alt=\"\" class=\"wp-image-203 size-full\" srcset=\"https:\/\/kompressorikeskus.fi\/wp-content\/uploads\/2026\/01\/Punainen.660-150-III.jpg 891w, https:\/\/kompressorikeskus.fi\/wp-content\/uploads\/2026\/01\/Punainen.660-150-III-294x300.jpg 294w, https:\/\/kompressorikeskus.fi\/wp-content\/uploads\/2026\/01\/Punainen.660-150-III-768x784.jpg 768w\" sizes=\"auto, (max-width: 891px) 100vw, 891px\" \/><\/figure><div class=\"wp-block-media-text__content\">\n<p class=\"has-large-font-size\"><strong>Puhti<\/strong><br><strong>660\/150\/III<\/strong><\/p>\n\n\n\n<p>PUHTI 660\/150\/III m\u00e4nt\u00e4kompressoriin p\u00e4\u00e4tyv\u00e4t huoltoasemat, autokorjaamot sek\u00e4 muut<br>suurk\u00e4ytt\u00e4j\u00e4t. Malli soveltuu erinomaisesti kiinte\u00e4\u00e4n asennukseen silloin kun paineilman<br>tarve on suuri.<\/p>\n\n\n\n<h3 class=\"wp-block-heading\">Vakiovarusteet:<\/h3>\n\n\n\n<p>\u2022 Painemittari<br>\u2022 Varoventtiili<br>\u2022 Takaiskuventtiili<br>\u2022 Paineens\u00e4\u00e4din\/vedenerotin<br>\u2022 Moottorin ylikuormitussuoja<br>\u2022 Painekytkin kevennysventtiilill\u00e4<br>\u2022 Vedenpoistoruuvi<\/p>\n\n\n\n<h3 class=\"wp-block-heading\">Tekniset tiedot:<\/h3>\n\n\n\n<ul class=\"wp-block-list\">\n<li>Pituus mm\u2026\u2026\u2026\u2026\u2026\u2026.. 1320<\/li>\n\n\n\n<li>Leveys mm\u2026\u2026\u2026\u2026\u2026\u2026\u2026 530<\/li>\n\n\n\n<li>Korkeus mm\u2026\u2026\u2026\u2026\u2026\u2026.1150<\/li>\n\n\n\n<li>Moottorin teho kW\u2026\u2026\u2026\u2026..4.0<\/li>\n\n\n\n<li>S\u00e4ili\u00f6 L\u2026\u2026\u2026\u2026\u2026\u2026\u2026\u2026\u2026.150<\/li>\n\n\n\n<li>Paino kg\u2026\u2026\u2026\u2026\u2026\u2026\u2026..\u2026130<\/li>\n\n\n\n<li>Imuteho l\/min\u2026\u2026\u2026\u2026\u2026.\u2026.660<\/li>\n\n\n\n<li>Tuotto l\/min\u2026\u2026\u2026\u2026\u2026\u2026\u2026.500<\/li>\n\n\n\n<li>Maksimipaine bar\u2026\u2026\u2026..\u2026.11<\/li>\n<\/ul>\n<\/div><\/div>\n\n\n\n<div class=\"wp-block-media-text is-stacked-on-mobile\"><figure class=\"wp-block-media-text__media\"><img loading=\"lazy\" decoding=\"async\" width=\"947\" height=\"909\" src=\"https:\/\/kompressorikeskus.fi\/wp-content\/uploads\/2026\/01\/punainen.850-150-III.jpg\" alt=\"\" class=\"wp-image-204 size-full\" srcset=\"https:\/\/kompressorikeskus.fi\/wp-content\/uploads\/2026\/01\/punainen.850-150-III.jpg 947w, https:\/\/kompressorikeskus.fi\/wp-content\/uploads\/2026\/01\/punainen.850-150-III-300x288.jpg 300w, https:\/\/kompressorikeskus.fi\/wp-content\/uploads\/2026\/01\/punainen.850-150-III-768x737.jpg 768w\" sizes=\"auto, (max-width: 947px) 100vw, 947px\" \/><\/figure><div class=\"wp-block-media-text__content\">\n<p class=\"has-large-font-size\"><strong>Puhti<\/strong><br><strong>850\/150\/III<\/strong><\/p>\n\n\n\n<p><strong>Puhti 850\/150\/III<\/strong>&nbsp;m\u00e4nt\u00e4kompressoriin p\u00e4\u00e4tyv\u00e4t huoltoasemat, autokorjaamot sek\u00e4 muut<br>suurk\u00e4ytt\u00e4j\u00e4t. Malli soveltuu erinomaisesti kiinte\u00e4\u00e4n asennukseen silloin kun paineilman<br>tarve on suuri.<\/p>\n\n\n\n<h3 class=\"wp-block-heading\">Vakiovarusteet:<\/h3>\n\n\n\n<p>\u2022 Painemittari<br>\u2022 Varoventtiili<br>\u2022 Takaiskuventtiili<br>\u2022 Paineens\u00e4\u00e4din\/vedenerotin<br>\u2022 Moottorin ylikuormitussuoja<br>\u2022 Painekytkin kevennysventtiilill\u00e4<br>\u2022 Vedenpoistoruuvi<\/p>\n\n\n\n<h3 class=\"wp-block-heading\">Tekniset tiedot:<\/h3>\n\n\n\n<ul class=\"wp-block-list\">\n<li>Pituus mm\u2026\u2026\u2026\u2026\u2026\u2026.. 1320<\/li>\n\n\n\n<li>Leveys mm\u2026\u2026\u2026\u2026\u2026\u2026\u2026 530<\/li>\n\n\n\n<li>Korkeus mm\u2026\u2026\u2026\u2026\u2026\u2026.1150<\/li>\n\n\n\n<li>Moottorin teho kW\u2026\u2026\u2026\u2026..5.5<\/li>\n\n\n\n<li>S\u00e4ili\u00f6 L\u2026\u2026\u2026\u2026\u2026\u2026\u2026\u2026\u2026.150<\/li>\n\n\n\n<li>Paino kg\u2026\u2026\u2026\u2026\u2026\u2026\u2026..\u2026160<\/li>\n\n\n\n<li>Imuteho l\/min\u2026\u2026\u2026\u2026\u2026.\u2026.850<\/li>\n\n\n\n<li>Tuotto l\/min\u2026\u2026\u2026\u2026\u2026\u2026\u2026.670<\/li>\n\n\n\n<li>Maksimipaine bar\u2026\u2026\u2026..\u2026.11<\/li>\n<\/ul>\n<\/div><\/div>\n\n\n\n<div class=\"wp-block-media-text is-stacked-on-mobile\"><figure class=\"wp-block-media-text__media\"><img loading=\"lazy\" decoding=\"async\" width=\"722\" height=\"739\" src=\"https:\/\/kompressorikeskus.fi\/wp-content\/uploads\/2026\/01\/Punainen.1300-150-III-ECO.jpg\" alt=\"\" class=\"wp-image-205 size-full\" srcset=\"https:\/\/kompressorikeskus.fi\/wp-content\/uploads\/2026\/01\/Punainen.1300-150-III-ECO.jpg 722w, https:\/\/kompressorikeskus.fi\/wp-content\/uploads\/2026\/01\/Punainen.1300-150-III-ECO-293x300.jpg 293w\" sizes=\"auto, (max-width: 722px) 100vw, 722px\" \/><\/figure><div class=\"wp-block-media-text__content\">\n<p class=\"has-large-font-size\"><strong>Puhti<\/strong><br><strong>ECO 1300\/150\/III\/YD<\/strong><\/p>\n\n\n\n<p><strong>Puhti 1300\/150\/ECO<\/strong>&nbsp;m\u00e4nt\u00e4kompressori soveltuu tehokasta ilmantuottoa tarvitseville. Sit\u00e4<br>k\u00e4ytt\u00e4v\u00e4t esimerkiksi hiekkapuhaltimot, huoltoasemat, liikenn\u00f6itsij\u00e4t sek\u00e4 monet muut<br>suurten paineilmatehojen tarvitsijat.<\/p>\n\n\n\n<h3 class=\"wp-block-heading\">Vakiovarusteet:<\/h3>\n\n\n\n<p>\u2022 Painemittari<br>\u2022 Varoventtiili<br>\u2022 Takaiskuventtiili<br>\u2022 Paineens\u00e4\u00e4din\/vedenerotin<br>\u2022 Moottorin ylikuormitussuoja<br>\u2022 Painekytkin kevennysventtiilill\u00e4<br>\u2022 Vedenpoistoruuvi<br>\u2022 T\u00e4hti\/kolmio-k\u00e4ynnistin<\/p>\n\n\n\n<h3 class=\"wp-block-heading\">Tekniset tiedot:<\/h3>\n\n\n\n<ul class=\"wp-block-list\">\n<li>Pituus mm\u2026\u2026\u2026\u2026\u2026\u2026.. 1500<\/li>\n\n\n\n<li>Leveys mm\u2026\u2026\u2026\u2026\u2026\u2026\u2026 650<\/li>\n\n\n\n<li>Korkeus mm\u2026\u2026\u2026\u2026\u2026\u2026.1150<\/li>\n\n\n\n<li>Moottorin teho kW\u2026\u2026\u2026\u2026..7.5<\/li>\n\n\n\n<li>S\u00e4ili\u00f6 L\u2026\u2026\u2026\u2026\u2026\u2026\u2026\u2026\u2026.150<\/li>\n\n\n\n<li>Paino kg\u2026\u2026\u2026\u2026\u2026\u2026\u2026..\u2026200<\/li>\n\n\n\n<li>Imuteho l\/min\u2026\u2026\u2026\u2026\u2026\u20261300<\/li>\n\n\n\n<li>Tuotto l\/min\u2026(6 bar)\u2026\u2026\u20261000<\/li>\n\n\n\n<li>Maksimipaine bar\u2026\u2026..\u2026\u2026.11<\/li>\n<\/ul>\n<\/div><\/div>\n","protected":false},"excerpt":{"rendered":"<p>&lt;\u2013 Takaisin<\/p>\n","protected":false},"author":2,"featured_media":0,"parent":0,"menu_order":0,"comment_status":"closed","ping_status":"closed","template":"","meta":{"footnotes":""},"class_list":["post-196","page","type-page","status-publish","hentry"],"yoast_head":"<!-- This site is optimized with the Yoast SEO plugin v27.5 - https:\/\/yoast.com\/product\/yoast-seo-wordpress\/ -->\n<title>Hihnavetoiset - Kompressorikeskus<\/title>\n<meta name=\"robots\" content=\"index, follow, max-snippet:-1, max-image-preview:large, max-video-preview:-1\" \/>\n<link rel=\"canonical\" href=\"https:\/\/kompressorikeskus.fi\/?page_id=196\" \/>\n<meta property=\"og:locale\" content=\"fi_FI\" \/>\n<meta property=\"og:type\" content=\"article\" \/>\n<meta property=\"og:title\" content=\"Hihnavetoiset - Kompressorikeskus\" \/>\n<meta property=\"og:description\" content=\"&lt;\u2013 Takaisin\" \/>\n<meta property=\"og:url\" content=\"https:\/\/kompressorikeskus.fi\/?page_id=196\" \/>\n<meta property=\"og:site_name\" content=\"Kompressorikeskus\" \/>\n<meta property=\"article:modified_time\" content=\"2026-01-16T12:33:13+00:00\" \/>\n<meta property=\"og:image\" content=\"https:\/\/kompressorikeskus.fi\/wp-content\/uploads\/2026\/01\/Punainen.280-50-I.jpg\" \/>\n\t<meta property=\"og:image:width\" content=\"352\" \/>\n\t<meta property=\"og:image:height\" content=\"287\" \/>\n\t<meta property=\"og:image:type\" content=\"image\/jpeg\" \/>\n<meta name=\"twitter:card\" content=\"summary_large_image\" \/>\n<meta name=\"twitter:label1\" content=\"Arvioitu lukuaika\" \/>\n\t<meta name=\"twitter:data1\" content=\"3 minuuttia\" \/>\n<script type=\"application\/ld+json\" class=\"yoast-schema-graph\">{\"@context\":\"https:\\\/\\\/schema.org\",\"@graph\":[{\"@type\":\"WebPage\",\"@id\":\"https:\\\/\\\/kompressorikeskus.fi\\\/?page_id=196\",\"url\":\"https:\\\/\\\/kompressorikeskus.fi\\\/?page_id=196\",\"name\":\"Hihnavetoiset - Kompressorikeskus\",\"isPartOf\":{\"@id\":\"https:\\\/\\\/kompressorikeskus.fi\\\/#website\"},\"primaryImageOfPage\":{\"@id\":\"https:\\\/\\\/kompressorikeskus.fi\\\/?page_id=196#primaryimage\"},\"image\":{\"@id\":\"https:\\\/\\\/kompressorikeskus.fi\\\/?page_id=196#primaryimage\"},\"thumbnailUrl\":\"https:\\\/\\\/kompressorikeskus.fi\\\/wp-content\\\/uploads\\\/2026\\\/01\\\/Punainen.280-50-I.jpg\",\"datePublished\":\"2026-01-16T09:43:04+00:00\",\"dateModified\":\"2026-01-16T12:33:13+00:00\",\"breadcrumb\":{\"@id\":\"https:\\\/\\\/kompressorikeskus.fi\\\/?page_id=196#breadcrumb\"},\"inLanguage\":\"fi\",\"potentialAction\":[{\"@type\":\"ReadAction\",\"target\":[\"https:\\\/\\\/kompressorikeskus.fi\\\/?page_id=196\"]}]},{\"@type\":\"ImageObject\",\"inLanguage\":\"fi\",\"@id\":\"https:\\\/\\\/kompressorikeskus.fi\\\/?page_id=196#primaryimage\",\"url\":\"https:\\\/\\\/kompressorikeskus.fi\\\/wp-content\\\/uploads\\\/2026\\\/01\\\/Punainen.280-50-I.jpg\",\"contentUrl\":\"https:\\\/\\\/kompressorikeskus.fi\\\/wp-content\\\/uploads\\\/2026\\\/01\\\/Punainen.280-50-I.jpg\",\"width\":352,\"height\":287},{\"@type\":\"BreadcrumbList\",\"@id\":\"https:\\\/\\\/kompressorikeskus.fi\\\/?page_id=196#breadcrumb\",\"itemListElement\":[{\"@type\":\"ListItem\",\"position\":1,\"name\":\"Etusivu\",\"item\":\"https:\\\/\\\/kompressorikeskus.fi\\\/\"},{\"@type\":\"ListItem\",\"position\":2,\"name\":\"Hihnavetoiset\"}]},{\"@type\":\"WebSite\",\"@id\":\"https:\\\/\\\/kompressorikeskus.fi\\\/#website\",\"url\":\"https:\\\/\\\/kompressorikeskus.fi\\\/\",\"name\":\"Kompressorikeskus\",\"description\":\"\",\"publisher\":{\"@id\":\"https:\\\/\\\/kompressorikeskus.fi\\\/#organization\"},\"potentialAction\":[{\"@type\":\"SearchAction\",\"target\":{\"@type\":\"EntryPoint\",\"urlTemplate\":\"https:\\\/\\\/kompressorikeskus.fi\\\/?s={search_term_string}\"},\"query-input\":{\"@type\":\"PropertyValueSpecification\",\"valueRequired\":true,\"valueName\":\"search_term_string\"}}],\"inLanguage\":\"fi\"},{\"@type\":\"Organization\",\"@id\":\"https:\\\/\\\/kompressorikeskus.fi\\\/#organization\",\"name\":\"Kompressorikeskus\",\"url\":\"https:\\\/\\\/kompressorikeskus.fi\\\/\",\"logo\":{\"@type\":\"ImageObject\",\"inLanguage\":\"fi\",\"@id\":\"https:\\\/\\\/kompressorikeskus.fi\\\/#\\\/schema\\\/logo\\\/image\\\/\",\"url\":\"https:\\\/\\\/kompressorikeskus.fi\\\/wp-content\\\/uploads\\\/2025\\\/12\\\/kompressorikeskus-scaled.jpg\",\"contentUrl\":\"https:\\\/\\\/kompressorikeskus.fi\\\/wp-content\\\/uploads\\\/2025\\\/12\\\/kompressorikeskus-scaled.jpg\",\"width\":2560,\"height\":1280,\"caption\":\"Kompressorikeskus\"},\"image\":{\"@id\":\"https:\\\/\\\/kompressorikeskus.fi\\\/#\\\/schema\\\/logo\\\/image\\\/\"}}]}<\/script>\n<!-- \/ Yoast SEO plugin. -->","yoast_head_json":{"title":"Hihnavetoiset - Kompressorikeskus","robots":{"index":"index","follow":"follow","max-snippet":"max-snippet:-1","max-image-preview":"max-image-preview:large","max-video-preview":"max-video-preview:-1"},"canonical":"https:\/\/kompressorikeskus.fi\/?page_id=196","og_locale":"fi_FI","og_type":"article","og_title":"Hihnavetoiset - Kompressorikeskus","og_description":"&lt;\u2013 Takaisin","og_url":"https:\/\/kompressorikeskus.fi\/?page_id=196","og_site_name":"Kompressorikeskus","article_modified_time":"2026-01-16T12:33:13+00:00","og_image":[{"width":352,"height":287,"url":"https:\/\/kompressorikeskus.fi\/wp-content\/uploads\/2026\/01\/Punainen.280-50-I.jpg","type":"image\/jpeg"}],"twitter_card":"summary_large_image","twitter_misc":{"Arvioitu lukuaika":"3 minuuttia"},"schema":{"@context":"https:\/\/schema.org","@graph":[{"@type":"WebPage","@id":"https:\/\/kompressorikeskus.fi\/?page_id=196","url":"https:\/\/kompressorikeskus.fi\/?page_id=196","name":"Hihnavetoiset - Kompressorikeskus","isPartOf":{"@id":"https:\/\/kompressorikeskus.fi\/#website"},"primaryImageOfPage":{"@id":"https:\/\/kompressorikeskus.fi\/?page_id=196#primaryimage"},"image":{"@id":"https:\/\/kompressorikeskus.fi\/?page_id=196#primaryimage"},"thumbnailUrl":"https:\/\/kompressorikeskus.fi\/wp-content\/uploads\/2026\/01\/Punainen.280-50-I.jpg","datePublished":"2026-01-16T09:43:04+00:00","dateModified":"2026-01-16T12:33:13+00:00","breadcrumb":{"@id":"https:\/\/kompressorikeskus.fi\/?page_id=196#breadcrumb"},"inLanguage":"fi","potentialAction":[{"@type":"ReadAction","target":["https:\/\/kompressorikeskus.fi\/?page_id=196"]}]},{"@type":"ImageObject","inLanguage":"fi","@id":"https:\/\/kompressorikeskus.fi\/?page_id=196#primaryimage","url":"https:\/\/kompressorikeskus.fi\/wp-content\/uploads\/2026\/01\/Punainen.280-50-I.jpg","contentUrl":"https:\/\/kompressorikeskus.fi\/wp-content\/uploads\/2026\/01\/Punainen.280-50-I.jpg","width":352,"height":287},{"@type":"BreadcrumbList","@id":"https:\/\/kompressorikeskus.fi\/?page_id=196#breadcrumb","itemListElement":[{"@type":"ListItem","position":1,"name":"Etusivu","item":"https:\/\/kompressorikeskus.fi\/"},{"@type":"ListItem","position":2,"name":"Hihnavetoiset"}]},{"@type":"WebSite","@id":"https:\/\/kompressorikeskus.fi\/#website","url":"https:\/\/kompressorikeskus.fi\/","name":"Kompressorikeskus","description":"","publisher":{"@id":"https:\/\/kompressorikeskus.fi\/#organization"},"potentialAction":[{"@type":"SearchAction","target":{"@type":"EntryPoint","urlTemplate":"https:\/\/kompressorikeskus.fi\/?s={search_term_string}"},"query-input":{"@type":"PropertyValueSpecification","valueRequired":true,"valueName":"search_term_string"}}],"inLanguage":"fi"},{"@type":"Organization","@id":"https:\/\/kompressorikeskus.fi\/#organization","name":"Kompressorikeskus","url":"https:\/\/kompressorikeskus.fi\/","logo":{"@type":"ImageObject","inLanguage":"fi","@id":"https:\/\/kompressorikeskus.fi\/#\/schema\/logo\/image\/","url":"https:\/\/kompressorikeskus.fi\/wp-content\/uploads\/2025\/12\/kompressorikeskus-scaled.jpg","contentUrl":"https:\/\/kompressorikeskus.fi\/wp-content\/uploads\/2025\/12\/kompressorikeskus-scaled.jpg","width":2560,"height":1280,"caption":"Kompressorikeskus"},"image":{"@id":"https:\/\/kompressorikeskus.fi\/#\/schema\/logo\/image\/"}}]}},"_links":{"self":[{"href":"https:\/\/kompressorikeskus.fi\/index.php?rest_route=\/wp\/v2\/pages\/196","targetHints":{"allow":["GET"]}}],"collection":[{"href":"https:\/\/kompressorikeskus.fi\/index.php?rest_route=\/wp\/v2\/pages"}],"about":[{"href":"https:\/\/kompressorikeskus.fi\/index.php?rest_route=\/wp\/v2\/types\/page"}],"author":[{"embeddable":true,"href":"https:\/\/kompressorikeskus.fi\/index.php?rest_route=\/wp\/v2\/users\/2"}],"replies":[{"embeddable":true,"href":"https:\/\/kompressorikeskus.fi\/index.php?rest_route=%2Fwp%2Fv2%2Fcomments&post=196"}],"version-history":[{"count":3,"href":"https:\/\/kompressorikeskus.fi\/index.php?rest_route=\/wp\/v2\/pages\/196\/revisions"}],"predecessor-version":[{"id":261,"href":"https:\/\/kompressorikeskus.fi\/index.php?rest_route=\/wp\/v2\/pages\/196\/revisions\/261"}],"wp:attachment":[{"href":"https:\/\/kompressorikeskus.fi\/index.php?rest_route=%2Fwp%2Fv2%2Fmedia&parent=196"}],"curies":[{"name":"wp","href":"https:\/\/api.w.org\/{rel}","templated":true}]}}