{"id":177,"date":"2026-01-16T08:53:13","date_gmt":"2026-01-16T08:53:13","guid":{"rendered":"https:\/\/uusi.kompressorikeskus.fi\/?page_id=177"},"modified":"2026-01-16T12:31:00","modified_gmt":"2026-01-16T12:31:00","slug":"sailiot","status":"publish","type":"page","link":"https:\/\/kompressorikeskus.fi\/?page_id=177","title":{"rendered":"S\u00e4ili\u00f6t"},"content":{"rendered":"\n<p class=\"has-black-color has-text-color has-link-color wp-elements-0448834a7d0d43f08735f745c15c774a\"><strong><a href=\"https:\/\/kompressorikeskus.fi\/?page_id=158\" data-type=\"page\" data-id=\"158\"> &lt;\u2013 Takaisin<\/a><\/strong><\/p>\n\n\n\n<div class=\"wp-block-media-text is-stacked-on-mobile\" style=\"grid-template-columns:49% auto\"><figure class=\"wp-block-media-text__media\"><img loading=\"lazy\" decoding=\"async\" width=\"848\" height=\"402\" src=\"https:\/\/kompressorikeskus.fi\/wp-content\/uploads\/2026\/01\/Sailio.punainen.png\" alt=\"\" class=\"wp-image-178 size-full\" srcset=\"https:\/\/kompressorikeskus.fi\/wp-content\/uploads\/2026\/01\/Sailio.punainen.png 848w, https:\/\/kompressorikeskus.fi\/wp-content\/uploads\/2026\/01\/Sailio.punainen-300x142.png 300w, https:\/\/kompressorikeskus.fi\/wp-content\/uploads\/2026\/01\/Sailio.punainen-768x364.png 768w\" sizes=\"auto, (max-width: 848px) 100vw, 848px\" \/><\/figure><div class=\"wp-block-media-text__content\">\n<p class=\"has-large-font-size\"><strong>Paineilmas\u00e4ili\u00f6 50L<\/strong><\/p>\n\n\n\n<p><strong>Tekniset tiedot:<\/strong><\/p>\n\n\n\n<ul class=\"wp-block-list\">\n<li><strong>Pituus mm\u2026\u2026\u2026\u2026\u2026\u2026\u2026. 900<\/strong><\/li>\n\n\n\n<li><strong>Leveys mm\u2026\u2026\u2026\u2026\u2026\u2026\u2026 302<\/strong><\/li>\n\n\n\n<li><strong>Korkeus mm\u2026\u2026\u2026\u2026\u2026.\u2026.391<\/strong><\/li>\n\n\n\n<li><strong>Tilavuus L\u2026\u2026\u2026\u2026\u2026\u2026\u2026\u2026.50<\/strong><\/li>\n\n\n\n<li><strong>Maksimipaine bar\u2026\u2026\u2026\u2026.11<\/strong><\/li>\n\n\n\n<li><strong>1 kpl 3\/4\u2033 yhde p\u00e4\u00e4ll\u00e4<\/strong><\/li>\n\n\n\n<li><strong>1 kpl 3\/8\u2033 yhde p\u00e4\u00e4ll\u00e4<\/strong><\/li>\n\n\n\n<li><strong>1 kpl 3\/8\u2033 yhde pohjassa<\/strong><\/li>\n\n\n\n<li><strong>2 kpl 1\/2\u2033 yhteit\u00e4 p\u00e4\u00e4dyiss\u00e4<\/strong><\/li>\n<\/ul>\n\n\n\n<p><strong>Koodi: 110611050<\/strong><\/p>\n<\/div><\/div>\n\n\n\n<div class=\"wp-block-media-text is-stacked-on-mobile\" style=\"grid-template-columns:49% auto\"><figure class=\"wp-block-media-text__media\"><img loading=\"lazy\" decoding=\"async\" width=\"528\" height=\"222\" src=\"https:\/\/kompressorikeskus.fi\/wp-content\/uploads\/2026\/01\/Paineilmasailio.100L.jpg\" alt=\"\" class=\"wp-image-179 size-full\" srcset=\"https:\/\/kompressorikeskus.fi\/wp-content\/uploads\/2026\/01\/Paineilmasailio.100L.jpg 528w, https:\/\/kompressorikeskus.fi\/wp-content\/uploads\/2026\/01\/Paineilmasailio.100L-300x126.jpg 300w\" sizes=\"auto, (max-width: 528px) 100vw, 528px\" \/><\/figure><div class=\"wp-block-media-text__content\">\n<p class=\"has-large-font-size\"><strong>Paineilmas\u00e4ili\u00f6 100L<\/strong><\/p>\n\n\n\n<p><strong>Tekniset tiedot:<\/strong><\/p>\n\n\n\n<ul class=\"wp-block-list\">\n<li><strong>Pituus mm\u2026\u2026\u2026\u2026\u2026\u2026\u2026. 1117<\/strong><\/li>\n\n\n\n<li><strong>Leveys mm\u2026\u2026\u2026\u2026\u2026\u2026\u2026 353<\/strong><\/li>\n\n\n\n<li><strong>Korkeus mm\u2026\u2026\u2026\u2026\u2026.\u2026.445<\/strong><\/li>\n\n\n\n<li><strong>Tilavuus L\u2026\u2026\u2026\u2026\u2026\u2026\u2026\u2026.100<\/strong><\/li>\n\n\n\n<li><strong>Maksimipaine bar\u2026\u2026.\u2026\u2026.11<\/strong><\/li>\n\n\n\n<li><strong>1 kpl 3\/4\u2033 yhde p\u00e4\u00e4ll\u00e4<\/strong><\/li>\n\n\n\n<li><strong>1 kpl 1\/2\u2033 yhde p\u00e4\u00e4ll\u00e4<\/strong><\/li>\n\n\n\n<li><strong>1 kpl 3\/8\u2033 yhde p\u00e4\u00e4ll\u00e4<\/strong><\/li>\n\n\n\n<li><strong>1 kpl 3\/8\u2033 yhde pohjassa<\/strong><\/li>\n\n\n\n<li><strong>2 kpl 1\/2\u2033 yhteit\u00e4 p\u00e4\u00e4dyiss\u00e4<\/strong><\/li>\n<\/ul>\n\n\n\n<p><strong>&nbsp;&nbsp;&nbsp;&nbsp;&nbsp;&nbsp;&nbsp;&nbsp;&nbsp;&nbsp;&nbsp;&nbsp;&nbsp;&nbsp;&nbsp;&nbsp;&nbsp;&nbsp;&nbsp;&nbsp;&nbsp;&nbsp;&nbsp;&nbsp;&nbsp;&nbsp;&nbsp;&nbsp;&nbsp;&nbsp;&nbsp;&nbsp;&nbsp;&nbsp;&nbsp; Koodi: 110611100<\/strong><\/p>\n<\/div><\/div>\n\n\n\n<div class=\"wp-block-media-text is-stacked-on-mobile\"><figure class=\"wp-block-media-text__media\"><img loading=\"lazy\" decoding=\"async\" width=\"848\" height=\"402\" src=\"https:\/\/kompressorikeskus.fi\/wp-content\/uploads\/2026\/01\/Sailio.punainen-1.png\" alt=\"\" class=\"wp-image-180 size-full\" srcset=\"https:\/\/kompressorikeskus.fi\/wp-content\/uploads\/2026\/01\/Sailio.punainen-1.png 848w, https:\/\/kompressorikeskus.fi\/wp-content\/uploads\/2026\/01\/Sailio.punainen-1-300x142.png 300w, https:\/\/kompressorikeskus.fi\/wp-content\/uploads\/2026\/01\/Sailio.punainen-1-768x364.png 768w\" sizes=\"auto, (max-width: 848px) 100vw, 848px\" \/><\/figure><div class=\"wp-block-media-text__content\">\n<p class=\"has-large-font-size\"><strong>Paineilmas\u00e4ili\u00f6 150L<\/strong><\/p>\n\n\n\n<p><strong>Tekniset tiedot:<\/strong><\/p>\n\n\n\n<ul class=\"wp-block-list\">\n<li><strong>Pituus mm\u2026\u2026\u2026\u2026\u2026\u2026\u2026. 1251<\/strong><\/li>\n\n\n\n<li><strong>Leveys mm\u2026\u2026\u2026\u2026\u2026\u2026\u2026 400<\/strong><\/li>\n\n\n\n<li><strong>Korkeus mm\u2026\u2026\u2026\u2026\u2026.\u2026.525<\/strong><\/li>\n\n\n\n<li><strong>Tilavuus L\u2026\u2026\u2026\u2026\u2026\u2026\u2026\u2026.150<\/strong><\/li>\n\n\n\n<li><strong>Maksimipaine bar\u2026\u2026.\u2026\u2026.11<\/strong><\/li>\n\n\n\n<li><strong>1 kpl 3\/4\u2033 yhde p\u00e4\u00e4ll\u00e4<\/strong><\/li>\n\n\n\n<li><strong>1 kpl 3\/8\u2033 yhde p\u00e4\u00e4ll\u00e4<\/strong><\/li>\n\n\n\n<li><strong>1 kpl 3\/8\u2033 yhde pohjassa<\/strong><\/li>\n\n\n\n<li><strong>2 kpl 1\/2\u2033 yhteit\u00e4 p\u00e4\u00e4dyiss\u00e4<\/strong><\/li>\n<\/ul>\n\n\n\n<p><strong>Koodi: 110611150<\/strong><\/p>\n<\/div><\/div>\n\n\n\n<div class=\"wp-block-media-text is-stacked-on-mobile\" style=\"grid-template-columns:26% auto\"><figure class=\"wp-block-media-text__media\"><img loading=\"lazy\" decoding=\"async\" width=\"288\" height=\"703\" src=\"https:\/\/kompressorikeskus.fi\/wp-content\/uploads\/2026\/01\/Paineilmasailio270L.jpg\" alt=\"\" class=\"wp-image-181 size-full\" srcset=\"https:\/\/kompressorikeskus.fi\/wp-content\/uploads\/2026\/01\/Paineilmasailio270L.jpg 288w, https:\/\/kompressorikeskus.fi\/wp-content\/uploads\/2026\/01\/Paineilmasailio270L-123x300.jpg 123w\" sizes=\"auto, (max-width: 288px) 100vw, 288px\" \/><\/figure><div class=\"wp-block-media-text__content\">\n<p class=\"has-large-font-size\"><strong>Paineilmas\u00e4ili\u00f6 270L<\/strong><\/p>\n\n\n\n<p><strong>Tekniset tiedot:<\/strong><\/p>\n\n\n\n<ul class=\"wp-block-list\">\n<li><strong>Syvyys mm\u2026\u2026\u2026\u2026\u2026\u2026\u2026.. 490<\/strong><\/li>\n\n\n\n<li><strong>Leveys mm\u2026\u2026\u2026\u2026\u2026\u2026\u2026.. 490<\/strong><\/li>\n\n\n\n<li><strong>Korkeus mm\u2026\u2026\u2026\u2026\u2026..\u2026.1650<\/strong><\/li>\n\n\n\n<li><strong>Tilavuus L\u2026\u2026\u2026\u2026\u2026\u2026\u2026\u2026..270<\/strong><\/li>\n\n\n\n<li><strong>Maksimipaine bar\u2026\u2026.\u2026\u2026.11<\/strong><\/li>\n\n\n\n<li><strong>1 kpl 3\/8\u2033 yhde edess\u00e4<\/strong><\/li>\n\n\n\n<li><strong>4 kpl 1\u2033 yhteit\u00e4 sivuilla<\/strong><\/li>\n\n\n\n<li><strong>2 kpl 1\/2\u2033 yhteit\u00e4 p\u00e4\u00e4dyiss\u00e4<\/strong><\/li>\n<\/ul>\n\n\n\n<p><strong>Koodi: 110611270<\/strong><\/p>\n<\/div><\/div>\n","protected":false},"excerpt":{"rendered":"<p>&lt;\u2013 Takaisin<\/p>\n","protected":false},"author":2,"featured_media":0,"parent":0,"menu_order":0,"comment_status":"closed","ping_status":"closed","template":"","meta":{"footnotes":""},"class_list":["post-177","page","type-page","status-publish","hentry"],"yoast_head":"<!-- This site is optimized with the Yoast SEO plugin v27.5 - https:\/\/yoast.com\/product\/yoast-seo-wordpress\/ -->\n<title>S\u00e4ili\u00f6t - Kompressorikeskus<\/title>\n<meta name=\"robots\" content=\"index, follow, max-snippet:-1, max-image-preview:large, max-video-preview:-1\" \/>\n<link rel=\"canonical\" href=\"https:\/\/kompressorikeskus.fi\/?page_id=177\" \/>\n<meta property=\"og:locale\" content=\"fi_FI\" \/>\n<meta property=\"og:type\" content=\"article\" \/>\n<meta property=\"og:title\" content=\"S\u00e4ili\u00f6t - Kompressorikeskus\" \/>\n<meta property=\"og:description\" content=\"&lt;\u2013 Takaisin\" \/>\n<meta property=\"og:url\" content=\"https:\/\/kompressorikeskus.fi\/?page_id=177\" \/>\n<meta property=\"og:site_name\" content=\"Kompressorikeskus\" \/>\n<meta property=\"article:modified_time\" content=\"2026-01-16T12:31:00+00:00\" \/>\n<meta property=\"og:image\" content=\"https:\/\/kompressorikeskus.fi\/wp-content\/uploads\/2026\/01\/Sailio.punainen.png\" \/>\n\t<meta property=\"og:image:width\" content=\"848\" \/>\n\t<meta property=\"og:image:height\" content=\"402\" \/>\n\t<meta property=\"og:image:type\" content=\"image\/png\" \/>\n<meta name=\"twitter:card\" content=\"summary_large_image\" \/>\n<meta name=\"twitter:label1\" content=\"Arvioitu lukuaika\" \/>\n\t<meta name=\"twitter:data1\" content=\"1 minuutti\" \/>\n<script type=\"application\/ld+json\" class=\"yoast-schema-graph\">{\"@context\":\"https:\\\/\\\/schema.org\",\"@graph\":[{\"@type\":\"WebPage\",\"@id\":\"https:\\\/\\\/kompressorikeskus.fi\\\/?page_id=177\",\"url\":\"https:\\\/\\\/kompressorikeskus.fi\\\/?page_id=177\",\"name\":\"S\u00e4ili\u00f6t - Kompressorikeskus\",\"isPartOf\":{\"@id\":\"https:\\\/\\\/kompressorikeskus.fi\\\/#website\"},\"primaryImageOfPage\":{\"@id\":\"https:\\\/\\\/kompressorikeskus.fi\\\/?page_id=177#primaryimage\"},\"image\":{\"@id\":\"https:\\\/\\\/kompressorikeskus.fi\\\/?page_id=177#primaryimage\"},\"thumbnailUrl\":\"https:\\\/\\\/kompressorikeskus.fi\\\/wp-content\\\/uploads\\\/2026\\\/01\\\/Sailio.punainen.png\",\"datePublished\":\"2026-01-16T08:53:13+00:00\",\"dateModified\":\"2026-01-16T12:31:00+00:00\",\"breadcrumb\":{\"@id\":\"https:\\\/\\\/kompressorikeskus.fi\\\/?page_id=177#breadcrumb\"},\"inLanguage\":\"fi\",\"potentialAction\":[{\"@type\":\"ReadAction\",\"target\":[\"https:\\\/\\\/kompressorikeskus.fi\\\/?page_id=177\"]}]},{\"@type\":\"ImageObject\",\"inLanguage\":\"fi\",\"@id\":\"https:\\\/\\\/kompressorikeskus.fi\\\/?page_id=177#primaryimage\",\"url\":\"https:\\\/\\\/kompressorikeskus.fi\\\/wp-content\\\/uploads\\\/2026\\\/01\\\/Sailio.punainen.png\",\"contentUrl\":\"https:\\\/\\\/kompressorikeskus.fi\\\/wp-content\\\/uploads\\\/2026\\\/01\\\/Sailio.punainen.png\",\"width\":848,\"height\":402},{\"@type\":\"BreadcrumbList\",\"@id\":\"https:\\\/\\\/kompressorikeskus.fi\\\/?page_id=177#breadcrumb\",\"itemListElement\":[{\"@type\":\"ListItem\",\"position\":1,\"name\":\"Etusivu\",\"item\":\"https:\\\/\\\/kompressorikeskus.fi\\\/\"},{\"@type\":\"ListItem\",\"position\":2,\"name\":\"S\u00e4ili\u00f6t\"}]},{\"@type\":\"WebSite\",\"@id\":\"https:\\\/\\\/kompressorikeskus.fi\\\/#website\",\"url\":\"https:\\\/\\\/kompressorikeskus.fi\\\/\",\"name\":\"Kompressorikeskus\",\"description\":\"\",\"publisher\":{\"@id\":\"https:\\\/\\\/kompressorikeskus.fi\\\/#organization\"},\"potentialAction\":[{\"@type\":\"SearchAction\",\"target\":{\"@type\":\"EntryPoint\",\"urlTemplate\":\"https:\\\/\\\/kompressorikeskus.fi\\\/?s={search_term_string}\"},\"query-input\":{\"@type\":\"PropertyValueSpecification\",\"valueRequired\":true,\"valueName\":\"search_term_string\"}}],\"inLanguage\":\"fi\"},{\"@type\":\"Organization\",\"@id\":\"https:\\\/\\\/kompressorikeskus.fi\\\/#organization\",\"name\":\"Kompressorikeskus\",\"url\":\"https:\\\/\\\/kompressorikeskus.fi\\\/\",\"logo\":{\"@type\":\"ImageObject\",\"inLanguage\":\"fi\",\"@id\":\"https:\\\/\\\/kompressorikeskus.fi\\\/#\\\/schema\\\/logo\\\/image\\\/\",\"url\":\"https:\\\/\\\/kompressorikeskus.fi\\\/wp-content\\\/uploads\\\/2025\\\/12\\\/kompressorikeskus-scaled.jpg\",\"contentUrl\":\"https:\\\/\\\/kompressorikeskus.fi\\\/wp-content\\\/uploads\\\/2025\\\/12\\\/kompressorikeskus-scaled.jpg\",\"width\":2560,\"height\":1280,\"caption\":\"Kompressorikeskus\"},\"image\":{\"@id\":\"https:\\\/\\\/kompressorikeskus.fi\\\/#\\\/schema\\\/logo\\\/image\\\/\"}}]}<\/script>\n<!-- \/ Yoast SEO plugin. -->","yoast_head_json":{"title":"S\u00e4ili\u00f6t - Kompressorikeskus","robots":{"index":"index","follow":"follow","max-snippet":"max-snippet:-1","max-image-preview":"max-image-preview:large","max-video-preview":"max-video-preview:-1"},"canonical":"https:\/\/kompressorikeskus.fi\/?page_id=177","og_locale":"fi_FI","og_type":"article","og_title":"S\u00e4ili\u00f6t - Kompressorikeskus","og_description":"&lt;\u2013 Takaisin","og_url":"https:\/\/kompressorikeskus.fi\/?page_id=177","og_site_name":"Kompressorikeskus","article_modified_time":"2026-01-16T12:31:00+00:00","og_image":[{"width":848,"height":402,"url":"https:\/\/kompressorikeskus.fi\/wp-content\/uploads\/2026\/01\/Sailio.punainen.png","type":"image\/png"}],"twitter_card":"summary_large_image","twitter_misc":{"Arvioitu lukuaika":"1 minuutti"},"schema":{"@context":"https:\/\/schema.org","@graph":[{"@type":"WebPage","@id":"https:\/\/kompressorikeskus.fi\/?page_id=177","url":"https:\/\/kompressorikeskus.fi\/?page_id=177","name":"S\u00e4ili\u00f6t - Kompressorikeskus","isPartOf":{"@id":"https:\/\/kompressorikeskus.fi\/#website"},"primaryImageOfPage":{"@id":"https:\/\/kompressorikeskus.fi\/?page_id=177#primaryimage"},"image":{"@id":"https:\/\/kompressorikeskus.fi\/?page_id=177#primaryimage"},"thumbnailUrl":"https:\/\/kompressorikeskus.fi\/wp-content\/uploads\/2026\/01\/Sailio.punainen.png","datePublished":"2026-01-16T08:53:13+00:00","dateModified":"2026-01-16T12:31:00+00:00","breadcrumb":{"@id":"https:\/\/kompressorikeskus.fi\/?page_id=177#breadcrumb"},"inLanguage":"fi","potentialAction":[{"@type":"ReadAction","target":["https:\/\/kompressorikeskus.fi\/?page_id=177"]}]},{"@type":"ImageObject","inLanguage":"fi","@id":"https:\/\/kompressorikeskus.fi\/?page_id=177#primaryimage","url":"https:\/\/kompressorikeskus.fi\/wp-content\/uploads\/2026\/01\/Sailio.punainen.png","contentUrl":"https:\/\/kompressorikeskus.fi\/wp-content\/uploads\/2026\/01\/Sailio.punainen.png","width":848,"height":402},{"@type":"BreadcrumbList","@id":"https:\/\/kompressorikeskus.fi\/?page_id=177#breadcrumb","itemListElement":[{"@type":"ListItem","position":1,"name":"Etusivu","item":"https:\/\/kompressorikeskus.fi\/"},{"@type":"ListItem","position":2,"name":"S\u00e4ili\u00f6t"}]},{"@type":"WebSite","@id":"https:\/\/kompressorikeskus.fi\/#website","url":"https:\/\/kompressorikeskus.fi\/","name":"Kompressorikeskus","description":"","publisher":{"@id":"https:\/\/kompressorikeskus.fi\/#organization"},"potentialAction":[{"@type":"SearchAction","target":{"@type":"EntryPoint","urlTemplate":"https:\/\/kompressorikeskus.fi\/?s={search_term_string}"},"query-input":{"@type":"PropertyValueSpecification","valueRequired":true,"valueName":"search_term_string"}}],"inLanguage":"fi"},{"@type":"Organization","@id":"https:\/\/kompressorikeskus.fi\/#organization","name":"Kompressorikeskus","url":"https:\/\/kompressorikeskus.fi\/","logo":{"@type":"ImageObject","inLanguage":"fi","@id":"https:\/\/kompressorikeskus.fi\/#\/schema\/logo\/image\/","url":"https:\/\/kompressorikeskus.fi\/wp-content\/uploads\/2025\/12\/kompressorikeskus-scaled.jpg","contentUrl":"https:\/\/kompressorikeskus.fi\/wp-content\/uploads\/2025\/12\/kompressorikeskus-scaled.jpg","width":2560,"height":1280,"caption":"Kompressorikeskus"},"image":{"@id":"https:\/\/kompressorikeskus.fi\/#\/schema\/logo\/image\/"}}]}},"_links":{"self":[{"href":"https:\/\/kompressorikeskus.fi\/index.php?rest_route=\/wp\/v2\/pages\/177","targetHints":{"allow":["GET"]}}],"collection":[{"href":"https:\/\/kompressorikeskus.fi\/index.php?rest_route=\/wp\/v2\/pages"}],"about":[{"href":"https:\/\/kompressorikeskus.fi\/index.php?rest_route=\/wp\/v2\/types\/page"}],"author":[{"embeddable":true,"href":"https:\/\/kompressorikeskus.fi\/index.php?rest_route=\/wp\/v2\/users\/2"}],"replies":[{"embeddable":true,"href":"https:\/\/kompressorikeskus.fi\/index.php?rest_route=%2Fwp%2Fv2%2Fcomments&post=177"}],"version-history":[{"count":2,"href":"https:\/\/kompressorikeskus.fi\/index.php?rest_route=\/wp\/v2\/pages\/177\/revisions"}],"predecessor-version":[{"id":258,"href":"https:\/\/kompressorikeskus.fi\/index.php?rest_route=\/wp\/v2\/pages\/177\/revisions\/258"}],"wp:attachment":[{"href":"https:\/\/kompressorikeskus.fi\/index.php?rest_route=%2Fwp%2Fv2%2Fmedia&parent=177"}],"curies":[{"name":"wp","href":"https:\/\/api.w.org\/{rel}","templated":true}]}}