{"id":171,"date":"2026-01-16T08:41:52","date_gmt":"2026-01-16T08:41:52","guid":{"rendered":"https:\/\/uusi.kompressorikeskus.fi\/?page_id=171"},"modified":"2026-01-16T12:29:30","modified_gmt":"2026-01-16T12:29:30","slug":"mantakompressorit","status":"publish","type":"page","link":"https:\/\/kompressorikeskus.fi\/?page_id=171","title":{"rendered":"M\u00e4nt\u00e4kompressorit"},"content":{"rendered":"\n<p>M\u00e4nt\u00e4kompressorivalikoimamme kattaa kaikkien ammattilaisten tarpeet. Puhti\u00ae koneet valmistetaan Suomessa ja Italialainen ABAC t\u00e4ydent\u00e4\u00e4 valikoiman. Perinteisien \u00f6ljyvoideltujen lis\u00e4ksi valikoimassa ovat \u00f6ljytt\u00f6m\u00e4t, hiljaiset ja poltto- ja hydraulimoottoriversiot. My\u00f6s l\u00e4\u00e4ke- ja elintarviketeollisuudelle l\u00f6ytyv\u00e4t soveltuvat koneet.<\/p>\n\n\n\n<p>Tarvittaessa rakennamme asiakkaan omien tarpeiden mukaisen kompressorin.<\/p>\n\n\n\n<div class=\"wp-block-group has-global-padding is-layout-constrained wp-container-core-group-is-layout-526627f6 wp-block-group-is-layout-constrained\" style=\"padding-top:var(--wp--preset--spacing--80);padding-right:var(--wp--preset--spacing--30);padding-bottom:var(--wp--preset--spacing--80);padding-left:var(--wp--preset--spacing--30)\">\n<p class=\"has-black-color has-text-color has-link-color wp-elements-0448834a7d0d43f08735f745c15c774a\"><strong><a href=\"https:\/\/kompressorikeskus.fi\/?page_id=158\" data-type=\"page\" data-id=\"158\"> &lt;\u2013 Takaisin<\/a><\/strong><\/p>\n\n\n\n<h2 class=\"wp-block-heading has-text-align-center\" style=\"font-size:clamp(20px, 1.25rem + ((1vw - 3.2px) * 1.224), 32px);\">M\u00e4nt\u00e4kompressorit<\/h2>\n\n\n\n<div class=\"wp-block-columns is-layout-flex wp-container-core-columns-is-layout-f75fd3cf wp-block-columns-is-layout-flex\" style=\"padding-top:var(--wp--preset--spacing--60)\">\n<div class=\"wp-block-column has-box-shadow is-layout-flow wp-block-column-is-layout-flow\" style=\"border-radius:15px;padding-top:var(--wp--preset--spacing--60);padding-right:var(--wp--preset--spacing--60);padding-bottom:var(--wp--preset--spacing--60);padding-left:var(--wp--preset--spacing--60)\">\n<h2 class=\"wp-block-heading has-text-color has-link-color wp-elements-efd4caa2ff68ba9a0c874635acd35e1e\" style=\"color:#003a36;margin-top:var(--wp--preset--spacing--40);margin-bottom:var(--wp--preset--spacing--40);font-size:clamp(15.747px, 0.984rem + ((1vw - 3.2px) * 0.842), 24px);font-style:normal;font-weight:700\">Akkuk\u00e4ytt\u00f6iset<\/h2>\n\n\n\n<div class=\"wp-block-group is-nowrap is-layout-flex wp-container-core-group-is-layout-92577595 wp-block-group-is-layout-flex\" style=\"padding-top:var(--wp--preset--spacing--20)\">\n<h2 class=\"wp-block-heading has-theme-color has-text-color has-link-color wp-elements-0b89e215072bf429d154fec262d02aee\" style=\"font-size:clamp(14px, 0.875rem + ((1vw - 3.2px) * 0.306), 17px);\"><strong><a href=\"https:\/\/kompressorikeskus.fi\/?page_id=191\" data-type=\"page\" data-id=\"191\">Akkuk\u00e4ytt\u00f6iset<\/a><\/strong><\/h2>\n<\/div>\n<\/div>\n\n\n\n<div class=\"wp-block-column has-box-shadow is-layout-flow wp-block-column-is-layout-flow\" style=\"border-radius:15px;padding-top:var(--wp--preset--spacing--60);padding-right:var(--wp--preset--spacing--60);padding-bottom:var(--wp--preset--spacing--60);padding-left:var(--wp--preset--spacing--60)\">\n<h2 class=\"wp-block-heading has-text-color has-link-color wp-elements-f668501ad29337362863cf7107f6d407\" style=\"color:#003a36;margin-top:var(--wp--preset--spacing--40);margin-bottom:var(--wp--preset--spacing--40);font-size:clamp(15.747px, 0.984rem + ((1vw - 3.2px) * 0.842), 24px);font-style:normal;font-weight:700\">Hihnavetoiset<\/h2>\n\n\n\n<div class=\"wp-block-group is-nowrap is-layout-flex wp-container-core-group-is-layout-92577595 wp-block-group-is-layout-flex\" style=\"padding-top:var(--wp--preset--spacing--20)\">\n<h2 class=\"wp-block-heading has-theme-color has-text-color has-link-color wp-elements-a81626727a53fd3605c81cd141979539\" style=\"font-size:clamp(14px, 0.875rem + ((1vw - 3.2px) * 0.306), 17px);\"><strong><a href=\"https:\/\/kompressorikeskus.fi\/?page_id=196\" data-type=\"page\" data-id=\"196\">Hihnavetoiset<\/a><\/strong><\/h2>\n<\/div>\n<\/div>\n\n\n\n<div class=\"wp-block-column has-box-shadow is-layout-flow wp-block-column-is-layout-flow\" style=\"border-radius:15px;padding-top:var(--wp--preset--spacing--60);padding-right:var(--wp--preset--spacing--60);padding-bottom:var(--wp--preset--spacing--60);padding-left:var(--wp--preset--spacing--60)\">\n<h2 class=\"wp-block-heading has-text-color has-link-color wp-elements-bde7d4aadc4ff39faa4ead9236487683\" style=\"color:#003a36;margin-top:var(--wp--preset--spacing--40);margin-bottom:var(--wp--preset--spacing--40);font-size:clamp(15.747px, 0.984rem + ((1vw - 3.2px) * 0.842), 24px);font-style:normal;font-weight:700\">Hiljaiset<\/h2>\n\n\n\n<div class=\"wp-block-group is-nowrap is-layout-flex wp-container-core-group-is-layout-92577595 wp-block-group-is-layout-flex\" style=\"padding-top:var(--wp--preset--spacing--20)\">\n<h2 class=\"wp-block-heading has-theme-color has-text-color has-link-color wp-elements-f71dfc1bd3f99c050b4a2a3975f21fa2\" style=\"font-size:clamp(14px, 0.875rem + ((1vw - 3.2px) * 0.306), 17px);\"><strong><a href=\"https:\/\/kompressorikeskus.fi\/?page_id=207\" data-type=\"page\" data-id=\"207\">Hiljaiset<\/a><\/strong><\/h2>\n<\/div>\n<\/div>\n<\/div>\n\n\n\n<div class=\"wp-block-columns is-layout-flex wp-container-core-columns-is-layout-f75fd3cf wp-block-columns-is-layout-flex\" style=\"padding-top:var(--wp--preset--spacing--60)\">\n<div class=\"wp-block-column has-box-shadow is-layout-flow wp-block-column-is-layout-flow\" style=\"border-radius:15px;padding-top:var(--wp--preset--spacing--60);padding-right:var(--wp--preset--spacing--60);padding-bottom:var(--wp--preset--spacing--60);padding-left:var(--wp--preset--spacing--60)\">\n<h2 class=\"wp-block-heading has-text-color has-link-color wp-elements-1fb16599159e596b011791e46a9b953b\" style=\"color:#003a36;margin-top:var(--wp--preset--spacing--40);margin-bottom:var(--wp--preset--spacing--40);font-size:clamp(15.747px, 0.984rem + ((1vw - 3.2px) * 0.842), 24px);font-style:normal;font-weight:700\">\u00d6ljytt\u00f6m\u00e4t<\/h2>\n\n\n\n<div class=\"wp-block-group is-nowrap is-layout-flex wp-container-core-group-is-layout-92577595 wp-block-group-is-layout-flex\" style=\"padding-top:var(--wp--preset--spacing--20)\">\n<h2 class=\"wp-block-heading has-theme-color has-text-color has-link-color wp-elements-cf96433c34a4d5cdfab59d5db60bb532\" style=\"font-size:clamp(14px, 0.875rem + ((1vw - 3.2px) * 0.306), 17px);\"><strong><a href=\"https:\/\/kompressorikeskus.fi\/?page_id=212\" data-type=\"page\" data-id=\"212\">\u00d6ljytt\u00f6m\u00e4t<\/a><\/strong><\/h2>\n<\/div>\n<\/div>\n\n\n\n<div class=\"wp-block-column has-box-shadow is-layout-flow wp-block-column-is-layout-flow\" style=\"border-radius:15px;padding-top:var(--wp--preset--spacing--60);padding-right:var(--wp--preset--spacing--60);padding-bottom:var(--wp--preset--spacing--60);padding-left:var(--wp--preset--spacing--60)\">\n<h2 class=\"wp-block-heading has-text-color has-link-color wp-elements-8366d5cdc3e2bd747ad007220be6a3f5\" style=\"color:#003a36;margin-top:var(--wp--preset--spacing--40);margin-bottom:var(--wp--preset--spacing--40);font-size:clamp(15.747px, 0.984rem + ((1vw - 3.2px) * 0.842), 24px);font-style:normal;font-weight:700\">Polttomoottorit<\/h2>\n\n\n\n<div class=\"wp-block-group is-nowrap is-layout-flex wp-container-core-group-is-layout-92577595 wp-block-group-is-layout-flex\" style=\"padding-top:var(--wp--preset--spacing--20)\">\n<h2 class=\"wp-block-heading has-theme-color has-text-color has-link-color wp-elements-80ad781e7699d79038937ec1da40d625\" style=\"font-size:clamp(14px, 0.875rem + ((1vw - 3.2px) * 0.306), 17px);\"><a href=\"https:\/\/kompressorikeskus.fi\/?page_id=218\" data-type=\"page\" data-id=\"218\">Polttomoottorit<\/a><\/h2>\n<\/div>\n<\/div>\n<\/div>\n\n\n\n<div class=\"wp-block-columns is-layout-flex wp-container-core-columns-is-layout-f75fd3cf wp-block-columns-is-layout-flex\" style=\"padding-top:var(--wp--preset--spacing--60)\">\n<div class=\"wp-block-column has-box-shadow is-layout-flow wp-block-column-is-layout-flow\" style=\"border-radius:15px;padding-top:var(--wp--preset--spacing--60);padding-right:var(--wp--preset--spacing--60);padding-bottom:var(--wp--preset--spacing--60);padding-left:var(--wp--preset--spacing--60)\">\n<h2 class=\"wp-block-heading has-text-color has-link-color wp-elements-565e16b72e0a9f7b700bf8b0a9292af4\" style=\"color:#003a36;margin-top:var(--wp--preset--spacing--40);margin-bottom:var(--wp--preset--spacing--40);font-size:clamp(15.747px, 0.984rem + ((1vw - 3.2px) * 0.842), 24px);font-style:normal;font-weight:700\">Sprinklerikompressorit<\/h2>\n\n\n\n<p class=\"has-text-color has-link-color has-inter-font-family wp-elements-facec9abed9bac7990528f3d9efbc7df\" style=\"color:#444d4d;margin-top:var(--wp--preset--spacing--20);font-size:clamp(0.875rem, 0.875rem + ((1vw - 0.2rem) * 0.204), 1rem);line-height:1.5\">Kysy <a href=\"https:\/\/kompressorikeskus.fi\/?page_id=68\" data-type=\"page\" data-id=\"68\">henkil\u00f6kunnaltamme<\/a> lis\u00e4tietoja<\/p>\n<\/div>\n\n\n\n<div class=\"wp-block-column has-box-shadow is-layout-flow wp-block-column-is-layout-flow\" style=\"border-radius:15px;padding-top:var(--wp--preset--spacing--60);padding-right:var(--wp--preset--spacing--60);padding-bottom:var(--wp--preset--spacing--60);padding-left:var(--wp--preset--spacing--60)\">\n<h2 class=\"wp-block-heading has-text-color has-link-color wp-elements-f6134e47b5746d77301d957c6f298968\" style=\"color:#003a36;margin-top:var(--wp--preset--spacing--40);margin-bottom:var(--wp--preset--spacing--40);font-size:clamp(15.747px, 0.984rem + ((1vw - 3.2px) * 0.842), 24px);font-style:normal;font-weight:700\">Suoravetoiset<\/h2>\n\n\n\n<div class=\"wp-block-group is-nowrap is-layout-flex wp-container-core-group-is-layout-92577595 wp-block-group-is-layout-flex\" style=\"padding-top:var(--wp--preset--spacing--20)\">\n<h2 class=\"wp-block-heading has-theme-color has-text-color has-link-color wp-elements-f54f635beb0f74af85f04588f16e1d0c\" style=\"font-size:clamp(14px, 0.875rem + ((1vw - 3.2px) * 0.306), 17px);\"><a href=\"https:\/\/kompressorikeskus.fi\/?page_id=222\" data-type=\"page\" data-id=\"222\">Suoravetoiset<\/a><\/h2>\n<\/div>\n<\/div>\n<\/div>\n<\/div>\n","protected":false},"excerpt":{"rendered":"<p>M\u00e4nt\u00e4kompressorivalikoimamme kattaa kaikkien ammattilaisten tarpeet. Puhti\u00ae koneet valmistetaan Suomessa ja Italialainen ABAC t\u00e4ydent\u00e4\u00e4 valikoiman. Perinteisien \u00f6ljyvoideltujen lis\u00e4ksi valikoimassa ovat \u00f6ljytt\u00f6m\u00e4t, [&hellip;]<\/p>\n","protected":false},"author":2,"featured_media":0,"parent":0,"menu_order":0,"comment_status":"closed","ping_status":"closed","template":"","meta":{"footnotes":""},"class_list":["post-171","page","type-page","status-publish","hentry"],"yoast_head":"<!-- This site is optimized with the Yoast SEO plugin v27.5 - https:\/\/yoast.com\/product\/yoast-seo-wordpress\/ -->\n<title>M\u00e4nt\u00e4kompressorit - Kompressorikeskus<\/title>\n<meta name=\"robots\" content=\"index, follow, max-snippet:-1, max-image-preview:large, max-video-preview:-1\" \/>\n<link rel=\"canonical\" href=\"https:\/\/kompressorikeskus.fi\/?page_id=171\" \/>\n<meta property=\"og:locale\" content=\"fi_FI\" \/>\n<meta property=\"og:type\" content=\"article\" \/>\n<meta property=\"og:title\" content=\"M\u00e4nt\u00e4kompressorit - Kompressorikeskus\" \/>\n<meta property=\"og:description\" content=\"M\u00e4nt\u00e4kompressorivalikoimamme kattaa kaikkien ammattilaisten tarpeet. Puhti\u00ae koneet valmistetaan Suomessa ja Italialainen ABAC t\u00e4ydent\u00e4\u00e4 valikoiman. Perinteisien \u00f6ljyvoideltujen lis\u00e4ksi valikoimassa ovat \u00f6ljytt\u00f6m\u00e4t, [&hellip;]\" \/>\n<meta property=\"og:url\" content=\"https:\/\/kompressorikeskus.fi\/?page_id=171\" \/>\n<meta property=\"og:site_name\" content=\"Kompressorikeskus\" \/>\n<meta property=\"article:modified_time\" content=\"2026-01-16T12:29:30+00:00\" \/>\n<meta name=\"twitter:card\" content=\"summary_large_image\" \/>\n<script type=\"application\/ld+json\" class=\"yoast-schema-graph\">{\"@context\":\"https:\\\/\\\/schema.org\",\"@graph\":[{\"@type\":\"WebPage\",\"@id\":\"https:\\\/\\\/kompressorikeskus.fi\\\/?page_id=171\",\"url\":\"https:\\\/\\\/kompressorikeskus.fi\\\/?page_id=171\",\"name\":\"M\u00e4nt\u00e4kompressorit - Kompressorikeskus\",\"isPartOf\":{\"@id\":\"https:\\\/\\\/kompressorikeskus.fi\\\/#website\"},\"datePublished\":\"2026-01-16T08:41:52+00:00\",\"dateModified\":\"2026-01-16T12:29:30+00:00\",\"breadcrumb\":{\"@id\":\"https:\\\/\\\/kompressorikeskus.fi\\\/?page_id=171#breadcrumb\"},\"inLanguage\":\"fi\",\"potentialAction\":[{\"@type\":\"ReadAction\",\"target\":[\"https:\\\/\\\/kompressorikeskus.fi\\\/?page_id=171\"]}]},{\"@type\":\"BreadcrumbList\",\"@id\":\"https:\\\/\\\/kompressorikeskus.fi\\\/?page_id=171#breadcrumb\",\"itemListElement\":[{\"@type\":\"ListItem\",\"position\":1,\"name\":\"Etusivu\",\"item\":\"https:\\\/\\\/kompressorikeskus.fi\\\/\"},{\"@type\":\"ListItem\",\"position\":2,\"name\":\"M\u00e4nt\u00e4kompressorit\"}]},{\"@type\":\"WebSite\",\"@id\":\"https:\\\/\\\/kompressorikeskus.fi\\\/#website\",\"url\":\"https:\\\/\\\/kompressorikeskus.fi\\\/\",\"name\":\"Kompressorikeskus\",\"description\":\"\",\"publisher\":{\"@id\":\"https:\\\/\\\/kompressorikeskus.fi\\\/#organization\"},\"potentialAction\":[{\"@type\":\"SearchAction\",\"target\":{\"@type\":\"EntryPoint\",\"urlTemplate\":\"https:\\\/\\\/kompressorikeskus.fi\\\/?s={search_term_string}\"},\"query-input\":{\"@type\":\"PropertyValueSpecification\",\"valueRequired\":true,\"valueName\":\"search_term_string\"}}],\"inLanguage\":\"fi\"},{\"@type\":\"Organization\",\"@id\":\"https:\\\/\\\/kompressorikeskus.fi\\\/#organization\",\"name\":\"Kompressorikeskus\",\"url\":\"https:\\\/\\\/kompressorikeskus.fi\\\/\",\"logo\":{\"@type\":\"ImageObject\",\"inLanguage\":\"fi\",\"@id\":\"https:\\\/\\\/kompressorikeskus.fi\\\/#\\\/schema\\\/logo\\\/image\\\/\",\"url\":\"https:\\\/\\\/kompressorikeskus.fi\\\/wp-content\\\/uploads\\\/2025\\\/12\\\/kompressorikeskus-scaled.jpg\",\"contentUrl\":\"https:\\\/\\\/kompressorikeskus.fi\\\/wp-content\\\/uploads\\\/2025\\\/12\\\/kompressorikeskus-scaled.jpg\",\"width\":2560,\"height\":1280,\"caption\":\"Kompressorikeskus\"},\"image\":{\"@id\":\"https:\\\/\\\/kompressorikeskus.fi\\\/#\\\/schema\\\/logo\\\/image\\\/\"}}]}<\/script>\n<!-- \/ Yoast SEO plugin. -->","yoast_head_json":{"title":"M\u00e4nt\u00e4kompressorit - Kompressorikeskus","robots":{"index":"index","follow":"follow","max-snippet":"max-snippet:-1","max-image-preview":"max-image-preview:large","max-video-preview":"max-video-preview:-1"},"canonical":"https:\/\/kompressorikeskus.fi\/?page_id=171","og_locale":"fi_FI","og_type":"article","og_title":"M\u00e4nt\u00e4kompressorit - Kompressorikeskus","og_description":"M\u00e4nt\u00e4kompressorivalikoimamme kattaa kaikkien ammattilaisten tarpeet. Puhti\u00ae koneet valmistetaan Suomessa ja Italialainen ABAC t\u00e4ydent\u00e4\u00e4 valikoiman. Perinteisien \u00f6ljyvoideltujen lis\u00e4ksi valikoimassa ovat \u00f6ljytt\u00f6m\u00e4t, [&hellip;]","og_url":"https:\/\/kompressorikeskus.fi\/?page_id=171","og_site_name":"Kompressorikeskus","article_modified_time":"2026-01-16T12:29:30+00:00","twitter_card":"summary_large_image","schema":{"@context":"https:\/\/schema.org","@graph":[{"@type":"WebPage","@id":"https:\/\/kompressorikeskus.fi\/?page_id=171","url":"https:\/\/kompressorikeskus.fi\/?page_id=171","name":"M\u00e4nt\u00e4kompressorit - Kompressorikeskus","isPartOf":{"@id":"https:\/\/kompressorikeskus.fi\/#website"},"datePublished":"2026-01-16T08:41:52+00:00","dateModified":"2026-01-16T12:29:30+00:00","breadcrumb":{"@id":"https:\/\/kompressorikeskus.fi\/?page_id=171#breadcrumb"},"inLanguage":"fi","potentialAction":[{"@type":"ReadAction","target":["https:\/\/kompressorikeskus.fi\/?page_id=171"]}]},{"@type":"BreadcrumbList","@id":"https:\/\/kompressorikeskus.fi\/?page_id=171#breadcrumb","itemListElement":[{"@type":"ListItem","position":1,"name":"Etusivu","item":"https:\/\/kompressorikeskus.fi\/"},{"@type":"ListItem","position":2,"name":"M\u00e4nt\u00e4kompressorit"}]},{"@type":"WebSite","@id":"https:\/\/kompressorikeskus.fi\/#website","url":"https:\/\/kompressorikeskus.fi\/","name":"Kompressorikeskus","description":"","publisher":{"@id":"https:\/\/kompressorikeskus.fi\/#organization"},"potentialAction":[{"@type":"SearchAction","target":{"@type":"EntryPoint","urlTemplate":"https:\/\/kompressorikeskus.fi\/?s={search_term_string}"},"query-input":{"@type":"PropertyValueSpecification","valueRequired":true,"valueName":"search_term_string"}}],"inLanguage":"fi"},{"@type":"Organization","@id":"https:\/\/kompressorikeskus.fi\/#organization","name":"Kompressorikeskus","url":"https:\/\/kompressorikeskus.fi\/","logo":{"@type":"ImageObject","inLanguage":"fi","@id":"https:\/\/kompressorikeskus.fi\/#\/schema\/logo\/image\/","url":"https:\/\/kompressorikeskus.fi\/wp-content\/uploads\/2025\/12\/kompressorikeskus-scaled.jpg","contentUrl":"https:\/\/kompressorikeskus.fi\/wp-content\/uploads\/2025\/12\/kompressorikeskus-scaled.jpg","width":2560,"height":1280,"caption":"Kompressorikeskus"},"image":{"@id":"https:\/\/kompressorikeskus.fi\/#\/schema\/logo\/image\/"}}]}},"_links":{"self":[{"href":"https:\/\/kompressorikeskus.fi\/index.php?rest_route=\/wp\/v2\/pages\/171","targetHints":{"allow":["GET"]}}],"collection":[{"href":"https:\/\/kompressorikeskus.fi\/index.php?rest_route=\/wp\/v2\/pages"}],"about":[{"href":"https:\/\/kompressorikeskus.fi\/index.php?rest_route=\/wp\/v2\/types\/page"}],"author":[{"embeddable":true,"href":"https:\/\/kompressorikeskus.fi\/index.php?rest_route=\/wp\/v2\/users\/2"}],"replies":[{"embeddable":true,"href":"https:\/\/kompressorikeskus.fi\/index.php?rest_route=%2Fwp%2Fv2%2Fcomments&post=171"}],"version-history":[{"count":3,"href":"https:\/\/kompressorikeskus.fi\/index.php?rest_route=\/wp\/v2\/pages\/171\/revisions"}],"predecessor-version":[{"id":255,"href":"https:\/\/kompressorikeskus.fi\/index.php?rest_route=\/wp\/v2\/pages\/171\/revisions\/255"}],"wp:attachment":[{"href":"https:\/\/kompressorikeskus.fi\/index.php?rest_route=%2Fwp%2Fv2%2Fmedia&parent=171"}],"curies":[{"name":"wp","href":"https:\/\/api.w.org\/{rel}","templated":true}]}}