{"id":145,"date":"2026-01-14T14:09:43","date_gmt":"2026-01-14T14:09:43","guid":{"rendered":"https:\/\/uusi.kompressorikeskus.fi\/?page_id=145"},"modified":"2026-01-16T12:55:29","modified_gmt":"2026-01-16T12:55:29","slug":"painepesurit","status":"publish","type":"page","link":"https:\/\/kompressorikeskus.fi\/?page_id=145","title":{"rendered":"Painepesurit"},"content":{"rendered":"\n<p class=\"has-base-color has-text-color has-link-color wp-elements-5ba2b93dcff4fe3b7550770b876cb6d5\"><strong><a href=\"https:\/\/kompressorikeskus.fi\/?page_id=56\" data-type=\"page\" data-id=\"56\"> &lt;\u2013 Takaisin<\/a><\/strong><\/p>\n\n\n\n<h2 class=\"wp-block-heading\">Mercury painepesuri<\/h2>\n\n\n\n<p class=\"has-medium-font-size\"><strong>Mercury <\/strong>on italialaisen <strong>Comet SPA <\/strong>valmistama painepesureiden mallisarja sek\u00e4 ammattilais- ett\u00e4 kuluttajak\u00e4ytt\u00f6\u00f6n.<br>Mercury malliston tuotevalikoima koostuu painepesureista, jotka on varustettu niin aksiaali- kuin rivikorkeapainepumpuista. Niit\u00e4 k\u00e4ytet\u00e4\u00e4n monilla aloilla niin autonpesuj\u00e4rjestelmist\u00e4 tienpesukoneisiin kuin teollisuuden ja kotien puhdistussovelluksiin. Asiakkaat l\u00f6yt\u00e4v\u00e4t Mercury-mallistosta oikeat ratkaisut kaikkiin puhdistustarpeisiinsa.<\/p>\n\n\n\n<div class=\"wp-block-columns is-layout-flex wp-container-core-columns-is-layout-28f84493 wp-block-columns-is-layout-flex\">\n<div class=\"wp-block-column is-layout-flow wp-block-column-is-layout-flow\">\n<div class=\"wp-block-media-text is-stacked-on-mobile\"><figure class=\"wp-block-media-text__media\"><img loading=\"lazy\" decoding=\"async\" width=\"482\" height=\"357\" src=\"https:\/\/kompressorikeskus.fi\/wp-content\/uploads\/2026\/01\/VENTO-135-extra.jpg\" alt=\"\" class=\"wp-image-146 size-full\" srcset=\"https:\/\/kompressorikeskus.fi\/wp-content\/uploads\/2026\/01\/VENTO-135-extra.jpg 482w, https:\/\/kompressorikeskus.fi\/wp-content\/uploads\/2026\/01\/VENTO-135-extra-300x222.jpg 300w\" sizes=\"auto, (max-width: 482px) 100vw, 482px\" \/><\/figure><div class=\"wp-block-media-text__content\">\n<p class=\"has-medium-font-size\"><strong>VENTO 135 EXTRA<\/strong><\/p>\n\n\n\n<div data-wp-interactive=\"core\/file\" class=\"wp-block-file\"><object data-wp-bind--hidden=\"!state.hasPdfPreview\" hidden class=\"wp-block-file__embed\" data=\"https:\/\/kompressorikeskus.fi\/wp-content\/uploads\/2026\/01\/Kuumavesipesuri-Vento-135Extra.pdf\" type=\"application\/pdf\" style=\"width:100%;height:210px\" aria-label=\"Tiedoston Kuumavesipesuri-Vento-135Extra upotus.\"><\/object><a id=\"wp-block-file--media-92babb20-259b-4cb6-a012-e585f69410a3\" href=\"https:\/\/kompressorikeskus.fi\/wp-content\/uploads\/2026\/01\/Kuumavesipesuri-Vento-135Extra.pdf\">Kuumavesipesuri-Vento-135Extra<\/a><a href=\"https:\/\/kompressorikeskus.fi\/wp-content\/uploads\/2026\/01\/Kuumavesipesuri-Vento-135Extra.pdf\" class=\"wp-block-file__button wp-element-button\" download aria-describedby=\"wp-block-file--media-92babb20-259b-4cb6-a012-e585f69410a3\">Lataa esite<\/a><\/div>\n<\/div><\/div>\n<\/div>\n\n\n\n<div class=\"wp-block-column is-layout-flow wp-block-column-is-layout-flow\">\n<div class=\"wp-block-media-text is-stacked-on-mobile\" style=\"grid-template-columns:61% auto\"><figure class=\"wp-block-media-text__media\"><img loading=\"lazy\" decoding=\"async\" width=\"625\" height=\"442\" src=\"https:\/\/kompressorikeskus.fi\/wp-content\/uploads\/2026\/01\/M-STEEL-8.16-TS-TRF.jpg\" alt=\"\" class=\"wp-image-147 size-full\" srcset=\"https:\/\/kompressorikeskus.fi\/wp-content\/uploads\/2026\/01\/M-STEEL-8.16-TS-TRF.jpg 625w, https:\/\/kompressorikeskus.fi\/wp-content\/uploads\/2026\/01\/M-STEEL-8.16-TS-TRF-300x212.jpg 300w\" sizes=\"auto, (max-width: 625px) 100vw, 625px\" \/><\/figure><div class=\"wp-block-media-text__content\">\n<p class=\"has-text-align-left has-medium-font-size\"><strong>Mercury <br>M STEEL  8.16 TS TRF<\/strong><\/p>\n\n\n\n<div data-wp-interactive=\"core\/file\" class=\"wp-block-file\"><object data-wp-bind--hidden=\"!state.hasPdfPreview\" hidden class=\"wp-block-file__embed\" data=\"https:\/\/kompressorikeskus.fi\/wp-content\/uploads\/2026\/01\/Painepesuri-M-STEEL-8.16-TS-TRF.pdf\" type=\"application\/pdf\" style=\"width:100%;height:200px\" aria-label=\"Tiedoston Painepesuri-M-STEEL-8.16-TS-TRF upotus.\"><\/object><a id=\"wp-block-file--media-34f80952-2041-4059-8ae9-b3e84d9f8e46\" href=\"https:\/\/kompressorikeskus.fi\/wp-content\/uploads\/2026\/01\/Painepesuri-M-STEEL-8.16-TS-TRF.pdf\">Painepesuri-M-STEEL-8.16-TS-TRF<\/a><a href=\"https:\/\/kompressorikeskus.fi\/wp-content\/uploads\/2026\/01\/Painepesuri-M-STEEL-8.16-TS-TRF.pdf\" class=\"wp-block-file__button wp-element-button\" download aria-describedby=\"wp-block-file--media-34f80952-2041-4059-8ae9-b3e84d9f8e46\">Lataa esite<\/a><\/div>\n<\/div><\/div>\n<\/div>\n<\/div>\n","protected":false},"excerpt":{"rendered":"<p>&lt;\u2013 Takaisin Mercury painepesuri Mercury on italialaisen Comet SPA valmistama painepesureiden mallisarja sek\u00e4 ammattilais- ett\u00e4 kuluttajak\u00e4ytt\u00f6\u00f6n.Mercury malliston tuotevalikoima koostuu painepesureista, [&hellip;]<\/p>\n","protected":false},"author":2,"featured_media":0,"parent":0,"menu_order":0,"comment_status":"closed","ping_status":"closed","template":"","meta":{"footnotes":""},"class_list":["post-145","page","type-page","status-publish","hentry"],"yoast_head":"<!-- This site is optimized with the Yoast SEO plugin v27.5 - https:\/\/yoast.com\/product\/yoast-seo-wordpress\/ -->\n<title>Painepesurit - Kompressorikeskus<\/title>\n<meta name=\"robots\" content=\"index, follow, max-snippet:-1, max-image-preview:large, max-video-preview:-1\" \/>\n<link rel=\"canonical\" href=\"https:\/\/kompressorikeskus.fi\/?page_id=145\" \/>\n<meta property=\"og:locale\" content=\"fi_FI\" \/>\n<meta property=\"og:type\" content=\"article\" \/>\n<meta property=\"og:title\" content=\"Painepesurit - Kompressorikeskus\" \/>\n<meta property=\"og:description\" content=\"&lt;\u2013 Takaisin Mercury painepesuri Mercury on italialaisen Comet SPA valmistama painepesureiden mallisarja sek\u00e4 ammattilais- ett\u00e4 kuluttajak\u00e4ytt\u00f6\u00f6n.Mercury malliston tuotevalikoima koostuu painepesureista, [&hellip;]\" \/>\n<meta property=\"og:url\" content=\"https:\/\/kompressorikeskus.fi\/?page_id=145\" \/>\n<meta property=\"og:site_name\" content=\"Kompressorikeskus\" \/>\n<meta property=\"article:modified_time\" content=\"2026-01-16T12:55:29+00:00\" \/>\n<meta property=\"og:image\" content=\"https:\/\/kompressorikeskus.fi\/wp-content\/uploads\/2026\/01\/VENTO-135-extra.jpg\" \/>\n\t<meta property=\"og:image:width\" content=\"482\" \/>\n\t<meta property=\"og:image:height\" content=\"357\" \/>\n\t<meta property=\"og:image:type\" content=\"image\/jpeg\" \/>\n<meta name=\"twitter:card\" content=\"summary_large_image\" \/>\n<script type=\"application\/ld+json\" class=\"yoast-schema-graph\">{\"@context\":\"https:\\\/\\\/schema.org\",\"@graph\":[{\"@type\":\"WebPage\",\"@id\":\"https:\\\/\\\/kompressorikeskus.fi\\\/?page_id=145\",\"url\":\"https:\\\/\\\/kompressorikeskus.fi\\\/?page_id=145\",\"name\":\"Painepesurit - Kompressorikeskus\",\"isPartOf\":{\"@id\":\"https:\\\/\\\/kompressorikeskus.fi\\\/#website\"},\"primaryImageOfPage\":{\"@id\":\"https:\\\/\\\/kompressorikeskus.fi\\\/?page_id=145#primaryimage\"},\"image\":{\"@id\":\"https:\\\/\\\/kompressorikeskus.fi\\\/?page_id=145#primaryimage\"},\"thumbnailUrl\":\"https:\\\/\\\/kompressorikeskus.fi\\\/wp-content\\\/uploads\\\/2026\\\/01\\\/VENTO-135-extra.jpg\",\"datePublished\":\"2026-01-14T14:09:43+00:00\",\"dateModified\":\"2026-01-16T12:55:29+00:00\",\"breadcrumb\":{\"@id\":\"https:\\\/\\\/kompressorikeskus.fi\\\/?page_id=145#breadcrumb\"},\"inLanguage\":\"fi\",\"potentialAction\":[{\"@type\":\"ReadAction\",\"target\":[\"https:\\\/\\\/kompressorikeskus.fi\\\/?page_id=145\"]}]},{\"@type\":\"ImageObject\",\"inLanguage\":\"fi\",\"@id\":\"https:\\\/\\\/kompressorikeskus.fi\\\/?page_id=145#primaryimage\",\"url\":\"https:\\\/\\\/kompressorikeskus.fi\\\/wp-content\\\/uploads\\\/2026\\\/01\\\/VENTO-135-extra.jpg\",\"contentUrl\":\"https:\\\/\\\/kompressorikeskus.fi\\\/wp-content\\\/uploads\\\/2026\\\/01\\\/VENTO-135-extra.jpg\",\"width\":482,\"height\":357},{\"@type\":\"BreadcrumbList\",\"@id\":\"https:\\\/\\\/kompressorikeskus.fi\\\/?page_id=145#breadcrumb\",\"itemListElement\":[{\"@type\":\"ListItem\",\"position\":1,\"name\":\"Etusivu\",\"item\":\"https:\\\/\\\/kompressorikeskus.fi\\\/\"},{\"@type\":\"ListItem\",\"position\":2,\"name\":\"Painepesurit\"}]},{\"@type\":\"WebSite\",\"@id\":\"https:\\\/\\\/kompressorikeskus.fi\\\/#website\",\"url\":\"https:\\\/\\\/kompressorikeskus.fi\\\/\",\"name\":\"Kompressorikeskus\",\"description\":\"\",\"publisher\":{\"@id\":\"https:\\\/\\\/kompressorikeskus.fi\\\/#organization\"},\"potentialAction\":[{\"@type\":\"SearchAction\",\"target\":{\"@type\":\"EntryPoint\",\"urlTemplate\":\"https:\\\/\\\/kompressorikeskus.fi\\\/?s={search_term_string}\"},\"query-input\":{\"@type\":\"PropertyValueSpecification\",\"valueRequired\":true,\"valueName\":\"search_term_string\"}}],\"inLanguage\":\"fi\"},{\"@type\":\"Organization\",\"@id\":\"https:\\\/\\\/kompressorikeskus.fi\\\/#organization\",\"name\":\"Kompressorikeskus\",\"url\":\"https:\\\/\\\/kompressorikeskus.fi\\\/\",\"logo\":{\"@type\":\"ImageObject\",\"inLanguage\":\"fi\",\"@id\":\"https:\\\/\\\/kompressorikeskus.fi\\\/#\\\/schema\\\/logo\\\/image\\\/\",\"url\":\"https:\\\/\\\/kompressorikeskus.fi\\\/wp-content\\\/uploads\\\/2025\\\/12\\\/kompressorikeskus-scaled.jpg\",\"contentUrl\":\"https:\\\/\\\/kompressorikeskus.fi\\\/wp-content\\\/uploads\\\/2025\\\/12\\\/kompressorikeskus-scaled.jpg\",\"width\":2560,\"height\":1280,\"caption\":\"Kompressorikeskus\"},\"image\":{\"@id\":\"https:\\\/\\\/kompressorikeskus.fi\\\/#\\\/schema\\\/logo\\\/image\\\/\"}}]}<\/script>\n<!-- \/ Yoast SEO plugin. -->","yoast_head_json":{"title":"Painepesurit - Kompressorikeskus","robots":{"index":"index","follow":"follow","max-snippet":"max-snippet:-1","max-image-preview":"max-image-preview:large","max-video-preview":"max-video-preview:-1"},"canonical":"https:\/\/kompressorikeskus.fi\/?page_id=145","og_locale":"fi_FI","og_type":"article","og_title":"Painepesurit - Kompressorikeskus","og_description":"&lt;\u2013 Takaisin Mercury painepesuri Mercury on italialaisen Comet SPA valmistama painepesureiden mallisarja sek\u00e4 ammattilais- ett\u00e4 kuluttajak\u00e4ytt\u00f6\u00f6n.Mercury malliston tuotevalikoima koostuu painepesureista, [&hellip;]","og_url":"https:\/\/kompressorikeskus.fi\/?page_id=145","og_site_name":"Kompressorikeskus","article_modified_time":"2026-01-16T12:55:29+00:00","og_image":[{"width":482,"height":357,"url":"https:\/\/kompressorikeskus.fi\/wp-content\/uploads\/2026\/01\/VENTO-135-extra.jpg","type":"image\/jpeg"}],"twitter_card":"summary_large_image","schema":{"@context":"https:\/\/schema.org","@graph":[{"@type":"WebPage","@id":"https:\/\/kompressorikeskus.fi\/?page_id=145","url":"https:\/\/kompressorikeskus.fi\/?page_id=145","name":"Painepesurit - Kompressorikeskus","isPartOf":{"@id":"https:\/\/kompressorikeskus.fi\/#website"},"primaryImageOfPage":{"@id":"https:\/\/kompressorikeskus.fi\/?page_id=145#primaryimage"},"image":{"@id":"https:\/\/kompressorikeskus.fi\/?page_id=145#primaryimage"},"thumbnailUrl":"https:\/\/kompressorikeskus.fi\/wp-content\/uploads\/2026\/01\/VENTO-135-extra.jpg","datePublished":"2026-01-14T14:09:43+00:00","dateModified":"2026-01-16T12:55:29+00:00","breadcrumb":{"@id":"https:\/\/kompressorikeskus.fi\/?page_id=145#breadcrumb"},"inLanguage":"fi","potentialAction":[{"@type":"ReadAction","target":["https:\/\/kompressorikeskus.fi\/?page_id=145"]}]},{"@type":"ImageObject","inLanguage":"fi","@id":"https:\/\/kompressorikeskus.fi\/?page_id=145#primaryimage","url":"https:\/\/kompressorikeskus.fi\/wp-content\/uploads\/2026\/01\/VENTO-135-extra.jpg","contentUrl":"https:\/\/kompressorikeskus.fi\/wp-content\/uploads\/2026\/01\/VENTO-135-extra.jpg","width":482,"height":357},{"@type":"BreadcrumbList","@id":"https:\/\/kompressorikeskus.fi\/?page_id=145#breadcrumb","itemListElement":[{"@type":"ListItem","position":1,"name":"Etusivu","item":"https:\/\/kompressorikeskus.fi\/"},{"@type":"ListItem","position":2,"name":"Painepesurit"}]},{"@type":"WebSite","@id":"https:\/\/kompressorikeskus.fi\/#website","url":"https:\/\/kompressorikeskus.fi\/","name":"Kompressorikeskus","description":"","publisher":{"@id":"https:\/\/kompressorikeskus.fi\/#organization"},"potentialAction":[{"@type":"SearchAction","target":{"@type":"EntryPoint","urlTemplate":"https:\/\/kompressorikeskus.fi\/?s={search_term_string}"},"query-input":{"@type":"PropertyValueSpecification","valueRequired":true,"valueName":"search_term_string"}}],"inLanguage":"fi"},{"@type":"Organization","@id":"https:\/\/kompressorikeskus.fi\/#organization","name":"Kompressorikeskus","url":"https:\/\/kompressorikeskus.fi\/","logo":{"@type":"ImageObject","inLanguage":"fi","@id":"https:\/\/kompressorikeskus.fi\/#\/schema\/logo\/image\/","url":"https:\/\/kompressorikeskus.fi\/wp-content\/uploads\/2025\/12\/kompressorikeskus-scaled.jpg","contentUrl":"https:\/\/kompressorikeskus.fi\/wp-content\/uploads\/2025\/12\/kompressorikeskus-scaled.jpg","width":2560,"height":1280,"caption":"Kompressorikeskus"},"image":{"@id":"https:\/\/kompressorikeskus.fi\/#\/schema\/logo\/image\/"}}]}},"_links":{"self":[{"href":"https:\/\/kompressorikeskus.fi\/index.php?rest_route=\/wp\/v2\/pages\/145","targetHints":{"allow":["GET"]}}],"collection":[{"href":"https:\/\/kompressorikeskus.fi\/index.php?rest_route=\/wp\/v2\/pages"}],"about":[{"href":"https:\/\/kompressorikeskus.fi\/index.php?rest_route=\/wp\/v2\/types\/page"}],"author":[{"embeddable":true,"href":"https:\/\/kompressorikeskus.fi\/index.php?rest_route=\/wp\/v2\/users\/2"}],"replies":[{"embeddable":true,"href":"https:\/\/kompressorikeskus.fi\/index.php?rest_route=%2Fwp%2Fv2%2Fcomments&post=145"}],"version-history":[{"count":4,"href":"https:\/\/kompressorikeskus.fi\/index.php?rest_route=\/wp\/v2\/pages\/145\/revisions"}],"predecessor-version":[{"id":286,"href":"https:\/\/kompressorikeskus.fi\/index.php?rest_route=\/wp\/v2\/pages\/145\/revisions\/286"}],"wp:attachment":[{"href":"https:\/\/kompressorikeskus.fi\/index.php?rest_route=%2Fwp%2Fv2%2Fmedia&parent=145"}],"curies":[{"name":"wp","href":"https:\/\/api.w.org\/{rel}","templated":true}]}}