{"id":127,"date":"2026-01-14T14:09:48","date_gmt":"2026-01-14T14:09:48","guid":{"rendered":"https:\/\/uusi.kompressorikeskus.fi\/?page_id=127"},"modified":"2026-01-16T12:38:09","modified_gmt":"2026-01-16T12:38:09","slug":"rappauslaitteet","status":"publish","type":"page","link":"https:\/\/kompressorikeskus.fi\/?page_id=127","title":{"rendered":"Rappauslaitteet"},"content":{"rendered":"\n<p class=\"has-base-color has-text-color has-link-color wp-elements-5ba2b93dcff4fe3b7550770b876cb6d5\"><strong><a href=\"https:\/\/kompressorikeskus.fi\/?page_id=56\" data-type=\"page\" data-id=\"56\"> &lt;\u2013 Takaisin<\/a><\/strong><\/p>\n\n\n\n<p class=\"has-medium-font-size\"><strong>PUHTI LAASTIMESTARI<\/strong><\/p>\n\n\n\n<p><strong>LAASTIMESTARI ON PALKITTU 1. KERRAN JO VUONNA 1953 D\u00dcSSELDORFIN MAAILMANN\u00c4YTTELYSS\u00c4 KULTAMITALILLA. JO SILLOIN SEN TODETTIIN OLEVAN AIKAANSA EDELL\u00c4.<\/strong> Jos jokin laite on t\u00e4ydellinen, niin&nbsp;<strong>PUHTI LAASTIMESTARI<\/strong>&nbsp;on sit\u00e4. Se on huoltovapaa, kun&nbsp;k\u00e4ytt\u00f6ohjeita noudatetaan niin varaosia ei tarvita. Jokainen osa on k\u00e4yt\u00e4nn\u00f6n sanelema.&nbsp;Laastimestari tarvitsee vain paineilmaa, k\u00e4ytt\u00e4j\u00e4n sek\u00e4 aivan normaalia laastia.&nbsp;Laastimestarilla levit\u00e4t jopa 60 m<sup>2<\/sup>&nbsp;tunnissa, laastin vahvuuden ollessa 1 cm.<br><a href=\"https:\/\/www.youtube.com\/watch?v=n540bRec6Z0\" target=\"_blank\" rel=\"noreferrer noopener\">TUTUSTU LAASTIMESTARIN TOIMINTAAN VIDEOLLA<\/a><\/p>\n\n\n\n<p><strong>Laastimestarin etuja ovat:<\/strong><\/p>\n\n\n\n<ul class=\"wp-block-list\">\n<li>Kevyt k\u00e4sitell\u00e4<\/li>\n\n\n\n<li>Helppok\u00e4ytt\u00f6inen<\/li>\n\n\n\n<li>Suuritehoinen<\/li>\n\n\n\n<li>Kovankin k\u00e4sittelyn kest\u00e4v\u00e4<\/li>\n\n\n\n<li>Helppohoitoinen<\/li>\n<\/ul>\n\n\n\n<p><strong>Esimerkkikohteita:<\/strong><\/p>\n\n\n\n<ul class=\"wp-block-list\">\n<li>Omakotirakentaminen<\/li>\n\n\n\n<li>Kerrostalorakentaminen<\/li>\n\n\n\n<li>Saneerausty\u00f6maat<\/li>\n\n\n\n<li>Tunnelity\u00f6maat<\/li>\n\n\n\n<li>Kanavaty\u00f6maat<\/li>\n\n\n\n<li>Patojen rakentaminen<\/li>\n\n\n\n<li>Suurs\u00e4ili\u00f6t<\/li>\n\n\n\n<li>L\u00e4mm\u00f6nkest\u00e4v\u00e4 rappaus<br>Ja lis\u00e4\u00e4 k\u00e4ytt\u00f6kohteita voit keksi\u00e4&nbsp;Laastimestarille ty\u00f6si ja tarpeittesi mukaan.<\/li>\n<\/ul>\n\n\n\n<p class=\"has-medium-font-size\"><strong>Paineilmatoimisella&nbsp;Laastimestarilla&nbsp;50% kustannuss\u00e4\u00e4st\u00f6!<\/strong><\/p>\n\n\n\n<p>Laastimestarin k\u00e4ytt\u00f6\u00f6notto on iso edistysaskel kaikenlaisten rappaust\u00f6iden suorituksessa, mitenk\u00e4\u00e4n aliarvioimatta perinteist\u00e4 k\u00e4sin suoritettavaa rappausty\u00f6t\u00e4. paineilmatoiminen Laastimestari luo edellytykset uuden ajan rappaukselle. laitteen avulla rappaus on nopeaa ja yksinkertaista, Tee-se-itse -henkil\u00f6tkin onnistuvat ty\u00f6ss\u00e4\u00e4n Laastimestarin avulla. Laitteella voidaan ruiskuttaa pintamateriaalia my\u00f6s ohuesti, jolloin s\u00e4\u00e4stet\u00e4\u00e4n materiaalikustannuksissa, tuloksen silti k\u00e4rsim\u00e4tt\u00e4<\/p>\n\n\n\n<p>Paineilmatoiminen Laastimestari on varustettu nelj\u00e4ll\u00e4 kiinte\u00e4ll\u00e4 suuttimella.<\/p>\n\n\n\n<figure class=\"wp-block-table\"><table class=\"has-fixed-layout\"><tbody><tr><td>Kompressorin teho kW<\/td><td>Ilmankulutus l\/min<\/td><td>Laastimestareiden m\u00e4\u00e4r\u00e4<\/td><\/tr><tr><td>2.2-3.0<\/td><td>350-400<\/td><td>1<\/td><\/tr><tr><td>4.0-5.5<\/td><td>500-700<\/td><td>2-3<\/td><\/tr><tr><td>5.5-7.5<\/td><td>700-1000<\/td><td>3-4<\/td><\/tr><\/tbody><\/table><\/figure>\n","protected":false},"excerpt":{"rendered":"<p>&lt;\u2013 Takaisin PUHTI LAASTIMESTARI LAASTIMESTARI ON PALKITTU 1. KERRAN JO VUONNA 1953 D\u00dcSSELDORFIN MAAILMANN\u00c4YTTELYSS\u00c4 KULTAMITALILLA. JO SILLOIN SEN TODETTIIN OLEVAN [&hellip;]<\/p>\n","protected":false},"author":2,"featured_media":0,"parent":0,"menu_order":0,"comment_status":"closed","ping_status":"closed","template":"","meta":{"footnotes":""},"class_list":["post-127","page","type-page","status-publish","hentry"],"yoast_head":"<!-- This site is optimized with the Yoast SEO plugin v27.5 - https:\/\/yoast.com\/product\/yoast-seo-wordpress\/ -->\n<title>Rappauslaitteet - Kompressorikeskus<\/title>\n<meta name=\"robots\" content=\"index, follow, max-snippet:-1, max-image-preview:large, max-video-preview:-1\" \/>\n<link rel=\"canonical\" href=\"https:\/\/kompressorikeskus.fi\/?page_id=127\" \/>\n<meta property=\"og:locale\" content=\"fi_FI\" \/>\n<meta property=\"og:type\" content=\"article\" \/>\n<meta property=\"og:title\" content=\"Rappauslaitteet - Kompressorikeskus\" \/>\n<meta property=\"og:description\" content=\"&lt;\u2013 Takaisin PUHTI LAASTIMESTARI LAASTIMESTARI ON PALKITTU 1. KERRAN JO VUONNA 1953 D\u00dcSSELDORFIN MAAILMANN\u00c4YTTELYSS\u00c4 KULTAMITALILLA. JO SILLOIN SEN TODETTIIN OLEVAN [&hellip;]\" \/>\n<meta property=\"og:url\" content=\"https:\/\/kompressorikeskus.fi\/?page_id=127\" \/>\n<meta property=\"og:site_name\" content=\"Kompressorikeskus\" \/>\n<meta property=\"article:modified_time\" content=\"2026-01-16T12:38:09+00:00\" \/>\n<meta name=\"twitter:card\" content=\"summary_large_image\" \/>\n<meta name=\"twitter:label1\" content=\"Arvioitu lukuaika\" \/>\n\t<meta name=\"twitter:data1\" content=\"1 minuutti\" \/>\n<script type=\"application\/ld+json\" class=\"yoast-schema-graph\">{\"@context\":\"https:\\\/\\\/schema.org\",\"@graph\":[{\"@type\":\"WebPage\",\"@id\":\"https:\\\/\\\/kompressorikeskus.fi\\\/?page_id=127\",\"url\":\"https:\\\/\\\/kompressorikeskus.fi\\\/?page_id=127\",\"name\":\"Rappauslaitteet - Kompressorikeskus\",\"isPartOf\":{\"@id\":\"https:\\\/\\\/kompressorikeskus.fi\\\/#website\"},\"datePublished\":\"2026-01-14T14:09:48+00:00\",\"dateModified\":\"2026-01-16T12:38:09+00:00\",\"breadcrumb\":{\"@id\":\"https:\\\/\\\/kompressorikeskus.fi\\\/?page_id=127#breadcrumb\"},\"inLanguage\":\"fi\",\"potentialAction\":[{\"@type\":\"ReadAction\",\"target\":[\"https:\\\/\\\/kompressorikeskus.fi\\\/?page_id=127\"]}]},{\"@type\":\"BreadcrumbList\",\"@id\":\"https:\\\/\\\/kompressorikeskus.fi\\\/?page_id=127#breadcrumb\",\"itemListElement\":[{\"@type\":\"ListItem\",\"position\":1,\"name\":\"Etusivu\",\"item\":\"https:\\\/\\\/kompressorikeskus.fi\\\/\"},{\"@type\":\"ListItem\",\"position\":2,\"name\":\"Rappauslaitteet\"}]},{\"@type\":\"WebSite\",\"@id\":\"https:\\\/\\\/kompressorikeskus.fi\\\/#website\",\"url\":\"https:\\\/\\\/kompressorikeskus.fi\\\/\",\"name\":\"Kompressorikeskus\",\"description\":\"\",\"publisher\":{\"@id\":\"https:\\\/\\\/kompressorikeskus.fi\\\/#organization\"},\"potentialAction\":[{\"@type\":\"SearchAction\",\"target\":{\"@type\":\"EntryPoint\",\"urlTemplate\":\"https:\\\/\\\/kompressorikeskus.fi\\\/?s={search_term_string}\"},\"query-input\":{\"@type\":\"PropertyValueSpecification\",\"valueRequired\":true,\"valueName\":\"search_term_string\"}}],\"inLanguage\":\"fi\"},{\"@type\":\"Organization\",\"@id\":\"https:\\\/\\\/kompressorikeskus.fi\\\/#organization\",\"name\":\"Kompressorikeskus\",\"url\":\"https:\\\/\\\/kompressorikeskus.fi\\\/\",\"logo\":{\"@type\":\"ImageObject\",\"inLanguage\":\"fi\",\"@id\":\"https:\\\/\\\/kompressorikeskus.fi\\\/#\\\/schema\\\/logo\\\/image\\\/\",\"url\":\"https:\\\/\\\/kompressorikeskus.fi\\\/wp-content\\\/uploads\\\/2025\\\/12\\\/kompressorikeskus-scaled.jpg\",\"contentUrl\":\"https:\\\/\\\/kompressorikeskus.fi\\\/wp-content\\\/uploads\\\/2025\\\/12\\\/kompressorikeskus-scaled.jpg\",\"width\":2560,\"height\":1280,\"caption\":\"Kompressorikeskus\"},\"image\":{\"@id\":\"https:\\\/\\\/kompressorikeskus.fi\\\/#\\\/schema\\\/logo\\\/image\\\/\"}}]}<\/script>\n<!-- \/ Yoast SEO plugin. -->","yoast_head_json":{"title":"Rappauslaitteet - Kompressorikeskus","robots":{"index":"index","follow":"follow","max-snippet":"max-snippet:-1","max-image-preview":"max-image-preview:large","max-video-preview":"max-video-preview:-1"},"canonical":"https:\/\/kompressorikeskus.fi\/?page_id=127","og_locale":"fi_FI","og_type":"article","og_title":"Rappauslaitteet - Kompressorikeskus","og_description":"&lt;\u2013 Takaisin PUHTI LAASTIMESTARI LAASTIMESTARI ON PALKITTU 1. KERRAN JO VUONNA 1953 D\u00dcSSELDORFIN MAAILMANN\u00c4YTTELYSS\u00c4 KULTAMITALILLA. JO SILLOIN SEN TODETTIIN OLEVAN [&hellip;]","og_url":"https:\/\/kompressorikeskus.fi\/?page_id=127","og_site_name":"Kompressorikeskus","article_modified_time":"2026-01-16T12:38:09+00:00","twitter_card":"summary_large_image","twitter_misc":{"Arvioitu lukuaika":"1 minuutti"},"schema":{"@context":"https:\/\/schema.org","@graph":[{"@type":"WebPage","@id":"https:\/\/kompressorikeskus.fi\/?page_id=127","url":"https:\/\/kompressorikeskus.fi\/?page_id=127","name":"Rappauslaitteet - Kompressorikeskus","isPartOf":{"@id":"https:\/\/kompressorikeskus.fi\/#website"},"datePublished":"2026-01-14T14:09:48+00:00","dateModified":"2026-01-16T12:38:09+00:00","breadcrumb":{"@id":"https:\/\/kompressorikeskus.fi\/?page_id=127#breadcrumb"},"inLanguage":"fi","potentialAction":[{"@type":"ReadAction","target":["https:\/\/kompressorikeskus.fi\/?page_id=127"]}]},{"@type":"BreadcrumbList","@id":"https:\/\/kompressorikeskus.fi\/?page_id=127#breadcrumb","itemListElement":[{"@type":"ListItem","position":1,"name":"Etusivu","item":"https:\/\/kompressorikeskus.fi\/"},{"@type":"ListItem","position":2,"name":"Rappauslaitteet"}]},{"@type":"WebSite","@id":"https:\/\/kompressorikeskus.fi\/#website","url":"https:\/\/kompressorikeskus.fi\/","name":"Kompressorikeskus","description":"","publisher":{"@id":"https:\/\/kompressorikeskus.fi\/#organization"},"potentialAction":[{"@type":"SearchAction","target":{"@type":"EntryPoint","urlTemplate":"https:\/\/kompressorikeskus.fi\/?s={search_term_string}"},"query-input":{"@type":"PropertyValueSpecification","valueRequired":true,"valueName":"search_term_string"}}],"inLanguage":"fi"},{"@type":"Organization","@id":"https:\/\/kompressorikeskus.fi\/#organization","name":"Kompressorikeskus","url":"https:\/\/kompressorikeskus.fi\/","logo":{"@type":"ImageObject","inLanguage":"fi","@id":"https:\/\/kompressorikeskus.fi\/#\/schema\/logo\/image\/","url":"https:\/\/kompressorikeskus.fi\/wp-content\/uploads\/2025\/12\/kompressorikeskus-scaled.jpg","contentUrl":"https:\/\/kompressorikeskus.fi\/wp-content\/uploads\/2025\/12\/kompressorikeskus-scaled.jpg","width":2560,"height":1280,"caption":"Kompressorikeskus"},"image":{"@id":"https:\/\/kompressorikeskus.fi\/#\/schema\/logo\/image\/"}}]}},"_links":{"self":[{"href":"https:\/\/kompressorikeskus.fi\/index.php?rest_route=\/wp\/v2\/pages\/127","targetHints":{"allow":["GET"]}}],"collection":[{"href":"https:\/\/kompressorikeskus.fi\/index.php?rest_route=\/wp\/v2\/pages"}],"about":[{"href":"https:\/\/kompressorikeskus.fi\/index.php?rest_route=\/wp\/v2\/types\/page"}],"author":[{"embeddable":true,"href":"https:\/\/kompressorikeskus.fi\/index.php?rest_route=\/wp\/v2\/users\/2"}],"replies":[{"embeddable":true,"href":"https:\/\/kompressorikeskus.fi\/index.php?rest_route=%2Fwp%2Fv2%2Fcomments&post=127"}],"version-history":[{"count":4,"href":"https:\/\/kompressorikeskus.fi\/index.php?rest_route=\/wp\/v2\/pages\/127\/revisions"}],"predecessor-version":[{"id":270,"href":"https:\/\/kompressorikeskus.fi\/index.php?rest_route=\/wp\/v2\/pages\/127\/revisions\/270"}],"wp:attachment":[{"href":"https:\/\/kompressorikeskus.fi\/index.php?rest_route=%2Fwp%2Fv2%2Fmedia&parent=127"}],"curies":[{"name":"wp","href":"https:\/\/api.w.org\/{rel}","templated":true}]}}